{"id":66,"date":"2022-06-04T15:51:34","date_gmt":"2022-06-04T13:51:34","guid":{"rendered":"https:\/\/wordpress.nibis.de\/stsghrlg\/?page_id=66"},"modified":"2024-12-10T22:08:02","modified_gmt":"2024-12-10T21:08:02","slug":"zusatzqualifikationen","status":"publish","type":"page","link":"https:\/\/wordpress.nibis.de\/stsghrlg\/zusatzqualifikationen\/","title":{"rendered":"Zusatzqualifikationen"},"content":{"rendered":"\n<p>Das L\u00fcneburger Studienseminar bietet Ihnen zurzeit drei Zusatzqualifikationen zu folgenden Themen an:<\/p>\n\n\n\n<ul class=\"wp-block-list\"><li><strong>Deutsch als Zweitsprache,<\/strong><\/li><li><strong>Musisch-kulturelle Bildung,<\/strong><\/li><li><strong>Informations- und Kommunikationstechnologie \/ Medienkompetenz.<\/strong><\/li><\/ul>\n\n\n\n<p>Die freiwillige Teilnahme zielt auf fach\u00fcbergreifende Qualifizierung, ist daher fachunabh\u00e4ngig und steht somit allen offen.<\/p>\n\n\n\n<p>Sie erfolgt in einem Semester Ihrer Wahl und erfordert &#8211; neben der regul\u00e4ren Ausbildung &#8211; die Teilnahme an Veranstaltungen im Umfang von 20 Stunden sowie ein abschlie\u00dfendes Kolloquium.<\/p>\n\n\n\n<p>Der erfolgreiche Abschluss wird mit einem Zertifikat best\u00e4tigt.<\/p>\n\n\n\n<p>Das Zertifikat hat keine zus\u00e4tzliche Fachlehrbef\u00e4higung zur Folge und ist formell nicht bewerbungsrelevant. Neben Ihrem eigenen Kompetenzgewinn kann es bei k\u00fcnftigen Bewerbungsgespr\u00e4chen aufgrund seiner landesweiten Anerkennung aber durchaus von Vorteil sein.<\/p>\n\n\n\n<p>\u2192 <strong><a href=\"https:\/\/wordpress.nibis.de\/stsghrlg\/deutsch-als-zweitsprache\/\">DaZ<\/a><\/strong><\/p>\n\n\n\n<p>\u2192 <strong><a href=\"https:\/\/wordpress.nibis.de\/stsghrlg\/musisch-kulturelle-bildung\/\">Musisch-kulturelle Bildung<\/a><\/strong><\/p>\n\n\n\n<p>\u2192 <strong><a href=\"https:\/\/wordpress.nibis.de\/stsghrlg\/iuk-medienkompetenz\/\">IuK \/ Medienkompetenz<\/a><\/strong><\/p>\n","protected":false},"excerpt":{"rendered":"<p>Das L\u00fcneburger Studienseminar bietet Ihnen zurzeit drei Zusatzqualifikationen zu folgenden Themen an: Deutsch als Zweitsprache, Musisch-kulturelle Bildung, Informations- und Kommunikationstechnologie \/ Medienkompetenz. Die freiwillige Teilnahme zielt auf fach\u00fcbergreifende Qualifizierung, ist <a class=\"more-link\" href=\"https:\/\/wordpress.nibis.de\/stsghrlg\/zusatzqualifikationen\/\">weiter lesen \u2192<\/a><\/p>\n","protected":false},"author":9194005,"featured_media":0,"parent":0,"menu_order":0,"comment_status":"closed","ping_status":"closed","template":"","meta":{"footnotes":""},"class_list":["post-66","page","type-page","status-publish","hentry"],"_links":{"self":[{"href":"https:\/\/wordpress.nibis.de\/stsghrlg\/wp-json\/wp\/v2\/pages\/66","targetHints":{"allow":["GET"]}}],"collection":[{"href":"https:\/\/wordpress.nibis.de\/stsghrlg\/wp-json\/wp\/v2\/pages"}],"about":[{"href":"https:\/\/wordpress.nibis.de\/stsghrlg\/wp-json\/wp\/v2\/types\/page"}],"author":[{"embeddable":true,"href":"https:\/\/wordpress.nibis.de\/stsghrlg\/wp-json\/wp\/v2\/users\/9194005"}],"replies":[{"embeddable":true,"href":"https:\/\/wordpress.nibis.de\/stsghrlg\/wp-json\/wp\/v2\/comments?post=66"}],"version-history":[{"count":6,"href":"https:\/\/wordpress.nibis.de\/stsghrlg\/wp-json\/wp\/v2\/pages\/66\/revisions"}],"predecessor-version":[{"id":855,"href":"https:\/\/wordpress.nibis.de\/stsghrlg\/wp-json\/wp\/v2\/pages\/66\/revisions\/855"}],"wp:attachment":[{"href":"https:\/\/wordpress.nibis.de\/stsghrlg\/wp-json\/wp\/v2\/media?parent=66"}],"curies":[{"name":"wp","href":"https:\/\/api.w.org\/{rel}","templated":true}]}}