{"id":68,"date":"2022-06-04T15:51:34","date_gmt":"2022-06-04T13:51:34","guid":{"rendered":"https:\/\/wordpress.nibis.de\/stsghrlg\/?page_id=68"},"modified":"2024-12-11T20:44:30","modified_gmt":"2024-12-11T19:44:30","slug":"zuweisungsverfahren","status":"publish","type":"page","link":"https:\/\/wordpress.nibis.de\/stsghrlg\/zuweisungsverfahren\/","title":{"rendered":"Zuweisungsverfahren"},"content":{"rendered":"\n<p><strong>DIE ZUWEISUNG AN EINE AUSBILDUNGSSCHULE<\/strong><\/p>\n\n\n\n<p>Sobald uns vom Regionalen Landesamt f\u00fcr Schule und Bildung (RLSB) in Braunschweig die Mitteilung erreicht, dass Sie einen Ausbildungsplatz an unserem Studienseminar erhalten haben und Sie seine Annahme auch uns gegen\u00fcber best\u00e4tigt haben, suchen wir f\u00fcr Sie eine geeignete Ausbildungsschule. Die Zuweisung erfolgt durch die Studienseminarleitung.<\/p>\n\n\n\n<p>Geeignet sind Schulen, die Ihre Betreuung durch Lehrkr\u00e4fte in Ihren F\u00e4chern gew\u00e4hrleisten k\u00f6nnen und \u00fcber ausbildungsf\u00f6rderliche Rahmenbedingungen verf\u00fcgen (z.B. Fachr\u00e4ume).<\/p>\n\n\n\n<p>Ob eine Schule Sie aufnehmen kann, h\u00e4ngt zudem davon ab, ob und wie viele Anw\u00e4rter*innen dort bereits in Ausbildung sind. Schlie\u00dflich kl\u00e4ren wir in Zusammenarbeit mit dem RLSB L\u00fcneburg, ob die Unterrichtsversorgung der Schule eine Aufnahme zul\u00e4sst.<\/p>\n\n\n\n<div class=\"wp-block-columns is-layout-flex wp-container-core-columns-is-layout-abceabcf wp-block-columns-is-layout-flex\">\n<div class=\"wp-block-column is-layout-flow wp-block-column-is-layout-flow\" style=\"--col-width:100%;flex-basis:100%\">\n<div class=\"wp-block-group\"><div class=\"wp-block-group__inner-container is-layout-flow wp-block-group-is-layout-flow\">\n<figure class=\"wp-block-table alignleft\"><table><tbody><tr><td class=\"has-text-align-center\" data-align=\"center\"><br><img loading=\"lazy\" decoding=\"async\" width=\"421\" height=\"286\" class=\"wp-image-204\" style=\"width: 450px\" src=\"https:\/\/wordpress.nibis.de\/stsghrlg\/files\/2022\/06\/Einzugsgebiet.jpg\" alt=\"\" srcset=\"https:\/\/wordpress.nibis.de\/stsghrlg\/files\/2022\/06\/Einzugsgebiet.jpg 421w, https:\/\/wordpress.nibis.de\/stsghrlg\/files\/2022\/06\/Einzugsgebiet-300x204.jpg 300w\" sizes=\"auto, (max-width: 421px) 100vw, 421px\" \/><\/td><td>Unser Einzugsgebiet erstreckt sich \u00fcber die Hansestadt und den Landkreis L\u00fcneburg sowie die Landkreise L\u00fcchow-Dannenberg und Uelzen.<br>Im Sinne einer aktiven Ausbildungsregion liegt es in unserem Interesse, m\u00f6glichst viele Schulen in unserem Einzugsgebiet an der Ausbildung zu beteiligen.<\/td><\/tr><\/tbody><\/table><\/figure>\n<\/div><\/div>\n<\/div>\n<\/div>\n\n\n\n<p>Um Ihre Interessen bez\u00fcglich <em>Seminarort &#8211; Schulort &#8211; Wohnort<\/em> ber\u00fccksichtigen zu k\u00f6nnen, schreiben wir Sie vor der Zuweisung an mit der Bitte, uns eventuelle Gr\u00fcnde f\u00fcr eine &nbsp;Zuweisung an eine bestimmte Schule (z.B. bisherige T\u00e4tigkeiten an dieser Schule) oder f\u00fcr einen wohnortnahen Einsatz (Betreuung Ihrer Kinder oder ein Ehrenamt am Ort) mitzuteilen.<\/p>\n\n\n\n<p>Gegebenenfalls suchen Frau Rothe (Zuweisung an Schulen mit Haupt- und Realschullehramt) und Herr Runge (Zuweisung an Grundschulen) hierzu das pers\u00f6nliche Gespr\u00e4ch mit Ihnen bzw. stehen als Ansprechpartner*innen zur Verf\u00fcgung.<\/p>\n\n\n\n<p>Sollten Sie f\u00fcr Ihren Vorbereitungsdienst in die Region umziehen wollen, kann es sinnvoll sein, sich bei der Wohnortwahl eher am Schulort zu orientieren, als am Seminarstandort. In diesem Fall sollten wir fr\u00fchzeitig miteinander sprechen.<\/p>\n\n\n\n<p>Die Mitteilung, welcher Ausbildungsschule Sie zugewiesen wurden, erfolgt in der Regel etwa vier bis sechs Wochen vor Beginn Ihres Vorbereitungsdienstes. In Einzelf\u00e4llen kann sie deutlich kurzfristiger erfolgen.<\/p>\n\n\n\n<p><strong>\u2192 <a href=\"https:\/\/wordpress.nibis.de\/stsghrlg\/ausbildungsschulen\/\">AUSBILDUNGSSCHULEN <\/a><\/strong>&nbsp;<\/p>\n","protected":false},"excerpt":{"rendered":"<p>DIE ZUWEISUNG AN EINE AUSBILDUNGSSCHULE Sobald uns vom Regionalen Landesamt f\u00fcr Schule und Bildung (RLSB) in Braunschweig die Mitteilung erreicht, dass Sie einen Ausbildungsplatz an unserem Studienseminar erhalten haben und <a class=\"more-link\" href=\"https:\/\/wordpress.nibis.de\/stsghrlg\/zuweisungsverfahren\/\">weiter lesen \u2192<\/a><\/p>\n","protected":false},"author":9194005,"featured_media":0,"parent":0,"menu_order":0,"comment_status":"closed","ping_status":"closed","template":"","meta":{"footnotes":""},"class_list":["post-68","page","type-page","status-publish","hentry"],"_links":{"self":[{"href":"https:\/\/wordpress.nibis.de\/stsghrlg\/wp-json\/wp\/v2\/pages\/68","targetHints":{"allow":["GET"]}}],"collection":[{"href":"https:\/\/wordpress.nibis.de\/stsghrlg\/wp-json\/wp\/v2\/pages"}],"about":[{"href":"https:\/\/wordpress.nibis.de\/stsghrlg\/wp-json\/wp\/v2\/types\/page"}],"author":[{"embeddable":true,"href":"https:\/\/wordpress.nibis.de\/stsghrlg\/wp-json\/wp\/v2\/users\/9194005"}],"replies":[{"embeddable":true,"href":"https:\/\/wordpress.nibis.de\/stsghrlg\/wp-json\/wp\/v2\/comments?post=68"}],"version-history":[{"count":17,"href":"https:\/\/wordpress.nibis.de\/stsghrlg\/wp-json\/wp\/v2\/pages\/68\/revisions"}],"predecessor-version":[{"id":954,"href":"https:\/\/wordpress.nibis.de\/stsghrlg\/wp-json\/wp\/v2\/pages\/68\/revisions\/954"}],"wp:attachment":[{"href":"https:\/\/wordpress.nibis.de\/stsghrlg\/wp-json\/wp\/v2\/media?parent=68"}],"curies":[{"name":"wp","href":"https:\/\/api.w.org\/{rel}","templated":true}]}}