{"id":69,"date":"2022-06-04T15:51:34","date_gmt":"2022-06-04T13:51:34","guid":{"rendered":"https:\/\/wordpress.nibis.de\/stsghrlg\/?page_id=69"},"modified":"2024-12-12T19:43:13","modified_gmt":"2024-12-12T18:43:13","slug":"ausbildungsschulen","status":"publish","type":"page","link":"https:\/\/wordpress.nibis.de\/stsghrlg\/ausbildungsschulen\/","title":{"rendered":"Ausbildungsschulen"},"content":{"rendered":"\n<p>Ein wichtiger Teil der praktischen Ausbildung im Vorbereitungsdienst erfolgt an den Ausbildungsschulen. Hier werden Sie von erfahrenen, engagierten Fachlehrkr\u00e4ften und Schulleitungen im Schulalltag begleitet und unterst\u00fctzt. Im Gegenzug erwartet man von Ihnen Lernbereitschaft, Engagement, Kollegialit\u00e4t und zunehmende Eigenst\u00e4ndigkeit.<\/p>\n\n\n\n<p>Im Interesse einer praxisorientierten Ausbildungspartnerschaft liegt uns viel an einer guten &nbsp;Zusammenarbeit mit unseren Ausbildungsschulen. Dazu stehen wir &#8211; grunds\u00e4tzlich oder anlassbezogen &#8211; in engem Austausch.<\/p>\n\n\n\n<p>Hier finden Sie eine \u00dcbersicht \u00fcber unsere Ausbildungsschulen, alphabetisch geordnet nach dem Schulort. Sie kann keinen Anspruch auf Vollst\u00e4ndigkeit erheben und die Aktualit\u00e4t der Links nicht durchg\u00e4ngig gew\u00e4hrleisten. Sie dient zudem ausschlie\u00dflich Ihrer Orientierung und Erstinformation. Eine Kontaktaufnahme hat grunds\u00e4tzlich keinen Einfluss auf das Zuweisungsverfahren.<\/p>\n\n\n\n<p><strong>\u2192 <\/strong><a href=\"https:\/\/wordpress.nibis.de\/stsghrlg\/grundschulen\/\"><strong>Grundschulen<\/strong><\/a><\/p>\n\n\n\n<p><strong>\u2192 <\/strong><a href=\"https:\/\/wordpress.nibis.de\/stsghrlg\/sek-i-schulen\/\"><strong>Schulen mit Haupt- und Realschullehramt<\/strong><\/a><\/p>\n","protected":false},"excerpt":{"rendered":"<p>Ein wichtiger Teil der praktischen Ausbildung im Vorbereitungsdienst erfolgt an den Ausbildungsschulen. Hier werden Sie von erfahrenen, engagierten Fachlehrkr\u00e4ften und Schulleitungen im Schulalltag begleitet und unterst\u00fctzt. Im Gegenzug erwartet man <a class=\"more-link\" href=\"https:\/\/wordpress.nibis.de\/stsghrlg\/ausbildungsschulen\/\">weiter lesen \u2192<\/a><\/p>\n","protected":false},"author":9194005,"featured_media":0,"parent":0,"menu_order":0,"comment_status":"closed","ping_status":"closed","template":"","meta":{"footnotes":""},"class_list":["post-69","page","type-page","status-publish","hentry"],"_links":{"self":[{"href":"https:\/\/wordpress.nibis.de\/stsghrlg\/wp-json\/wp\/v2\/pages\/69","targetHints":{"allow":["GET"]}}],"collection":[{"href":"https:\/\/wordpress.nibis.de\/stsghrlg\/wp-json\/wp\/v2\/pages"}],"about":[{"href":"https:\/\/wordpress.nibis.de\/stsghrlg\/wp-json\/wp\/v2\/types\/page"}],"author":[{"embeddable":true,"href":"https:\/\/wordpress.nibis.de\/stsghrlg\/wp-json\/wp\/v2\/users\/9194005"}],"replies":[{"embeddable":true,"href":"https:\/\/wordpress.nibis.de\/stsghrlg\/wp-json\/wp\/v2\/comments?post=69"}],"version-history":[{"count":8,"href":"https:\/\/wordpress.nibis.de\/stsghrlg\/wp-json\/wp\/v2\/pages\/69\/revisions"}],"predecessor-version":[{"id":995,"href":"https:\/\/wordpress.nibis.de\/stsghrlg\/wp-json\/wp\/v2\/pages\/69\/revisions\/995"}],"wp:attachment":[{"href":"https:\/\/wordpress.nibis.de\/stsghrlg\/wp-json\/wp\/v2\/media?parent=69"}],"curies":[{"name":"wp","href":"https:\/\/api.w.org\/{rel}","templated":true}]}}