{"id":722,"date":"2022-10-13T11:30:59","date_gmt":"2022-10-13T09:30:59","guid":{"rendered":"https:\/\/wordpress.nibis.de\/stsghrlg\/?page_id=722"},"modified":"2024-12-11T21:30:21","modified_gmt":"2024-12-11T20:30:21","slug":"allgemeine-informationen","status":"publish","type":"page","link":"https:\/\/wordpress.nibis.de\/stsghrlg\/allgemeine-informationen\/","title":{"rendered":"Allgemeine Informationen"},"content":{"rendered":"\n<p>Neben der Unterrichtspraxis an Ihrer Ausbildungsschule erfolgt die Seminarausbildung in unseren <strong>Seminarveranstaltungen<\/strong> und durch <strong>Unterrichtsberatung<\/strong>.<\/p>\n\n\n\n<p>Die Arbeit in den Seminarveranstaltungen ist gepr\u00e4gt durch folgende Prinzipien:<\/p>\n\n\n\n<ul class=\"wp-block-list\"><li><strong>Theorie-Praxis-Verkn\u00fcpfung<\/strong><br>In Ankn\u00fcpfung an Ihre w\u00e4hrend des Studiums erworbenen Kompetenzen werden relevante Berufsanforderungen praxisorientiert thematisiert und l\u00f6sungsorientiert bearbeitet.<\/li><li><strong>Vollst\u00e4ndige Handlung<\/strong><br>Schwerpunkte der Seminararbeit werden in Mitschauen erprobt und im Seminar reflektiert.<\/li><li><strong>Fallbeispielorientierung<\/strong><br>Die Arbeit an konkreten, alltagsbezogenen Fallbeispielen gew\u00e4hrleistet einen engen Bezug zur schulischen Praxis.<\/li><li><strong>Doppeldecker<\/strong><br>Neben den spezifischen Methoden der Erwachsenenbildung greifen wir, wo immer es sinnvoll ist, auf Methoden zur\u00fcck, die auf Ihre schulische Praxis \u00fcbertragbar sind.<\/li><li><strong>Teilnehmerorientierung<\/strong><br>Neben der Verbindlichkeit unserer Lehrpl\u00e4ne erwarten wir Ihre aktive Mitgestaltung. Sie k\u00f6nnen sowohl an Themen arbeiten, die Sie besonders interessieren oder die Sie w\u00e4hrend Ihres Studiums vermisst haben, als auch die Seminararbeit durch eigene Beitr\u00e4ge bereichern.<\/li><li><strong>Unterrichtsberatung<\/strong><br>Um Ihre Ausbildung m\u00f6glichst praxisbezogen und konkret zu gestalten, besuchen Ihre beiden Fachseminarleitungen Sie jeweils vier Mal im Unterricht, Ihre P\u00e4dagogikseminarleitung drei Mal. Zwei weitere Unterrichtsstunden werden von Ihrer P\u00e4dagogikseminarleitung und der jeweiligen Fachseminarleitung gemeinsam beraten. Die Beratung erfolgt nach transparenten Kriterien und gemeinsam vereinbarten Schwerpunkten mit dem Ziel, Sie in Ihrer Kompetenzentwicklung wirksam zu unterst\u00fctzen. Hierauf bereiten wir Sie sukzessive vor. Eine Bewertung einzelner Stunden erfolgt nicht. Erst gegen Ende Ihrer Ausbildung wird der zu diesem Zeitpunkt von Ihnen erreichte Ausbildungsstand durch Ihre Ausbilderinnen und Ausbildern sowie Ihre Schulleitung mit einer Note beurteilt und in der Ausbildungsnote zusammengefasst.<\/li><\/ul>\n\n\n\n<p><br><br><br><\/p>\n","protected":false},"excerpt":{"rendered":"<p>Neben der Unterrichtspraxis an Ihrer Ausbildungsschule erfolgt die Seminarausbildung in unseren Seminarveranstaltungen und durch Unterrichtsberatung. Die Arbeit in den Seminarveranstaltungen ist gepr\u00e4gt durch folgende Prinzipien: Theorie-Praxis-Verkn\u00fcpfungIn Ankn\u00fcpfung an Ihre w\u00e4hrend <a class=\"more-link\" href=\"https:\/\/wordpress.nibis.de\/stsghrlg\/allgemeine-informationen\/\">weiter lesen \u2192<\/a><\/p>\n","protected":false},"author":9194005,"featured_media":0,"parent":0,"menu_order":0,"comment_status":"closed","ping_status":"closed","template":"","meta":{"footnotes":""},"class_list":["post-722","page","type-page","status-publish","hentry"],"_links":{"self":[{"href":"https:\/\/wordpress.nibis.de\/stsghrlg\/wp-json\/wp\/v2\/pages\/722","targetHints":{"allow":["GET"]}}],"collection":[{"href":"https:\/\/wordpress.nibis.de\/stsghrlg\/wp-json\/wp\/v2\/pages"}],"about":[{"href":"https:\/\/wordpress.nibis.de\/stsghrlg\/wp-json\/wp\/v2\/types\/page"}],"author":[{"embeddable":true,"href":"https:\/\/wordpress.nibis.de\/stsghrlg\/wp-json\/wp\/v2\/users\/9194005"}],"replies":[{"embeddable":true,"href":"https:\/\/wordpress.nibis.de\/stsghrlg\/wp-json\/wp\/v2\/comments?post=722"}],"version-history":[{"count":8,"href":"https:\/\/wordpress.nibis.de\/stsghrlg\/wp-json\/wp\/v2\/pages\/722\/revisions"}],"predecessor-version":[{"id":977,"href":"https:\/\/wordpress.nibis.de\/stsghrlg\/wp-json\/wp\/v2\/pages\/722\/revisions\/977"}],"wp:attachment":[{"href":"https:\/\/wordpress.nibis.de\/stsghrlg\/wp-json\/wp\/v2\/media?parent=722"}],"curies":[{"name":"wp","href":"https:\/\/api.w.org\/{rel}","templated":true}]}}