{"id":101,"date":"2019-04-15T14:50:39","date_gmt":"2019-04-15T12:50:39","guid":{"rendered":"https:\/\/wordpress.nibis.de\/stsghrver\/?page_id=101"},"modified":"2026-02-27T10:50:48","modified_gmt":"2026-02-27T09:50:48","slug":"auszubildendenpersonalrat","status":"publish","type":"page","link":"https:\/\/wordpress.nibis.de\/stsghrver\/auszubildendenpersonalrat\/","title":{"rendered":"Personalrat"},"content":{"rendered":"\n<h2 class=\"wp-block-heading\">f\u00fcr Anw\u00e4rterinnen und Anw\u00e4rter<\/h2>\n\n\n\n<p class=\"has-text-align-center\"><strong>p&#101;&#114;&#115;&#x6f;&#x6e;&#x61;lr&#97;&#116;&#x2e;&#x6c;&#x69;&#x76;d&#46;&#103;&#104;&#x72;&#x40;&#x73;&#x74;s&#45;&#118;&#101;&#x72;&#x2e;&#x64;e<\/strong> <\/p>\n\n\n\n<p class=\"has-text-align-center\"><strong><em>Sprecht uns an!<\/em>&nbsp; <\/strong><\/p>\n\n\n\n<p><img loading=\"lazy\" decoding=\"async\" class=\"wp-image-1060 aligncenter\" src=\"https:\/\/wordpress.nibis.de\/stsghrver\/files\/2025\/08\/Personalrat-Symbol.png\" alt=\"\" width=\"296\" height=\"57\"><\/p>\n\n\n\n<figure class=\"wp-block-table\"><table><tbody><tr><td><strong>Jana Eileen Benike<\/strong><br>Schule: Grundschule Jahnschule Verden<br>Seminare: P\u00e4dagogik 6, Deutsch 1, Mathematik 3<\/td><\/tr><tr><td><strong>Esther Buchhop<\/strong><br>Schule: Grundschule Vorbr\u00fcck (Walsrode)<br>Seminare: P\u00e4dagogik 7, Deutsch 1, Sachunterricht 2<\/td><\/tr><tr><td><strong>Kaya-Marie M\u00fcller<\/strong><br>Schule: Gudewill-Schule, Oberschule Thedinghausen<br>Seminare: P\u00e4dagogik 1, Englisch, Textiles Gestalten<\/td><\/tr><tr><td><strong>Wiebke Otten<\/strong><br>Schule: Schule an der Wieste, Oberschule Sottrum<br>Seminare: P\u00e4dagogik 1, Mathematik 2, ev. Religion<\/td><\/tr><tr><td><strong>Rika Rehling<\/strong><br>Schule: Lernhaus im Campus, Oberschule Osterholz-Scharmbeck<br>Seminare: P\u00e4dagogik 1, Chemie, Englisch<\/td><\/tr><\/tbody><\/table><\/figure>\n\n\n\n\n\n\n","protected":false},"excerpt":{"rendered":"<p>f\u00fcr Anw\u00e4rterinnen und Anw\u00e4rter pers&#111;&#110;&#97;&#108;&#114;&#97;&#116;&#x2e;&#x6c;&#x69;&#x76;&#x64;&#x2e;&#x67;&#x68;&#x72;&#64;sts&#45;&#118;&#101;&#114;&#46;&#100;&#101; Sprecht uns an!&nbsp; Jana Eileen BenikeSchule: Grundschule Jahnschule VerdenSeminare: P\u00e4dagogik 6, Deutsch 1, Mathematik 3 Esther BuchhopSchule: Grundschule Vorbr\u00fcck (Walsrode)Seminare: P\u00e4dagogik 7, Deutsch 1, Sachunterricht 2 Kaya-Marie M\u00fcllerSchule: Gudewill-Schule, Oberschule ThedinghausenSeminare: P\u00e4dagogik 1, Englisch, Textiles Gestalten Wiebke OttenSchule: Schule an der Wieste, Oberschule SottrumSeminare: P\u00e4dagogik 1, Mathematik 2, ev. Religion [&hellip;]<\/p>\n","protected":false},"author":9192830,"featured_media":0,"parent":0,"menu_order":0,"comment_status":"closed","ping_status":"closed","template":"","meta":{"footnotes":""},"class_list":["post-101","page","type-page","status-publish","hentry"],"_links":{"self":[{"href":"https:\/\/wordpress.nibis.de\/stsghrver\/wp-json\/wp\/v2\/pages\/101","targetHints":{"allow":["GET"]}}],"collection":[{"href":"https:\/\/wordpress.nibis.de\/stsghrver\/wp-json\/wp\/v2\/pages"}],"about":[{"href":"https:\/\/wordpress.nibis.de\/stsghrver\/wp-json\/wp\/v2\/types\/page"}],"author":[{"embeddable":true,"href":"https:\/\/wordpress.nibis.de\/stsghrver\/wp-json\/wp\/v2\/users\/9192830"}],"replies":[{"embeddable":true,"href":"https:\/\/wordpress.nibis.de\/stsghrver\/wp-json\/wp\/v2\/comments?post=101"}],"version-history":[{"count":40,"href":"https:\/\/wordpress.nibis.de\/stsghrver\/wp-json\/wp\/v2\/pages\/101\/revisions"}],"predecessor-version":[{"id":1196,"href":"https:\/\/wordpress.nibis.de\/stsghrver\/wp-json\/wp\/v2\/pages\/101\/revisions\/1196"}],"wp:attachment":[{"href":"https:\/\/wordpress.nibis.de\/stsghrver\/wp-json\/wp\/v2\/media?parent=101"}],"curies":[{"name":"wp","href":"https:\/\/api.w.org\/{rel}","templated":true}]}}