{"id":108,"date":"2019-04-15T15:12:46","date_gmt":"2019-04-15T13:12:46","guid":{"rendered":"https:\/\/wordpress.nibis.de\/stsghrver\/?page_id=108"},"modified":"2024-10-01T09:08:18","modified_gmt":"2024-10-01T07:08:18","slug":"bibliothek","status":"publish","type":"page","link":"https:\/\/wordpress.nibis.de\/stsghrver\/bibliothek\/","title":{"rendered":"Bibliothek"},"content":{"rendered":"\n<p>In unserer Bibliothek sind die Zeitschriften, Fachb\u00fccher, Schulb\u00fccher und Medien nach Fachbereichen geordnet und katalogisiert.  <br>Recherchen und Reservierungen sind in <a href=\"https:\/\/sts-ver.de\/iserv\/mlibrary\/bibliothek.studienseminar.verden\/\">IServ Bibliothek Studienseminar Verden<\/a>  online m\u00f6glich. Die Ausleihe erfolgt vor Ort und ist kostenlos.<br>Die Leihfrist betr\u00e4gt vier Wochen. Sie kann per E-Mail an die Verwaltung (<a href=\"&#x6d;&#x61;&#105;&#108;to&#x3a;&#x62;&#x69;&#98;li&#x6f;&#x74;&#x68;&#101;&#107;&#46;&#x73;&#x74;&#x75;&#100;&#105;e&#x6e;&#x73;&#x65;&#109;&#105;na&#x72;&#x2e;&#x76;&#101;rd&#x65;&#x6e;&#x40;&#115;&#116;s&#x2d;&#x76;&#x65;&#114;&#46;d&#x65;\">&#x62;i&#x62;l&#x69;&#111;&#x74;&#104;e&#x6b;&#46;&#x73;&#116;&#x75;&#100;&#x69;&#101;n&#x73;e&#x6d;&#105;&#x6e;&#97;&#x72;&#x2e;v&#x65;r&#x64;&#101;&#x6e;&#64;s&#x74;s&#x2d;&#118;&#x65;&#114;&#x2e;&#100;e<\/a>) um weitere  vier Wochen verl\u00e4ngert werden, wenn keine Reservierung vorliegt. <br>Bitte beachten Sie die Benutzerordnung, die in der Bibliothek aush\u00e4ngt.  <br><br>\u00d6ffnungs- und Ausleihzeiten sind in der Regel an unseren Seminartagen und auch nach Vereinbarung. <\/p>\n\n\n\n<p><img loading=\"lazy\" decoding=\"async\" class=\"alignnone size-medium wp-image-809\" src=\"https:\/\/wordpress.nibis.de\/stsghrver\/files\/2024\/10\/20241001_084716-2-850x478.jpg\" alt=\"\" width=\"850\" height=\"478\" srcset=\"https:\/\/wordpress.nibis.de\/stsghrver\/files\/2024\/10\/20241001_084716-2-850x478.jpg 850w, https:\/\/wordpress.nibis.de\/stsghrver\/files\/2024\/10\/20241001_084716-2-1200x675.jpg 1200w, https:\/\/wordpress.nibis.de\/stsghrver\/files\/2024\/10\/20241001_084716-2-250x141.jpg 250w\" sizes=\"auto, (max-width: 850px) 100vw, 850px\" \/><\/p>\n","protected":false},"excerpt":{"rendered":"<p>In unserer Bibliothek sind die Zeitschriften, Fachb\u00fccher, Schulb\u00fccher und Medien nach Fachbereichen geordnet und katalogisiert. Recherchen und Reservierungen sind in IServ Bibliothek Studienseminar Verden online m\u00f6glich. Die Ausleihe erfolgt vor Ort und ist kostenlos.Die Leihfrist betr\u00e4gt vier Wochen. Sie kann per E-Mail an die Verwaltung (&#x62;&#105;&#x62;&#x6c;i&#x6f;&#116;h&#x65;&#107;&#46;&#x73;&#116;&#x75;&#x64;i&#x65;&#110;s&#x65;&#109;i&#x6e;&#97;&#x72;&#x2e;&#118;&#x65;&#x72;d&#x65;&#110;&#64;&#x73;&#116;s&#x2d;&#118;&#x65;&#x72;&#46;&#x64;&#101;) um weitere vier Wochen verl\u00e4ngert werden, wenn keine Reservierung [&hellip;]<\/p>\n","protected":false},"author":9192830,"featured_media":0,"parent":0,"menu_order":0,"comment_status":"closed","ping_status":"closed","template":"","meta":{"footnotes":""},"class_list":["post-108","page","type-page","status-publish","hentry"],"_links":{"self":[{"href":"https:\/\/wordpress.nibis.de\/stsghrver\/wp-json\/wp\/v2\/pages\/108","targetHints":{"allow":["GET"]}}],"collection":[{"href":"https:\/\/wordpress.nibis.de\/stsghrver\/wp-json\/wp\/v2\/pages"}],"about":[{"href":"https:\/\/wordpress.nibis.de\/stsghrver\/wp-json\/wp\/v2\/types\/page"}],"author":[{"embeddable":true,"href":"https:\/\/wordpress.nibis.de\/stsghrver\/wp-json\/wp\/v2\/users\/9192830"}],"replies":[{"embeddable":true,"href":"https:\/\/wordpress.nibis.de\/stsghrver\/wp-json\/wp\/v2\/comments?post=108"}],"version-history":[{"count":7,"href":"https:\/\/wordpress.nibis.de\/stsghrver\/wp-json\/wp\/v2\/pages\/108\/revisions"}],"predecessor-version":[{"id":815,"href":"https:\/\/wordpress.nibis.de\/stsghrver\/wp-json\/wp\/v2\/pages\/108\/revisions\/815"}],"wp:attachment":[{"href":"https:\/\/wordpress.nibis.de\/stsghrver\/wp-json\/wp\/v2\/media?parent=108"}],"curies":[{"name":"wp","href":"https:\/\/api.w.org\/{rel}","templated":true}]}}