{"id":121,"date":"2019-05-08T14:59:41","date_gmt":"2019-05-08T12:59:41","guid":{"rendered":"https:\/\/wordpress.nibis.de\/stsghrver\/?page_id=121"},"modified":"2025-09-02T15:00:43","modified_gmt":"2025-09-02T13:00:43","slug":"paedagogik","status":"publish","type":"page","link":"https:\/\/wordpress.nibis.de\/stsghrver\/paedagogik\/","title":{"rendered":"P\u00e4dagogik"},"content":{"rendered":"\n<p><strong>P\u00e4dagogik 1 <\/strong><\/p>\n\n\n\n<p>Oliver Steffens<\/p>\n\n\n\n<p>E-Mail: <a href=\"&#x6d;&#x61;&#x69;&#x6c;&#x74;&#x6f;&#x3a;&#x6f;&#x6c;&#x69;&#x76;&#101;&#114;&#46;&#115;&#116;&#101;&#102;fens&#64;s&#x74;&#x73;&#x2d;&#x76;&#x65;&#x72;&#x2e;&#x64;&#x65;\" data-type=\"mailto\" data-id=\"m&#97;&#x69;&#x6c;t&#111;&#58;&#x6f;&#x6c;i&#118;&#101;&#x72;&#x2e;s&#116;&#x65;&#x66;&#x66;e&#110;&#x73;&#x40;s&#116;&#115;&#x2d;&#x76;e&#114;&#46;&#x64;&#x65;\">&#x6f;&#x6c;&#x69;&#x76;&#x65;&#x72;&#x2e;&#x73;&#x74;&#x65;&#x66;&#x66;&#x65;&#x6e;&#x73;&#x40;&#x73;&#x74;&#x73;&#x2d;&#x76;&#x65;&#x72;&#x2e;&#x64;&#x65;<\/a><\/p>\n\n\n\n<p><strong>P\u00e4dagogik 2 <\/strong><\/p>\n\n\n\n<p>Nina Johswich<\/p>\n\n\n\n<p>E-Mail: <a href=\"&#x6e;&#x69;&#x6e;&#x61;&#46;&#106;&#111;&#104;swi&#x63;&#x68;&#x40;&#x73;&#x74;&#115;&#45;&#118;er&#46;&#x64;&#x65;\" data-type=\"URL\" data-id=\"&#x6e;&#105;&#x6e;&#x61;&#46;&#x6a;&#111;h&#x73;&#119;i&#x63;&#104;&#64;&#x73;&#116;s&#x2d;&#118;&#x65;&#x72;&#46;&#x64;&#x65;\">n&#105;&#110;&#x61;&#x2e;&#x6a;o&#104;&#115;&#x77;&#x69;&#x63;h&#64;&#115;&#x74;&#x73;&#x2d;ve&#114;&#46;&#x64;<\/a>e<\/p>\n\n\n\n<p><strong>P\u00e4dagogik 3 <\/strong><\/p>\n\n\n\n<p>Frauke R\u00fcdebusch<\/p>\n\n\n\n<p>E-Mail:<a href=\"&#102;&#x72;&#97;&#x75;&#107;&#x65;&#46;&#x72;u&#x65;d&#101;&#x62;&#117;&#x73;&#99;&#x68;&#64;&#x73;t&#x73;-&#x76;e&#114;&#x2e;&#100;&#x65;\" data-type=\"URL\" data-id=\"&#x66;r&#x61;&#117;&#x6b;&#101;&#46;&#x72;u&#x65;&#100;&#x65;&#98;u&#x73;&#99;&#x68;&#64;s&#x74;s&#x2d;&#118;&#x65;&#114;&#46;&#x64;e\"> f&#114;&#x61;&#x75;k&#101;&#x2e;&#x72;u&#101;&#x64;&#x65;b&#117;&#x73;&#x63;h&#64;&#x73;&#x74;s&#45;&#118;&#x65;&#x72;&#46;&#100;&#x65;<\/a><\/p>\n\n\n\n<p><strong>P\u00e4dagogik 4 <\/strong><\/p>\n\n\n\n<p>Kirsten Hanf<\/p>\n\n\n\n<p> E-Mail: <a href=\"&#x6b;&#x69;&#x72;&#115;&#116;en&#x2e;&#x68;&#x61;&#110;&#102;&#64;s&#x74;&#x73;&#x2d;&#118;&#101;r&#46;&#x64;&#x65;\">&#x6b;&#x69;&#114;&#115;te&#x6e;&#x2e;&#x68;&#97;nf&#x40;&#x73;&#x74;&#115;&#45;v&#x65;&#x72;&#x2e;&#100;&#101;<\/a><span style=\"color:#fff\" class=\"tadv-color\">ki<\/span><\/p>\n\n\n\n<p><strong>P\u00e4dagogik 5 <\/strong><\/p>\n\n\n\n<p>&nbsp;Marita\nHesselink-Gr\u00f6tzbach<\/p>\n\n\n\n<p>E-Mail: <a href=\"&#x6d;&#x61;&#105;&#108;t&#x6f;&#x3a;&#x6d;&#97;ri&#x74;&#x61;&#46;&#104;e&#x73;&#x73;&#x65;&#108;in&#x6b;&#x2d;&#103;&#114;o&#x65;&#x74;&#x7a;&#98;ac&#x68;&#x40;&#115;&#116;s&#x2d;&#x76;&#x65;&#114;&#46;d&#x65;\" data-type=\"mailto\" data-id=\"mail&#116;&#111;&#58;&#109;&#97;&#x72;&#x69;&#x74;&#x61;&#x2e;&#x68;&#x65;ssel&#105;&#110;&#107;&#45;&#103;&#x72;&#x6f;&#x65;&#x74;&#x7a;&#x62;&#x61;&#x63;h&#64;st&#115;&#45;&#118;&#101;&#114;&#x2e;&#x64;&#x65;\">&#109;&#x61;&#114;&#x69;t&#97;&#x2e;&#104;&#x65;s&#x73;e&#108;&#x69;&#110;&#x6b;-&#x67;&#x72;&#111;&#x65;t&#x7a;b&#97;&#x63;&#104;&#x40;s&#x74;s&#45;&#x76;&#101;&#x72;&#46;&#100;&#x65;<\/a><\/p>\n\n\n\n<p><strong>P\u00e4dagogik 6 <\/strong><\/p>\n\n\n\n<p>&nbsp;Anja Cohrs<\/p>\n\n\n\n<p>E-Mail: <a href=\"&#109;&#x61;&#105;&#x6c;&#116;&#x6f;&#58;&#x61;n&#x6a;a&#x2e;c&#x6f;h&#114;&#x73;&#64;&#x73;&#116;&#x73;&#45;&#x76;&#101;&#x72;&#46;&#x64;e\" data-type=\"mailto\" data-id=\"&#x6d;a&#x69;&#108;&#x74;&#111;&#x3a;&#x61;n&#x6a;&#97;&#x2e;&#99;&#x6f;&#104;r&#x73;&#64;&#x73;&#116;&#x73;&#45;v&#x65;&#114;&#x2e;&#100;&#x65;\">anja&#46;c&#111;&#104;&#114;&#115;&#64;&#115;&#116;&#x73;&#x2d;&#x76;&#x65;&#x72;&#x2e;&#x64;&#x65;<\/a><\/p>\n\n\n\n<p><strong>P\u00e4dagogik 7<\/strong><\/p>\n\n\n\n<p>Ingrid Middleton<\/p>\n\n\n\n<p>E-Mail: <a href=\"&#109;&#x61;i&#108;&#x74;o&#58;&#x69;n&#103;&#x72;i&#100;&#x2e;m&#105;&#x64;d&#108;&#x65;t&#111;&#x6e;&#64;&#115;&#x74;s&#45;&#x76;e&#114;&#x2e;d&#x65;\">&#105;n&#x67;r&#x69;d&#x2e;m&#x69;&#100;&#x64;&#108;&#x65;&#116;&#x6f;&#110;&#64;&#115;t&#x73;-&#x76;e&#x72;&#46;&#x64;&#101;<\/a><\/p>\n\n\n\n<p><strong>Vorstellung der\nP\u00e4dagogikseminare<\/strong>:<\/p>\n\n\n\n<p>Wir arbeiten in den p\u00e4dagogischen Seminaren zu den in der\nAPVO- Lehr genannten f\u00fcnf Kompetenzbereichen sowie zu den dort beschriebenen\nBasiskompetenzen.<\/p>\n\n\n\n<p>In den Einf\u00fchrungstagen Ihres Vorbereitungsdienstes bereiten wir Sie auf die Erteilung von eigenverantwortlichem Unterricht vor und informieren Sie \u00fcber den Ablauf der Ausbildung sowie der Staatspr\u00fcfung.<\/p>\n\n\n\n<p>Zwei Mal im Jahr gestalten wir P\u00e4dagogische Tage, an denen\nwir Ihnen verschiedene Module zu einem inhaltlichen Schwerpunkt anbieten.<\/p>\n\n\n\n<p>Im Moment haben wir folgende Schwerpunkte festgelegt:<\/p>\n\n\n\n<ul class=\"wp-block-list\"><li>Unterrichten in der digitalisierten Welt<\/li><li>Meine interkulturelle Kompetenzen erweitern und vertiefen<\/li><li>Inklusive Schule mitgestalten <\/li><\/ul>\n\n\n\n<p>In den Seminarveranstaltungen unterst\u00fctzen\nwir Ihre professionelle Kompetenzentwicklung durch die Arbeit mit beruflichen\nHandlungssituationen. In jedem Ausbildungshalbjahr werden verschiedene\nHandlungssituationen, die zu einem \u00fcbergeordneten Handlungsfeld geh\u00f6ren,\nbearbeitet. <\/p>\n\n\n\n<p>Die\nBasis der Seminarplanungen bilden u. a. die Prinzipien der Handlungs-,\nTeilnehmer-, Praxis- und Prozessorientierung.<\/p>\n\n\n\n<p>Wir bilden in allen p\u00e4dagogischen Seminaren im Sinne des\nmodellhaften Lernens nach dem \u201eDoppeldeckerprinzip\u201c aus, d.h. Sie werden in\nLehr-Lern-Prozesse aktiv eingebunden, die Sie evaluieren, um dann die Umsetzung\nin Ihrem Unterricht erproben zu k\u00f6nnen. <\/p>\n\n\n\n<p>Zu Ihrer Rolle als Lehrerin und Lehrer geh\u00f6rt neben dem\nUnterrichten auch der Blick auf und die Verantwortung f\u00fcr die Weiterentwicklung\nder Unterrichtsqualit\u00e4t, f\u00fcr Aspekte der Schulentwicklung insgesamt und f\u00fcr das\nBewusstsein, dass Sie ein \u00f6ffentliches Amt aus\u00fcben. <\/p>\n\n\n\n<p>Lernen ist ein selbstgesteuerter Prozess, der von den\nLernenden selbst vollzogen werden muss. Dazu stellen wir Ihnen Instrumente wie\nSelbsteinsch\u00e4tzungsb\u00f6gen und ein ePortfolio zur Verf\u00fcgung.<\/p>\n\n\n\n<p>Wir werden Sie beim Hineinwachsen in Ihren anspruchsvollen\nneuen Beruf der Lehrerin bzw. des Lehrers individuell beraten, begleiten, Sie\nbei der Koordinierung Ihrer Ausbildung unterst\u00fctzen und am Ende Ihres\nVorbereitungsdienstes Ihre Leistungen beurteilen. <\/p>\n","protected":false},"excerpt":{"rendered":"<p>P\u00e4dagogik 1 Oliver Steffens E-Mail: &#x6f;&#x6c;&#x69;&#x76;&#x65;&#x72;&#x2e;&#x73;&#x74;&#x65;&#x66;&#x66;&#x65;&#x6e;&#115;&#64;&#115;&#116;&#115;&#45;&#118;&#101;&#114;&#46;&#100;e P\u00e4dagogik 2 Nina Johswich E-Mail: &#x6e;&#105;n&#x61;&#46;j&#x6f;&#104;s&#x77;&#105;c&#x68;&#64;s&#x74;&#x73;-&#x76;&#x65;&#114;&#x2e;&#x64;e P\u00e4dagogik 3 Frauke R\u00fcdebusch E-Mail: &#102;&#x72;&#x61;u&#107;&#x65;&#46;&#114;&#x75;e&#100;&#x65;b&#117;&#x73;&#x63;&#104;&#x40;&#x73;t&#115;&#x2d;v&#101;&#x72;&#46;&#100;&#x65; P\u00e4dagogik 4 Kirsten Hanf E-Mail: ki&#114;&#115;&#116;&#x65;&#x6e;&#x2e;&#x68;&#x61;nf&#64;&#115;&#116;&#x73;&#x2d;&#x76;&#x65;&#x72;&#46;d&#101;ki P\u00e4dagogik 5 &nbsp;Marita Hesselink-Gr\u00f6tzbach E-Mail: &#x6d;&#97;r&#x69;&#x74;&#97;&#46;&#x68;&#x65;&#115;s&#x65;&#108;i&#x6e;&#x6b;&#45;g&#x72;&#x6f;&#101;t&#x7a;&#98;&#97;&#x63;&#x68;&#64;s&#x74;&#x73;&#45;v&#x65;&#114;&#46;d&#x65; P\u00e4dagogik 6 &nbsp;Anja Cohrs E-Mail: &#x61;&#x6e;&#x6a;&#x61;&#x2e;&#x63;&#x6f;&#x68;&#x72;&#x73;&#x40;&#x73;&#x74;&#x73;&#x2d;&#x76;&#x65;&#x72;&#x2e;&#x64;&#x65; P\u00e4dagogik 7 Ingrid Middleton E-Mail: &#x69;&#110;&#x67;&#x72;i&#x64;&#46;m&#x69;&#100;d&#x6c;&#101;&#x74;&#x6f;n&#x40;&#115;t&#x73;&#45;v&#x65;&#114;&#x2e;&#x64;&#101; Vorstellung der P\u00e4dagogikseminare: Wir arbeiten in den p\u00e4dagogischen Seminaren zu den in der [&hellip;]<\/p>\n","protected":false},"author":9192830,"featured_media":0,"parent":0,"menu_order":0,"comment_status":"closed","ping_status":"closed","template":"","meta":{"footnotes":""},"class_list":["post-121","page","type-page","status-publish","hentry"],"_links":{"self":[{"href":"https:\/\/wordpress.nibis.de\/stsghrver\/wp-json\/wp\/v2\/pages\/121","targetHints":{"allow":["GET"]}}],"collection":[{"href":"https:\/\/wordpress.nibis.de\/stsghrver\/wp-json\/wp\/v2\/pages"}],"about":[{"href":"https:\/\/wordpress.nibis.de\/stsghrver\/wp-json\/wp\/v2\/types\/page"}],"author":[{"embeddable":true,"href":"https:\/\/wordpress.nibis.de\/stsghrver\/wp-json\/wp\/v2\/users\/9192830"}],"replies":[{"embeddable":true,"href":"https:\/\/wordpress.nibis.de\/stsghrver\/wp-json\/wp\/v2\/comments?post=121"}],"version-history":[{"count":15,"href":"https:\/\/wordpress.nibis.de\/stsghrver\/wp-json\/wp\/v2\/pages\/121\/revisions"}],"predecessor-version":[{"id":1112,"href":"https:\/\/wordpress.nibis.de\/stsghrver\/wp-json\/wp\/v2\/pages\/121\/revisions\/1112"}],"wp:attachment":[{"href":"https:\/\/wordpress.nibis.de\/stsghrver\/wp-json\/wp\/v2\/media?parent=121"}],"curies":[{"name":"wp","href":"https:\/\/api.w.org\/{rel}","templated":true}]}}