{"id":129,"date":"2019-05-08T15:12:48","date_gmt":"2019-05-08T13:12:48","guid":{"rendered":"https:\/\/wordpress.nibis.de\/stsghrver\/?page_id=129"},"modified":"2022-01-24T10:28:00","modified_gmt":"2022-01-24T09:28:00","slug":"englisch","status":"publish","type":"page","link":"https:\/\/wordpress.nibis.de\/stsghrver\/englisch\/","title":{"rendered":"Englisch"},"content":{"rendered":"\n<figure class=\"wp-block-table is-style-stripes\"><table><tbody><tr><td>Englisch<\/td><\/tr><tr><td> Eva Cloer<br>E-Mail<strong>: <\/strong> <a href=\"e&#118;&#x61;&#x2e;c&#108;&#111;&#x65;&#x72;&#64;&#115;&#x74;&#x73;-&#118;&#101;&#x72;&#x2e;d&#101;\">e&#118;&#x61;&#x2e;&#x63;l&#111;&#101;&#x72;&#x40;s&#116;&#115;&#x2d;&#x76;er&#46;&#x64;&#x65; <\/a><\/td><\/tr><\/tbody><\/table><\/figure>\n\n\n\n<p>Vorstellung der Englischseminare:<\/p>\n\n\n\n<p><strong><em>\u201cTell me and I\u2019ll forget. Show me and I\u2019ll remember. Involve me and I\u2019ll understand.\u201d\n<\/em><\/strong><\/p>\n\n\n\n<p>Im Studienseminar Verden gibt es ein fachdidaktisches Seminar Englisch, das von Eva Cloer geleitet wird. <\/p>\n\n\n\n<p>Meinem Leitspruch entsprechend lege ich gro\u00dfen Wert auf sch\u00fcleraktivierende und kompetenzf\u00f6rdernde Konzepte f\u00fcr den Englischunterricht, die auf aktueller Fachdidaktik und Fachmethodik beruhen. Dabei stehen Experimentierfreude und Sch\u00fclerorientierung im Vordergrund.<\/p>\n\n\n\n<p>Die Einbettung kooperativer Lernformen und Projektarbeit in einen m\u00f6glichst authentischen kommunikativen Kontext spielen f\u00fcr mich eine wichtige Rolle. Dies setzt voraus, dass dem Prinzip der funktionalen Einsprachigkeit gefolgt wird und die Lehrkraft selbst \u00fcber eine gute, authentische Sprachkompetenz und sichere F\u00e4higkeit verf\u00fcgt, die Lernausgangslage sowie die Lernvoraussetzungen zu ermitteln. Zu diesem Themenkomplex entwickele ich in meinem Fachseminar beispielhaft praxisnahe Konzepte, die die kommunikativen Kompetenzen der Sch\u00fclerinnen und Sch\u00fcler f\u00f6rdern.<\/p>\n\n\n\n<p>Ich begleite meine Anw\u00e4rterinnen und Anw\u00e4rter auf dem Weg durch die Ausbildung zu fachkompetenten Englischlehrerinnen und Englischlehrern.<\/p>\n","protected":false},"excerpt":{"rendered":"<p>Englisch Eva CloerE-Mail: &#x65;&#118;&#x61;&#x2e;&#99;&#x6c;&#111;e&#x72;&#64;s&#x74;&#115;-&#x76;&#101;r&#x2e;&#100;&#x65; Vorstellung der Englischseminare: \u201cTell me and I\u2019ll forget. Show me and I\u2019ll remember. Involve me and I\u2019ll understand.\u201d Im Studienseminar Verden gibt es ein fachdidaktisches Seminar Englisch, das von Eva Cloer geleitet wird. Meinem Leitspruch entsprechend lege ich gro\u00dfen Wert auf sch\u00fcleraktivierende und kompetenzf\u00f6rdernde Konzepte f\u00fcr den Englischunterricht, die auf aktueller [&hellip;]<\/p>\n","protected":false},"author":9192830,"featured_media":0,"parent":0,"menu_order":0,"comment_status":"closed","ping_status":"closed","template":"","meta":{"footnotes":""},"class_list":["post-129","page","type-page","status-publish","hentry"],"_links":{"self":[{"href":"https:\/\/wordpress.nibis.de\/stsghrver\/wp-json\/wp\/v2\/pages\/129","targetHints":{"allow":["GET"]}}],"collection":[{"href":"https:\/\/wordpress.nibis.de\/stsghrver\/wp-json\/wp\/v2\/pages"}],"about":[{"href":"https:\/\/wordpress.nibis.de\/stsghrver\/wp-json\/wp\/v2\/types\/page"}],"author":[{"embeddable":true,"href":"https:\/\/wordpress.nibis.de\/stsghrver\/wp-json\/wp\/v2\/users\/9192830"}],"replies":[{"embeddable":true,"href":"https:\/\/wordpress.nibis.de\/stsghrver\/wp-json\/wp\/v2\/comments?post=129"}],"version-history":[{"count":6,"href":"https:\/\/wordpress.nibis.de\/stsghrver\/wp-json\/wp\/v2\/pages\/129\/revisions"}],"predecessor-version":[{"id":504,"href":"https:\/\/wordpress.nibis.de\/stsghrver\/wp-json\/wp\/v2\/pages\/129\/revisions\/504"}],"wp:attachment":[{"href":"https:\/\/wordpress.nibis.de\/stsghrver\/wp-json\/wp\/v2\/media?parent=129"}],"curies":[{"name":"wp","href":"https:\/\/api.w.org\/{rel}","templated":true}]}}