{"id":135,"date":"2019-05-08T15:15:32","date_gmt":"2019-05-08T13:15:32","guid":{"rendered":"https:\/\/wordpress.nibis.de\/stsghrver\/?page_id=135"},"modified":"2024-08-07T09:38:45","modified_gmt":"2024-08-07T07:38:45","slug":"kunst","status":"publish","type":"page","link":"https:\/\/wordpress.nibis.de\/stsghrver\/kunst\/","title":{"rendered":"Kunst"},"content":{"rendered":"\n<p>Birte Artha<\/p>\n\n\n\n<p>E-Mail: <a href=\"&#x6d;a&#x69;&#108;&#x74;&#111;:&#x62;i&#x72;&#116;&#x65;&#46;a&#x72;&#116;&#x68;&#97;&#64;&#x73;t&#x73;&#45;&#x76;&#101;r&#x2e;d&#x65;\">&#x62;i&#x72;&#116;e&#x2e;&#97;&#x72;&#x74;h&#x61;&#64;s&#x74;&#115;&#x2d;&#118;e&#x72;&#46;d&#x65;<\/a> <\/p>\n\n\n\n<p><strong><em>&#8222;Phantasie ist wichtiger als Wissen.&#8220;<\/em><\/strong> (Albert Einstein)<\/p>\n\n\n\n<p>Im Kunstseminar befassen wir uns deswegen nicht nur (aber\nauch) mit theoretischen fachdidaktischen Inhalten, sondern werden selbst t\u00e4tig:\nZum Beispiel beim praktischen Ausprobieren und \u00dcberpr\u00fcfen verschiedener\nk\u00fcnstlerischer Techniken f\u00fcr den Unterrichtsgebrauch, beim Austausch von\nUnterrichtsideen oder bei der Erkundung au\u00dferschulischer Lernorte. <\/p>\n\n\n\n<p>&nbsp;Daneben steht in\nunseren Diskussionen immer wieder die Frage nach der Rolle und Berechtigung\nunseres Faches Kunst im Mittelpunkt. <\/p>\n\n\n\n<p>&nbsp;Die Seminarinhalte\nsind an der schulischen Praxis ausgerichtet. Mitbestimmungsrecht (im Rahmen der\nrechtlichen Vorgaben) ist hierbei selbstverst\u00e4ndlich, denn schlie\u00dflich ist es\nIhre Ausbildungszeit. Ich versuche, s\u00e4mtliche Vorschl\u00e4ge, Ideen und Anregungen\nin die Seminarplanungen aufzunehmen.<\/p>\n\n\n\n<p>&nbsp;Gro\u00dfen Wert lege ich\nauf eine angenehme, kreative und ertragreiche Seminaratmosph\u00e4re sowie eine\nkonstruktive Besprechung von Unterrichtsbesuchen. <\/p>\n\n\n\n<p>&nbsp;Hinsichtlich des\nUnterrichts liegen mir&nbsp; die Aspekte der\nSch\u00fclerorientierung und der angenehmen Lernatmosph\u00e4re genauso am Herzen wie die\npassende Material-, Medien- und Methodenauswahl. <\/p>\n\n\n\n<p>&nbsp;In der Anw\u00e4rterzeit\nversuche ich jede und jeden einzelnen entsprechend individueller St\u00e4rken und\nVorstellungen so gut wie m\u00f6glich zu unterst\u00fctzen, zu f\u00f6rdern und zu fordern.<\/p>\n","protected":false},"excerpt":{"rendered":"<p>Birte Artha E-Mail: &#98;&#x69;&#x72;t&#101;&#x2e;a&#114;&#x74;h&#97;&#x40;s&#116;&#x73;&#x2d;&#118;&#x65;&#x72;&#46;&#100;&#x65; &#8222;Phantasie ist wichtiger als Wissen.&#8220; (Albert Einstein) Im Kunstseminar befassen wir uns deswegen nicht nur (aber auch) mit theoretischen fachdidaktischen Inhalten, sondern werden selbst t\u00e4tig: Zum Beispiel beim praktischen Ausprobieren und \u00dcberpr\u00fcfen verschiedener k\u00fcnstlerischer Techniken f\u00fcr den Unterrichtsgebrauch, beim Austausch von Unterrichtsideen oder bei der Erkundung au\u00dferschulischer Lernorte. &nbsp;Daneben steht in [&hellip;]<\/p>\n","protected":false},"author":9192830,"featured_media":0,"parent":0,"menu_order":0,"comment_status":"closed","ping_status":"closed","template":"","meta":{"footnotes":""},"class_list":["post-135","page","type-page","status-publish","hentry"],"_links":{"self":[{"href":"https:\/\/wordpress.nibis.de\/stsghrver\/wp-json\/wp\/v2\/pages\/135","targetHints":{"allow":["GET"]}}],"collection":[{"href":"https:\/\/wordpress.nibis.de\/stsghrver\/wp-json\/wp\/v2\/pages"}],"about":[{"href":"https:\/\/wordpress.nibis.de\/stsghrver\/wp-json\/wp\/v2\/types\/page"}],"author":[{"embeddable":true,"href":"https:\/\/wordpress.nibis.de\/stsghrver\/wp-json\/wp\/v2\/users\/9192830"}],"replies":[{"embeddable":true,"href":"https:\/\/wordpress.nibis.de\/stsghrver\/wp-json\/wp\/v2\/comments?post=135"}],"version-history":[{"count":7,"href":"https:\/\/wordpress.nibis.de\/stsghrver\/wp-json\/wp\/v2\/pages\/135\/revisions"}],"predecessor-version":[{"id":760,"href":"https:\/\/wordpress.nibis.de\/stsghrver\/wp-json\/wp\/v2\/pages\/135\/revisions\/760"}],"wp:attachment":[{"href":"https:\/\/wordpress.nibis.de\/stsghrver\/wp-json\/wp\/v2\/media?parent=135"}],"curies":[{"name":"wp","href":"https:\/\/api.w.org\/{rel}","templated":true}]}}