{"id":137,"date":"2019-05-08T15:21:29","date_gmt":"2019-05-08T13:21:29","guid":{"rendered":"https:\/\/wordpress.nibis.de\/stsghrver\/?page_id=137"},"modified":"2026-03-13T09:57:38","modified_gmt":"2026-03-13T08:57:38","slug":"mathematik","status":"publish","type":"page","link":"https:\/\/wordpress.nibis.de\/stsghrver\/mathematik\/","title":{"rendered":"Mathematik"},"content":{"rendered":"\n<p>Mathematik 1 <\/p>\n\n\n\n<p>&nbsp;Manuela Rump<\/p>\n\n\n\n<p>E-Mail: <a href=\"&#x6d;&#97;&#x69;&#x6c;&#116;&#x6f;&#58;m&#x61;&#110;u&#x65;&#108;a&#x2e;&#114;u&#x6d;&#112;&#x40;&#x73;&#116;&#x73;&#x2d;&#118;&#x65;&#114;&#46;&#x64;&#101;\" data-type=\"mailto\" data-id=\"&#x6d;a&#x69;&#108;&#x74;&#111;:&#x6d;&#97;&#x6e;&#117;e&#x6c;&#97;&#x2e;&#114;u&#x6d;p&#x40;&#115;&#x74;&#x73;-&#x76;&#101;&#x72;&#46;d&#x65;\">&#109;&#x61;n&#117;&#x65;l&#97;&#x2e;r&#x75;&#x6d;&#112;&#x40;s&#116;&#x73;-&#118;&#x65;r&#x2e;&#x64;&#101;<\/a><\/p>\n\n\n\n<p>Mathematik 2 <\/p>\n\n\n\n<p>&nbsp;Imke Hege<\/p>\n\n\n\n<p>E-Mail: <a href=\"&#x6d;a&#x69;&#108;t&#x6f;&#58;&#x69;&#x6d;k&#x65;&#46;h&#x65;&#103;&#x65;&#64;s&#x74;&#115;-&#x76;&#101;&#x72;&#46;d&#x65;\" data-type=\"mailto\" data-id=\"m&#97;&#105;&#x6c;&#x74;&#x6f;&#x3a;i&#109;&#107;&#101;&#x2e;&#x68;&#x65;ge&#64;&#115;&#x74;&#x73;&#x2d;ve&#114;&#46;&#x64;&#x65;\">&#x69;&#x6d;&#x6b;&#x65;&#x2e;&#x68;&#x65;&#x67;&#x65;&#x40;&#x73;&#x74;&#x73;&#x2d;&#x76;&#x65;&#x72;&#x2e;&#x64;&#x65;<\/a><\/p>\n\n\n\n<p>Mathematik 3 <\/p>\n\n\n\n<p>\u00a0Nils Rohrberg<\/p>\n\n\n\n<p>E-Mail: <a href=\"&#109;&#97;&#x69;&#x6c;&#116;&#111;&#x3a;&#x6e;&#105;&#108;&#x73;&#x2e;&#114;&#111;&#x68;&#x72;&#98;&#101;&#x72;&#x67;&#64;&#115;&#x74;&#x73;&#45;&#118;&#x65;&#x72;&#46;&#100;&#x65;\">&#x6e;&#105;l&#x73;&#x2e;&#114;o&#x68;&#114;b&#x65;&#x72;&#103;&#64;&#x73;&#116;s&#x2d;&#x76;&#101;r&#x2e;&#x64;&#101;<\/a><\/p>\n\n\n\n<p>Mathematik 4<\/p>\n\n\n\n<p>N. N.<\/p>\n\n\n\n<p>E-Mail: &#8230;<\/p>\n\n\n\n<p>&nbsp;Vorstellung der\nMathematikseminare:<\/p>\n\n\n\n<p><strong><em>&#8222;Es kommt darauf an, den Sch\u00fcler aus dem Passivum ins Aktivum zu \u00fcbersetzen&#8220;<\/em><\/strong> (H. Gaudig)<\/p>\n\n\n\n<p>Wesentlich ist, Mathematik auf unterschiedlichen Ebenen\nbegreifbar und verst\u00e4ndlich zu machen. Eine pr\u00e4zise Planung von Unterricht, bei\nder die Lernenden mit all ihren individuellen F\u00e4hig- und Fertigkeiten den\nAusgangspunkt bilden, ist f\u00fcr sch\u00fclerorientiertes und handelndes Lernen\nunerl\u00e4sslich. <\/p>\n\n\n\n<p> Jede Lehrerin im Vorbereitungsdienst bzw. jeder Lehrer im Vorbereitungsdienst sollte ausgehend von den eigenen personellen Kompetenzen einen eigenen Unterrichtsstil entwickeln, der zur jeweiligen Person authentisch passt. Wir begleiten Sie auf Ihrem individuellen Weg und stehen Ihnen gern beratend zur Seite.<\/p>\n","protected":false},"excerpt":{"rendered":"<p>Mathematik 1 &nbsp;Manuela Rump E-Mail: &#x6d;a&#x6e;&#117;e&#x6c;&#97;&#x2e;&#x72;u&#x6d;&#112;&#64;&#x73;&#116;&#x73;&#45;v&#x65;&#114;&#46;&#x64;&#101; Mathematik 2 &nbsp;Imke Hege E-Mail: i&#109;&#x6b;&#x65;&#46;&#104;&#101;&#x67;&#x65;&#64;&#115;&#x74;&#x73;-&#118;&#101;&#x72;&#x2e;d&#101; Mathematik 3 \u00a0Nils Rohrberg E-Mail: &#x6e;&#105;&#x6c;&#115;&#46;&#x72;&#111;h&#x72;&#98;&#x65;&#x72;g&#x40;&#115;t&#x73;&#45;&#x76;&#x65;r&#x2e;&#100;e Mathematik 4 N. N. E-Mail: &#8230; &nbsp;Vorstellung der Mathematikseminare: &#8222;Es kommt darauf an, den Sch\u00fcler aus dem Passivum ins Aktivum zu \u00fcbersetzen&#8220; (H. Gaudig) Wesentlich ist, Mathematik auf unterschiedlichen Ebenen begreifbar und verst\u00e4ndlich zu machen. Eine pr\u00e4zise [&hellip;]<\/p>\n","protected":false},"author":9192830,"featured_media":0,"parent":0,"menu_order":0,"comment_status":"closed","ping_status":"closed","template":"","meta":{"footnotes":""},"class_list":["post-137","page","type-page","status-publish","hentry"],"_links":{"self":[{"href":"https:\/\/wordpress.nibis.de\/stsghrver\/wp-json\/wp\/v2\/pages\/137","targetHints":{"allow":["GET"]}}],"collection":[{"href":"https:\/\/wordpress.nibis.de\/stsghrver\/wp-json\/wp\/v2\/pages"}],"about":[{"href":"https:\/\/wordpress.nibis.de\/stsghrver\/wp-json\/wp\/v2\/types\/page"}],"author":[{"embeddable":true,"href":"https:\/\/wordpress.nibis.de\/stsghrver\/wp-json\/wp\/v2\/users\/9192830"}],"replies":[{"embeddable":true,"href":"https:\/\/wordpress.nibis.de\/stsghrver\/wp-json\/wp\/v2\/comments?post=137"}],"version-history":[{"count":8,"href":"https:\/\/wordpress.nibis.de\/stsghrver\/wp-json\/wp\/v2\/pages\/137\/revisions"}],"predecessor-version":[{"id":1209,"href":"https:\/\/wordpress.nibis.de\/stsghrver\/wp-json\/wp\/v2\/pages\/137\/revisions\/1209"}],"wp:attachment":[{"href":"https:\/\/wordpress.nibis.de\/stsghrver\/wp-json\/wp\/v2\/media?parent=137"}],"curies":[{"name":"wp","href":"https:\/\/api.w.org\/{rel}","templated":true}]}}