{"id":152,"date":"2019-05-08T15:27:45","date_gmt":"2019-05-08T13:27:45","guid":{"rendered":"https:\/\/wordpress.nibis.de\/stsghrver\/?page_id=152"},"modified":"2025-09-08T10:33:15","modified_gmt":"2025-09-08T08:33:15","slug":"sachunterricht","status":"publish","type":"page","link":"https:\/\/wordpress.nibis.de\/stsghrver\/sachunterricht\/","title":{"rendered":"Sachunterricht"},"content":{"rendered":"\n<p>Sachunterricht 1 <\/p>\n\n\n\n<p>Lea Lo\u00e9l<\/p>\n\n\n\n<p>\u00a0E-Mail: <a href=\"&#x67;&#105;t&#x74;&#97;&#46;&#x70;&#x6f;&#108;a&#x73;&#99;h&#x6b;&#x65;&#64;s&#x74;&#115;-&#x76;&#x65;&#114;&#46;&#x64;&#101;\" data-type=\"URL\" data-id=\"&#x67;&#105;&#116;t&#x61;&#x2e;&#112;o&#x6c;&#x61;&#115;c&#x68;&#x6b;&#101;&#64;&#x73;&#x74;&#115;-&#x76;&#x65;&#114;&#46;&#x64;&#x65;\">&#x6c;&#x65;&#97;&#46;l&#x6f;&#x65;&#x6c;&#64;&#115;t&#x73;&#x2d;&#x76;&#101;&#114;&#46;&#x64;&#x65;<\/a><\/p>\n\n\n\n<p>Sachunterricht 2 <\/p>\n\n\n\n<p>&nbsp;Nadine Huffnagel <\/p>\n\n\n\n<p>&nbsp;E-Mail: <a href=\"http:\/\/E-Mail: nad&#105;&#110;&#101;&#x2e;&#x68;&#x75;&#x66;&#x66;&#x6e;age&#108;&#64;&#115;&#116;&#x73;&#x2d;&#x76;&#x65;&#x72;&#x2e;de\" data-type=\"URL\" data-id=\"E-Mail: &#110;&#x61;d&#x69;n&#101;&#x2e;&#104;&#x75;f&#102;&#x6e;&#97;&#x67;e&#x6c;&#x40;&#115;&#x74;s&#x2d;v&#101;&#x72;&#46;&#x64;e\">&#110;&#x61;&#100;&#x69;&#110;&#x65;&#46;&#x68;u&#x66;f&#x6e;a&#x67;e&#108;&#x40;&#115;&#x74;&#115;&#x2d;&#118;&#x65;&#114;&#x2e;d&#x65;<\/a><\/p>\n\n\n\n<p>Sachunterricht 3<\/p>\n\n\n\n<p>Margaret Romantschuk<\/p>\n\n\n\n<p>E-Mail: <a href=\"ma&#105;&#108;&#x74;&#x6f;&#x3a;&#x6d;ar&#103;&#97;&#x72;&#x65;&#x74;&#x2e;ro&#109;&#97;&#110;&#x74;&#x73;&#x63;&#x68;uk&#64;&#115;&#x74;&#x73;&#x2d;&#x76;er&#46;&#100;&#x65;\">&#109;&#x61;r&#103;&#x61;r&#x65;&#x74;&#46;&#x72;o&#109;&#x61;n&#116;&#x73;&#99;&#x68;u&#107;&#x40;s&#116;&#x73;&#45;&#x76;&#x65;&#114;&#x2e;d&#101;<\/a><\/p>\n\n\n\n<p><\/p>\n\n\n\n<p>&nbsp;Vorstellung der\nSachunterrichtsseminare:<\/p>\n\n\n\n<p><strong><em>&#8222;Lernen ist Erfahren, alles andere ist Information.&#8220;<\/em><\/strong> Albert Einstein <\/p>\n\n\n\n<p>Sachunterricht ist kein Buchunterricht, sondern steht f\u00fcr\ndie Vermittlung von grundlegenden Prim\u00e4rerfahrungen, die unmittelbare Begegnung\nmit der Wirklichkeit sowie f\u00fcr ein aktives, handelndes Lernen mit m\u00f6glichst\nvielen beteiligten Sinnen. <\/p>\n\n\n\n<p>Stets mit dem Blick auf die Lebenswelt der Kinder m\u00f6chten\nwir Sie im SU-Seminar in die inhaltliche und methodische Vielf\u00e4ltigkeit des\nkomplexen Faches Sachunterricht eintauchen lassen: <\/p>\n\n\n\n<p>Vielfalt des Sachunterrichts<\/p>\n\n\n\n<p>In diesem Sinne laden wir Sie ein das Fachseminar\nSachunterricht aktiv mit zu gestalten:<\/p>\n\n\n\n<p>\u2022Bringen Sie Ihre eigenen W\u00fcnsche und Erfahrungen mit ein! <\/p>\n\n\n\n<p>\u2022Gestalten Sie selbstst\u00e4ndige eine Seminarveranstaltung\nzusammen mit einer\/em anderen\/m LiV zu einem Thema Ihres Interesses! <\/p>\n\n\n\n<p>\u2022Probieren Sie aus! Diskutieren Sie mit! Entwickeln und Erproben\nSie!<\/p>\n","protected":false},"excerpt":{"rendered":"<p>Sachunterricht 1 Lea Lo\u00e9l \u00a0E-Mail: &#x6c;&#x65;&#x61;&#x2e;&#x6c;&#x6f;&#x65;&#x6c;&#x40;&#x73;&#x74;&#115;&#45;&#118;&#101;&#114;&#46;&#100;e Sachunterricht 2 &nbsp;Nadine Huffnagel &nbsp;E-Mail: &#x6e;&#97;&#100;i&#x6e;&#x65;&#46;h&#x75;&#x66;&#102;n&#x61;&#x67;&#101;l&#x40;&#x73;&#116;s&#x2d;&#x76;&#101;r&#x2e;&#x64;&#101; Sachunterricht 3 Margaret Romantschuk E-Mail: &#109;a&#x72;g&#x61;r&#x65;t&#x2e;&#114;&#x6f;&#109;&#x61;&#110;&#x74;&#115;c&#104;u&#x6b;&#64;&#x73;t&#x73;&#45;&#x76;&#101;&#x72;&#46;&#x64;&#101; &nbsp;Vorstellung der Sachunterrichtsseminare: &#8222;Lernen ist Erfahren, alles andere ist Information.&#8220; Albert Einstein Sachunterricht ist kein Buchunterricht, sondern steht f\u00fcr die Vermittlung von grundlegenden Prim\u00e4rerfahrungen, die unmittelbare Begegnung mit der Wirklichkeit sowie f\u00fcr ein aktives, handelndes Lernen mit [&hellip;]<\/p>\n","protected":false},"author":9192830,"featured_media":0,"parent":0,"menu_order":0,"comment_status":"closed","ping_status":"closed","template":"","meta":{"footnotes":""},"class_list":["post-152","page","type-page","status-publish","hentry"],"_links":{"self":[{"href":"https:\/\/wordpress.nibis.de\/stsghrver\/wp-json\/wp\/v2\/pages\/152","targetHints":{"allow":["GET"]}}],"collection":[{"href":"https:\/\/wordpress.nibis.de\/stsghrver\/wp-json\/wp\/v2\/pages"}],"about":[{"href":"https:\/\/wordpress.nibis.de\/stsghrver\/wp-json\/wp\/v2\/types\/page"}],"author":[{"embeddable":true,"href":"https:\/\/wordpress.nibis.de\/stsghrver\/wp-json\/wp\/v2\/users\/9192830"}],"replies":[{"embeddable":true,"href":"https:\/\/wordpress.nibis.de\/stsghrver\/wp-json\/wp\/v2\/comments?post=152"}],"version-history":[{"count":6,"href":"https:\/\/wordpress.nibis.de\/stsghrver\/wp-json\/wp\/v2\/pages\/152\/revisions"}],"predecessor-version":[{"id":1113,"href":"https:\/\/wordpress.nibis.de\/stsghrver\/wp-json\/wp\/v2\/pages\/152\/revisions\/1113"}],"wp:attachment":[{"href":"https:\/\/wordpress.nibis.de\/stsghrver\/wp-json\/wp\/v2\/media?parent=152"}],"curies":[{"name":"wp","href":"https:\/\/api.w.org\/{rel}","templated":true}]}}