{"id":154,"date":"2019-05-08T15:29:33","date_gmt":"2019-05-08T13:29:33","guid":{"rendered":"https:\/\/wordpress.nibis.de\/stsghrver\/?page_id=154"},"modified":"2024-10-01T13:59:13","modified_gmt":"2024-10-01T11:59:13","slug":"sport","status":"publish","type":"page","link":"https:\/\/wordpress.nibis.de\/stsghrver\/sport\/","title":{"rendered":"Sport"},"content":{"rendered":"\n<p>Stefanie Raudisch<\/p>\n\n\n\n<p>E-Mail: <a href=\"&#109;a&#105;l&#116;o&#x3a;s&#x74;e&#x66;a&#x6e;i&#x65;&#46;&#x72;a&#x75;d&#x69;s&#x63;h&#x40;&#115;&#x74;&#115;&#x2d;&#118;&#x65;&#114;&#x2e;&#100;&#x65;\" data-type=\"mailto\" data-id=\"&#109;&#x61;&#105;&#x6c;&#116;&#x6f;&#58;&#x73;&#116;&#x65;&#102;&#x61;n&#x69;e&#x2e;r&#x61;u&#x64;i&#x73;c&#104;&#x40;&#115;&#x74;&#115;&#x2d;&#118;&#x65;&#114;&#x2e;&#100;&#x65;\">&#x73;&#x74;&#x65;&#x66;&#x61;&#x6e;&#x69;&#x65;&#x2e;&#x72;&#x61;&#117;&#100;&#105;&#115;&#99;&#104;&#64;sts-ve&#x72;&#x2e;&#x64;&#x65;<\/a><\/p>\n\n\n\n<p>Seminarvorstellung:<\/p>\n\n\n\n<p>Sch\u00fcler w\u00e4rmen sich selbstst\u00e4ndig auf, entwickeln\nzielf\u00fchrende \u00dcbungen und Spiele, bauen die ben\u00f6tigten Ger\u00e4te auf, einigen sich\nauf Regeln und halten diese ein, teilen Mannschaften fair ein, bewegen sich\nintensiv, wobei sie sich gegenseitig helfen und einander erkl\u00e4ren, wie die\n\u00dcbungen am besten bewerkstelligt werden k\u00f6nnen, sie haben Spa\u00df an der Bewegung,\nniemand schaut nur zu, niemand verletzt sich. <\/p>\n\n\n\n<p>&nbsp;F\u00fcr viele\nSportkollegen ist ein solcher Unterricht eine Wunschvorstellung. Und auch wenn\nein hohes Ma\u00df an Selbstst\u00e4ndigkeit der Sch\u00fclerinnen und Sch\u00fcler w\u00fcnschenswert\nist, so muss diese Kompetenz, genau wie noch viele andere, doch erst einmal\nentwickelt werden. Im Rahmen der Arbeit im Fachseminar Sport wollen wir uns\ndaher unter anderem mit Themen wie: Merkmale guten Sportunterrichts,\nKompetenzen, soziales Lernen, motorische Entwicklung, Differenzierung,\nSicherheitserziehung, Inklusion, Methoden oder Angst im Sportunterricht\nbesch\u00e4ftigen.<\/p>\n\n\n\n<p>Zu den Ausbildungsinhalten im Fachseminar Sport geh\u00f6ren sowohl fachtheoretische als auch praktisch-methodische Anteile. Die allgemeinen fachtheoretischen Er\u00f6rterungen sollen immer einen starken Praxisbezug haben und in konkrete unterrichtliche Situationen umgesetzt werden. <\/p>\n\n\n\n<p>Grundlagen der Ausbildung sind die APVO, die curricularen Vorgaben und die Bestimmungen f\u00fcr den Schulsport. <\/p>\n\n\n\n<p>Und auch wenn ein wie anfangs beschriebener Unterricht am Ende nie ganz erreicht werden kann, so hoffe ich, dass wir im Rahmen der Ausbildung gemeinsam didaktische und methodische Kenntnisse ausbauen, \u00fcber unterrichtspraktische Fragestellungen nachdenken und Sie genug Handwerkszeug f\u00fcr die eigene Praxis an der Schule erhalten, damit es vielleicht doch irgendwann hei\u00dft: <\/p>\n\n\n\n<p>Der Lehrer greift nur bei auftretenden Problemen\nunterst\u00fctzend in den Unterricht ein und kann das intensive Bewegungs-lernen\nseiner Lerngruppe von au\u00dfen beobachten.<\/p>\n","protected":false},"excerpt":{"rendered":"<p>Stefanie Raudisch E-Mail: stefanie&#46;&#114;&#97;&#117;&#100;&#105;&#115;&#99;&#104;&#64;&#x73;&#x74;&#x73;&#x2d;&#x76;&#x65;&#x72;&#x2e;&#x64;&#x65; Seminarvorstellung: Sch\u00fcler w\u00e4rmen sich selbstst\u00e4ndig auf, entwickeln zielf\u00fchrende \u00dcbungen und Spiele, bauen die ben\u00f6tigten Ger\u00e4te auf, einigen sich auf Regeln und halten diese ein, teilen Mannschaften fair ein, bewegen sich intensiv, wobei sie sich gegenseitig helfen und einander erkl\u00e4ren, wie die \u00dcbungen am besten bewerkstelligt werden k\u00f6nnen, sie haben Spa\u00df an [&hellip;]<\/p>\n","protected":false},"author":9192830,"featured_media":0,"parent":0,"menu_order":0,"comment_status":"closed","ping_status":"closed","template":"","meta":{"footnotes":""},"class_list":["post-154","page","type-page","status-publish","hentry"],"_links":{"self":[{"href":"https:\/\/wordpress.nibis.de\/stsghrver\/wp-json\/wp\/v2\/pages\/154","targetHints":{"allow":["GET"]}}],"collection":[{"href":"https:\/\/wordpress.nibis.de\/stsghrver\/wp-json\/wp\/v2\/pages"}],"about":[{"href":"https:\/\/wordpress.nibis.de\/stsghrver\/wp-json\/wp\/v2\/types\/page"}],"author":[{"embeddable":true,"href":"https:\/\/wordpress.nibis.de\/stsghrver\/wp-json\/wp\/v2\/users\/9192830"}],"replies":[{"embeddable":true,"href":"https:\/\/wordpress.nibis.de\/stsghrver\/wp-json\/wp\/v2\/comments?post=154"}],"version-history":[{"count":4,"href":"https:\/\/wordpress.nibis.de\/stsghrver\/wp-json\/wp\/v2\/pages\/154\/revisions"}],"predecessor-version":[{"id":848,"href":"https:\/\/wordpress.nibis.de\/stsghrver\/wp-json\/wp\/v2\/pages\/154\/revisions\/848"}],"wp:attachment":[{"href":"https:\/\/wordpress.nibis.de\/stsghrver\/wp-json\/wp\/v2\/media?parent=154"}],"curies":[{"name":"wp","href":"https:\/\/api.w.org\/{rel}","templated":true}]}}