{"id":156,"date":"2019-05-08T15:30:43","date_gmt":"2019-05-08T13:30:43","guid":{"rendered":"https:\/\/wordpress.nibis.de\/stsghrver\/?page_id=156"},"modified":"2021-10-19T15:16:40","modified_gmt":"2021-10-19T13:16:40","slug":"textiles-gestalten","status":"publish","type":"page","link":"https:\/\/wordpress.nibis.de\/stsghrver\/textiles-gestalten\/","title":{"rendered":"Textiles Gestalten"},"content":{"rendered":"\n<p>&nbsp;Frauke R\u00fcdebusch<\/p>\n\n\n\n<p>E-Mail: <a href=\"&#x6d;&#x61;&#105;lt&#x6f;&#x3a;&#102;&#114;a&#x75;&#x6b;&#101;&#46;r&#x75;&#x65;&#x64;&#101;bu&#x73;&#x63;&#104;&#64;s&#x74;&#x73;&#45;&#118;e&#x72;&#x2e;&#100;&#101;\" data-type=\"mailto\" data-id=\"mailto:frauke&#46;ruedebusch&#64;&#115;&#116;&#115;&#45;&#118;&#101;&#114;&#46;&#100;&#101;\">f&#114;&#x61;&#x75;&#x6b;e&#46;&#114;&#x75;&#x65;d&#101;&#98;&#x75;&#x73;ch&#64;&#x73;&#x74;&#x73;-&#118;&#x65;&#x72;&#x2e;d&#101;<\/a><\/p>\n\n\n\n<p>Seminarvorstellung:<\/p>\n\n\n\n<p><em><strong>\u201eDer wahre Sinn der Kunst liegt nicht darin, sch\u00f6ne Objekte zu schaffen.  <br>&nbsp;Es ist vielmehr eine Methode, um zu verstehen.   <br> Ein Weg, die Welt zu durchdringen und den eigenen Platz zu finden.\u201c  <\/strong><\/em> <br>Paul Auster (*1947), amerikanische Schriftsteller <\/p>\n\n\n\n<p>Mein Anliegen als Fachseminarleiterin f\u00fcr Textiles Gestalten\nist es, junge Lehrkr\u00e4fte im Vorbereitungsdienst intensiv und mit dem Ziel\nauszubilden, Sch\u00fclerinnen und Sch\u00fclern einen kompetenzf\u00f6rdernden und\nzeitgem\u00e4\u00dfen Textilunterricht zu erm\u00f6glichen.<\/p>\n\n\n\n<p>&nbsp;In den Seminaren\nsetzen Sie sich u.a. mit aktueller Fachliteratur und \u2013didaktik auseinander und\nlernen M\u00f6glichkeiten kennen, textile Kenntnisse und Fertigkeiten lernwirksam\nzur F\u00f6rderung der Individualit\u00e4t und Alltagsbew\u00e4ltigung zu vermitteln.<\/p>\n\n\n\n<p>&nbsp;Die Fragen, wie\nSch\u00fclerinteresse geweckt und genutzt werden kann, Kreativit\u00e4t und individuelle\nL\u00f6sungswege zugelassen, gef\u00f6rdert und gefordert sowie Themen mit Realit\u00e4ts \u2013\nund \/ oder Lebensweltbezug entwickelt werden k\u00f6nnen, bilden die Basis unserer\nSeminararbeit.<\/p>\n\n\n\n<p>&nbsp;Praktisches Tun,\ninhaltliche Auseinandersetzung, f\u00e4cherverbindende Arbeit und Planen von\nUnterrichtseinheiten stehen in einem ausgewogenen Wechselverh\u00e4ltnis.<\/p>\n\n\n\n<p>&nbsp;Auch um die Frage des\nStellenwertes von Textilem Gestalten im F\u00e4cherkanon der Schulen und die\nSt\u00e4rkung des Faches geht es in unserer Arbeit.<\/p>\n\n\n\n<p>&nbsp;Eine angenehme und\noffene Seminaratmosph\u00e4re sowie eine intensive, konstruktive und kritische\nZusammenarbeit sind mir besonders wichtig! <\/p>\n\n\n\n<p>&nbsp;Ideen \/ Anregungen\nIhrerseits sind gerne gesehen und werden mit in die Seminarplanung aufgenommen\nund umgesetzt!<\/p>\n","protected":false},"excerpt":{"rendered":"<p>&nbsp;Frauke R\u00fcdebusch E-Mail: f&#114;&#x61;&#x75;&#x6b;e&#46;&#114;&#x75;&#x65;d&#101;&#98;&#x75;&#x73;ch&#64;&#x73;&#x74;&#x73;-&#118;&#x65;&#x72;&#x2e;d&#101; Seminarvorstellung: \u201eDer wahre Sinn der Kunst liegt nicht darin, sch\u00f6ne Objekte zu schaffen. &nbsp;Es ist vielmehr eine Methode, um zu verstehen. Ein Weg, die Welt zu durchdringen und den eigenen Platz zu finden.\u201c Paul Auster (*1947), amerikanische Schriftsteller Mein Anliegen als Fachseminarleiterin f\u00fcr Textiles Gestalten ist es, junge Lehrkr\u00e4fte im Vorbereitungsdienst [&hellip;]<\/p>\n","protected":false},"author":9192830,"featured_media":0,"parent":0,"menu_order":0,"comment_status":"closed","ping_status":"closed","template":"","meta":{"footnotes":""},"class_list":["post-156","page","type-page","status-publish","hentry"],"_links":{"self":[{"href":"https:\/\/wordpress.nibis.de\/stsghrver\/wp-json\/wp\/v2\/pages\/156","targetHints":{"allow":["GET"]}}],"collection":[{"href":"https:\/\/wordpress.nibis.de\/stsghrver\/wp-json\/wp\/v2\/pages"}],"about":[{"href":"https:\/\/wordpress.nibis.de\/stsghrver\/wp-json\/wp\/v2\/types\/page"}],"author":[{"embeddable":true,"href":"https:\/\/wordpress.nibis.de\/stsghrver\/wp-json\/wp\/v2\/users\/9192830"}],"replies":[{"embeddable":true,"href":"https:\/\/wordpress.nibis.de\/stsghrver\/wp-json\/wp\/v2\/comments?post=156"}],"version-history":[{"count":3,"href":"https:\/\/wordpress.nibis.de\/stsghrver\/wp-json\/wp\/v2\/pages\/156\/revisions"}],"predecessor-version":[{"id":481,"href":"https:\/\/wordpress.nibis.de\/stsghrver\/wp-json\/wp\/v2\/pages\/156\/revisions\/481"}],"wp:attachment":[{"href":"https:\/\/wordpress.nibis.de\/stsghrver\/wp-json\/wp\/v2\/media?parent=156"}],"curies":[{"name":"wp","href":"https:\/\/api.w.org\/{rel}","templated":true}]}}