{"id":2,"date":"2018-10-30T10:34:04","date_gmt":"2018-10-30T09:34:04","guid":{"rendered":"http:\/\/wordpress.nibis.de\/stsghrver\/?page_id=2"},"modified":"2024-10-17T08:53:37","modified_gmt":"2024-10-17T06:53:37","slug":"beispiel-seite","status":"publish","type":"page","link":"https:\/\/wordpress.nibis.de\/stsghrver\/beispiel-seite\/","title":{"rendered":"Unser Studienseminar"},"content":{"rendered":"<p>In der Ausbildung der Lehrkr\u00e4fte stehen der Erwerb und die Erweiterung fachdidaktischer, methodischer, p\u00e4dagogischer und personaler Kompetenzen im Mittelpunkt.\u00a0 Ziel ist es, Unterricht lernf\u00f6rderlich durchf\u00fchren zu k\u00f6nnen.<\/p>\n<p>Unsere <strong>Ausbildungsf\u00e4cher<\/strong> sind Biologie, Chemie, Deutsch, Englisch, Evangelische Religion, Geschichte, Kunst, Mathematik, Musik, Politik, Sachunterricht, Sport, Textiles Gestalten und Wirtschaft.<\/p>\n<p>Zus\u00e4tzlich k\u00f6nnen <strong>Zusatzqualifikationen<\/strong> zur Weiterentwicklung der Medienkompetenz und zum professionellen Umgang mit Konflikten erworben werden.<\/p>\n","protected":false},"excerpt":{"rendered":"<p>In der Ausbildung der Lehrkr\u00e4fte stehen der Erwerb und die Erweiterung fachdidaktischer, methodischer, p\u00e4dagogischer und personaler Kompetenzen im Mittelpunkt.\u00a0 Ziel ist es, Unterricht lernf\u00f6rderlich durchf\u00fchren zu k\u00f6nnen. Unsere Ausbildungsf\u00e4cher sind Biologie, Chemie, Deutsch, Englisch, Evangelische Religion, Geschichte, Kunst, Mathematik, Musik, Politik, Sachunterricht, Sport, Textiles Gestalten und Wirtschaft. Zus\u00e4tzlich k\u00f6nnen Zusatzqualifikationen zur Weiterentwicklung der Medienkompetenz und [&hellip;]<\/p>\n","protected":false},"author":9192830,"featured_media":0,"parent":0,"menu_order":0,"comment_status":"closed","ping_status":"closed","template":"","meta":{"footnotes":""},"class_list":["post-2","page","type-page","status-publish","hentry"],"_links":{"self":[{"href":"https:\/\/wordpress.nibis.de\/stsghrver\/wp-json\/wp\/v2\/pages\/2","targetHints":{"allow":["GET"]}}],"collection":[{"href":"https:\/\/wordpress.nibis.de\/stsghrver\/wp-json\/wp\/v2\/pages"}],"about":[{"href":"https:\/\/wordpress.nibis.de\/stsghrver\/wp-json\/wp\/v2\/types\/page"}],"author":[{"embeddable":true,"href":"https:\/\/wordpress.nibis.de\/stsghrver\/wp-json\/wp\/v2\/users\/9192830"}],"replies":[{"embeddable":true,"href":"https:\/\/wordpress.nibis.de\/stsghrver\/wp-json\/wp\/v2\/comments?post=2"}],"version-history":[{"count":23,"href":"https:\/\/wordpress.nibis.de\/stsghrver\/wp-json\/wp\/v2\/pages\/2\/revisions"}],"predecessor-version":[{"id":869,"href":"https:\/\/wordpress.nibis.de\/stsghrver\/wp-json\/wp\/v2\/pages\/2\/revisions\/869"}],"wp:attachment":[{"href":"https:\/\/wordpress.nibis.de\/stsghrver\/wp-json\/wp\/v2\/media?parent=2"}],"curies":[{"name":"wp","href":"https:\/\/api.w.org\/{rel}","templated":true}]}}