{"id":945,"date":"2025-03-13T12:22:28","date_gmt":"2025-03-13T11:22:28","guid":{"rendered":"https:\/\/wordpress.nibis.de\/stsghrver\/?page_id=945"},"modified":"2025-07-24T11:04:12","modified_gmt":"2025-07-24T09:04:12","slug":"unser-standort","status":"publish","type":"page","link":"https:\/\/wordpress.nibis.de\/stsghrver\/unser-standort\/","title":{"rendered":"Unser Standort"},"content":{"rendered":"\n<p>\u00a0<\/p>\n<p><img loading=\"lazy\" decoding=\"async\" class=\"size-medium wp-image-775 aligncenter\" src=\"https:\/\/wordpress.nibis.de\/stsghrver\/files\/2024\/09\/Gebaeude-850x478.jpg\" alt=\"\" width=\"850\" height=\"478\" srcset=\"https:\/\/wordpress.nibis.de\/stsghrver\/files\/2024\/09\/Gebaeude-850x478.jpg 850w, https:\/\/wordpress.nibis.de\/stsghrver\/files\/2024\/09\/Gebaeude-1200x675.jpg 1200w, https:\/\/wordpress.nibis.de\/stsghrver\/files\/2024\/09\/Gebaeude-250x141.jpg 250w\" sizes=\"auto, (max-width: 850px) 100vw, 850px\" \/><\/p>\n<p>Unser Studienseminar hat seinen Sitz seit 1977 in Verden. Es liegt in der Altstadt Verdens in der N\u00e4he des historischen Doms und der Andreaskirche nahe am Ufer der Aller in einem Fachwerkbau aus dem 18. Jahrhundert.<\/p>\n<p>Schauen Sie gerne pers\u00f6nlich in unserem sch\u00f6nen Seminargeb\u00e4ude vorbei.<\/p>\n<p>Das Seminar ist verkehrstechnisch sehr gut erreichbar.\u00a0Verden liegt an der A 27 zwischen den St\u00e4dten Hannover und Bremen. Wir sind auch mit \u00f6ffentlichen Verkehrsmitteln gut zu erreichen. Der Bahnhof Verden ist fu\u00dfl\u00e4ufig vom Studienseminar ca. 10 Minuten entfernt.<\/p>\n<p>\u00a0<\/p>\n","protected":false},"excerpt":{"rendered":"<p>\u00a0 Unser Studienseminar hat seinen Sitz seit 1977 in Verden. Es liegt in der Altstadt Verdens in der N\u00e4he des historischen Doms und der Andreaskirche nahe am Ufer der Aller in einem Fachwerkbau aus dem 18. Jahrhundert. Schauen Sie gerne pers\u00f6nlich in unserem sch\u00f6nen Seminargeb\u00e4ude vorbei. Das Seminar ist verkehrstechnisch sehr gut erreichbar.\u00a0Verden liegt an [&hellip;]<\/p>\n","protected":false},"author":9192830,"featured_media":0,"parent":0,"menu_order":0,"comment_status":"closed","ping_status":"closed","template":"","meta":{"footnotes":""},"class_list":["post-945","page","type-page","status-publish","hentry"],"_links":{"self":[{"href":"https:\/\/wordpress.nibis.de\/stsghrver\/wp-json\/wp\/v2\/pages\/945","targetHints":{"allow":["GET"]}}],"collection":[{"href":"https:\/\/wordpress.nibis.de\/stsghrver\/wp-json\/wp\/v2\/pages"}],"about":[{"href":"https:\/\/wordpress.nibis.de\/stsghrver\/wp-json\/wp\/v2\/types\/page"}],"author":[{"embeddable":true,"href":"https:\/\/wordpress.nibis.de\/stsghrver\/wp-json\/wp\/v2\/users\/9192830"}],"replies":[{"embeddable":true,"href":"https:\/\/wordpress.nibis.de\/stsghrver\/wp-json\/wp\/v2\/comments?post=945"}],"version-history":[{"count":8,"href":"https:\/\/wordpress.nibis.de\/stsghrver\/wp-json\/wp\/v2\/pages\/945\/revisions"}],"predecessor-version":[{"id":1041,"href":"https:\/\/wordpress.nibis.de\/stsghrver\/wp-json\/wp\/v2\/pages\/945\/revisions\/1041"}],"wp:attachment":[{"href":"https:\/\/wordpress.nibis.de\/stsghrver\/wp-json\/wp\/v2\/media?parent=945"}],"curies":[{"name":"wp","href":"https:\/\/api.w.org\/{rel}","templated":true}]}}