{"id":949,"date":"2025-03-13T12:24:00","date_gmt":"2025-03-13T11:24:00","guid":{"rendered":"https:\/\/wordpress.nibis.de\/stsghrver\/?page_id=949"},"modified":"2025-03-13T12:35:29","modified_gmt":"2025-03-13T11:35:29","slug":"unsere-aufgaben","status":"publish","type":"page","link":"https:\/\/wordpress.nibis.de\/stsghrver\/unsere-aufgaben\/","title":{"rendered":"Unsere Aufgaben"},"content":{"rendered":"\n<p>Wir begleiten angehende Lehrerinnen und Lehrer f\u00fcr das Lehramt an Grundschulen und das Lehramt an Haupt- und Realschulen bei ihrer Professionalisierung und auf ihrem Weg zur Staatspr\u00fcfung.<\/p>\n<p>Wir \u00fcbernehmen zudem p\u00e4dagogisch-didaktische Qualifizierungen f\u00fcr Quereinsteigerinnen und Quereinsteiger in den Schuldienst und f\u00fchren Anpassungslehrg\u00e4nge f\u00fcr Lehrerinnen und Lehrer aus anderen Nationen durch.<\/p>\n<p>N\u00e4here Informationen zur Bewerbung und Einstellung in den Vorbereitungsdienst finden Sie im\u00a0<a href=\"https:\/\/bildungsportal-niedersachsen.de\/schulorganisation\/in-schule-arbeiten\/lehrkraft-werden\/vorbereitungsdienst\"><strong>Bildungsportal Niedersachsen<\/strong><\/a>. Im Bildungsportal k\u00f6nnen Sie sich \u00fcber weitere\u00a0<a href=\"https:\/\/bildungsportal-niedersachsen.de\/schulorganisation\/in-schule-arbeiten\/lehrkraft-werden\"><strong>Wege in den Schuldienst<\/strong><\/a>\u00a0informieren.<\/p>\n<p>Im Rahmen von GHR 300 sind wir seit 2012 Mitglied in den Regionalnetzen der Universit\u00e4ten Oldenburg und Vechta.<\/p>\n","protected":false},"excerpt":{"rendered":"<p>Wir begleiten angehende Lehrerinnen und Lehrer f\u00fcr das Lehramt an Grundschulen und das Lehramt an Haupt- und Realschulen bei ihrer Professionalisierung und auf ihrem Weg zur Staatspr\u00fcfung. Wir \u00fcbernehmen zudem p\u00e4dagogisch-didaktische Qualifizierungen f\u00fcr Quereinsteigerinnen und Quereinsteiger in den Schuldienst und f\u00fchren Anpassungslehrg\u00e4nge f\u00fcr Lehrerinnen und Lehrer aus anderen Nationen durch. N\u00e4here Informationen zur Bewerbung und [&hellip;]<\/p>\n","protected":false},"author":9192830,"featured_media":0,"parent":0,"menu_order":0,"comment_status":"closed","ping_status":"closed","template":"","meta":{"footnotes":""},"class_list":["post-949","page","type-page","status-publish","hentry"],"_links":{"self":[{"href":"https:\/\/wordpress.nibis.de\/stsghrver\/wp-json\/wp\/v2\/pages\/949","targetHints":{"allow":["GET"]}}],"collection":[{"href":"https:\/\/wordpress.nibis.de\/stsghrver\/wp-json\/wp\/v2\/pages"}],"about":[{"href":"https:\/\/wordpress.nibis.de\/stsghrver\/wp-json\/wp\/v2\/types\/page"}],"author":[{"embeddable":true,"href":"https:\/\/wordpress.nibis.de\/stsghrver\/wp-json\/wp\/v2\/users\/9192830"}],"replies":[{"embeddable":true,"href":"https:\/\/wordpress.nibis.de\/stsghrver\/wp-json\/wp\/v2\/comments?post=949"}],"version-history":[{"count":5,"href":"https:\/\/wordpress.nibis.de\/stsghrver\/wp-json\/wp\/v2\/pages\/949\/revisions"}],"predecessor-version":[{"id":969,"href":"https:\/\/wordpress.nibis.de\/stsghrver\/wp-json\/wp\/v2\/pages\/949\/revisions\/969"}],"wp:attachment":[{"href":"https:\/\/wordpress.nibis.de\/stsghrver\/wp-json\/wp\/v2\/media?parent=949"}],"curies":[{"name":"wp","href":"https:\/\/api.w.org\/{rel}","templated":true}]}}