{"id":953,"date":"2025-03-13T12:24:47","date_gmt":"2025-03-13T11:24:47","guid":{"rendered":"https:\/\/wordpress.nibis.de\/stsghrver\/?page_id=953"},"modified":"2025-08-04T13:01:10","modified_gmt":"2025-08-04T11:01:10","slug":"unsere-ausbildungsreigion","status":"publish","type":"page","link":"https:\/\/wordpress.nibis.de\/stsghrver\/unsere-ausbildungsreigion\/","title":{"rendered":"Unsere Ausbildungsregion"},"content":{"rendered":"\n<p>Unsere Ausbildungsschulen befinden sich in den Landkreisen <a href=\"https:\/\/www.landkreis-osterholz.de\/\"><strong>Osterholz<\/strong><\/a>,<strong> <a href=\"https:\/\/www.landkreis-verden.de\/\">Verden<\/a><\/strong>, <a href=\"https:\/\/www.lk-row.de\/\"><strong>Rotenburg\/W\u00fcmme<\/strong><\/a> und im <a href=\"https:\/\/www.heidekreis.de\/home.aspx\"><strong>Heidekreis<\/strong>.<\/a><\/p>\n<p>In unserem Einzugsbereich gibt es eine&nbsp;Vielfalt an Wohnraum, der ein Wohnen in gro\u00dfst\u00e4dtischen, kleinst\u00e4dtischen bis hin zu l\u00e4ndlichen R\u00e4umen erm\u00f6glicht.<\/p>\n<p>&nbsp;<\/p>\n\n\n\n<div class=\"wp-block-image\"><figure class=\"aligncenter size-large\"><img loading=\"lazy\" decoding=\"async\" width=\"1009\" height=\"675\" src=\"https:\/\/wordpress.nibis.de\/stsghrver\/files\/2025\/08\/IMG_0658-1009x675.jpeg\" alt=\"\" class=\"wp-image-1050\" \/><\/figure><\/div>\n\n\n","protected":false},"excerpt":{"rendered":"<p>Unsere Ausbildungsschulen befinden sich in den Landkreisen Osterholz, Verden, Rotenburg\/W\u00fcmme und im Heidekreis. In unserem Einzugsbereich gibt es eine&nbsp;Vielfalt an Wohnraum, der ein Wohnen in gro\u00dfst\u00e4dtischen, kleinst\u00e4dtischen bis hin zu l\u00e4ndlichen R\u00e4umen erm\u00f6glicht. &nbsp;<\/p>\n","protected":false},"author":9192830,"featured_media":0,"parent":0,"menu_order":0,"comment_status":"closed","ping_status":"closed","template":"","meta":{"footnotes":""},"class_list":["post-953","page","type-page","status-publish","hentry"],"_links":{"self":[{"href":"https:\/\/wordpress.nibis.de\/stsghrver\/wp-json\/wp\/v2\/pages\/953","targetHints":{"allow":["GET"]}}],"collection":[{"href":"https:\/\/wordpress.nibis.de\/stsghrver\/wp-json\/wp\/v2\/pages"}],"about":[{"href":"https:\/\/wordpress.nibis.de\/stsghrver\/wp-json\/wp\/v2\/types\/page"}],"author":[{"embeddable":true,"href":"https:\/\/wordpress.nibis.de\/stsghrver\/wp-json\/wp\/v2\/users\/9192830"}],"replies":[{"embeddable":true,"href":"https:\/\/wordpress.nibis.de\/stsghrver\/wp-json\/wp\/v2\/comments?post=953"}],"version-history":[{"count":9,"href":"https:\/\/wordpress.nibis.de\/stsghrver\/wp-json\/wp\/v2\/pages\/953\/revisions"}],"predecessor-version":[{"id":1051,"href":"https:\/\/wordpress.nibis.de\/stsghrver\/wp-json\/wp\/v2\/pages\/953\/revisions\/1051"}],"wp:attachment":[{"href":"https:\/\/wordpress.nibis.de\/stsghrver\/wp-json\/wp\/v2\/media?parent=953"}],"curies":[{"name":"wp","href":"https:\/\/api.w.org\/{rel}","templated":true}]}}