{"id":1023,"date":"2018-09-23T18:31:44","date_gmt":"2018-09-23T16:31:44","guid":{"rendered":"http:\/\/wordpress.nibis.de\/stsgoegy\/?page_id=1023"},"modified":"2025-04-07T09:37:12","modified_gmt":"2025-04-07T07:37:12","slug":"kontakt-anreise-neu","status":"publish","type":"page","link":"https:\/\/wordpress.nibis.de\/stsgoegy\/service\/kontakt-anreise-neu\/","title":{"rendered":"Kontakt \/ Anreise \/ \u00d6ffnungszeiten"},"content":{"rendered":"<p>Das Studienseminar erreichen Sie hier :<\/p>\n<table style=\"width: 584px\" border=\"0\">\n<tbody>\n<tr>\n<td style=\"width: 90px\">per Post:<\/td>\n<td style=\"width: 494px\">Studienseminar G\u00f6ttingen f\u00fcr das Lehramt an Gymnasien<br \/>Waldweg 26<br \/>37073 G\u00f6ttingen<\/td>\n<\/tr>\n<tr>\n<td style=\"width: 90px\">per Telefon:<\/td>\n<td style=\"width: 494px\">0049-551-309854 83<\/td>\n<\/tr>\n<tr>\n<td style=\"width: 90px\">per Mail:<\/td>\n<td style=\"width: 494px\">&#x50;o&#x73;&#116;&#x73;&#116;&#x65;&#x6c;l&#x65;&#64;&#x73;&#101;&#x6d;&#105;n&#x61;&#114;&#x2d;&#103;&#x6f;&#101;-&#x6c;&#103;&#x79;&#109;&#x2e;&#78;i&#x65;d&#x65;&#114;&#x73;&#97;c&#x68;s&#x65;&#110;&#x2e;&#100;e<\/td>\n<\/tr>\n<\/tbody>\n<\/table>\n<p>\u00d6ffnungszeiten der Verwaltung:<\/p>\n<table style=\"width: 100%\">\n<tbody>\n<tr>\n<td style=\"width: 216px\">Montag, Dienstag und Donnerstag<\/td>\n<td style=\"width: 546.45px\">9 Uhr bis 14 Uhr<\/td>\n<\/tr>\n<tr>\n<td style=\"width: 216px\">Mittwoch<\/td>\n<td style=\"width: 546.45px\">9 Uhr bis 16 Uhr<\/td>\n<\/tr>\n<tr>\n<td style=\"width: 216px\">Freitag<\/td>\n<td style=\"width: 546.45px\">9 Uhr bis 13 Uhr<\/td>\n<\/tr>\n<\/tbody>\n<\/table>\n<h6><span style=\"font-size: 24pt\">Anreise<\/span><\/h6>\n<table style=\"width: 90.4787%;height: 562px\">\n<tbody>\n<tr style=\"height: 569px\">\n<td style=\"width: 656.8px;height: 562px\"><img loading=\"lazy\" decoding=\"async\" class=\"aligncenter size-full wp-image-542\" src=\"https:\/\/wordpress.nibis.de\/stsgoegy\/files\/map1-22000.jpg\" alt=\"\" width=\"690\" height=\"584\" srcset=\"https:\/\/wordpress.nibis.de\/stsgoegy\/files\/map1-22000.jpg 690w, https:\/\/wordpress.nibis.de\/stsgoegy\/files\/map1-22000-150x127.jpg 150w, https:\/\/wordpress.nibis.de\/stsgoegy\/files\/map1-22000-300x254.jpg 300w\" sizes=\"auto, (max-width: 690px) 100vw, 690px\" \/><\/td>\n<td style=\"width: 88.8px;height: 562px\"><a href=\"https:\/\/www.google.com\/maps\/place\/Waldweg+26,+37073+G%C3%B6ttingen\" target=\"_blank\" rel=\"noopener noreferrer\">Anreise mit Google-Maps<\/a><\/td>\n<\/tr>\n<\/tbody>\n<\/table>\n<p><span style=\"font-size: 8pt\">Daten von <a href=\"http:\/\/www.openstreetmap.org\/\">OpenStreetMap<\/a> &#8211; Ver\u00f6ffentlicht unter <a href=\"http:\/\/opendatacommons.org\/licenses\/odbl\/\">ODbL<\/a><\/span><\/p>\n\n\n<p>Sehr leicht k\u00f6nnen Sie uns auch mit \u00f6ffentlichen Verkehrsmitteln erreichen:\u00a0<\/p>\n<p>Direkt vor der T\u00fcr des Seminars befindet sich auch die Bushaltestelle<br \/>&#8222;Maria-Montessori-Weg&#8220; (<a href=\"https:\/\/goo.gl\/maps\/gaQAWKvpesqUDdXb8\" target=\"_blank\" rel=\"noopener\">Anreise mit Google-Maps<\/a>)<\/p>\n\n\n\n<h2 class=\"wp-block-heading\">Vor Ort <\/h2>\n\n\n\n<p>Unsere R\u00e4umlichkeiten befinden sich im ersten Stock im Geb\u00e4ude der Universit\u00e4t, Waldweg 26 (ehemalige PH). Der beste Zugang besteht \u00fcber den <strong>Nebeneingang<\/strong> des Geb\u00e4udekomplexes (bei der Litfa\u00dfs\u00e4ule, Parkstreifen) im Waldweg 26.<\/p>\n\n\n\n<p>\u00dcber die Treppe des Nebeneingangs gehen Sie in das Nebengeb\u00e4ude hinein; dort \u00fcberqueren Sie bitte geradeaus das Forum und nehmen die kleine Treppe geradeaus hoch in Richtung Bibliothek. Dort nehmen Sie gleich rechts gerichtet die Treppe in den 1. Stock (Beschilderung vorhanden) zu uns ins Studienseminar. Sie k\u00f6nnen direkt eintreten oder links neben der T\u00fcr klingeln, falls Sie au\u00dferhalb unserer \u00d6ffnungszeiten kommen sollten.<\/p>\n\n\n\n<p>Alternativ k\u00f6nnen Sie den <strong>Haupteingang<\/strong> des wei\u00dfen Hochhauses der Uni im Waldweg 26 nutzen. Dort biegen Sie nach Eintritt gleich links in den Gang hinein, an der Aula vorbei, am Innenhof vorbei und gehen diesen Gang bis zum Ende, bis Sie in das Forum (siehe oben) gelangen. Dort richten Sie sich rechts herum, nehmen die Stufen in Richtung Bibliothek, dann nehmen Sie gleich die Treppe rechts hoch (Beschilderung vorhanden) in den 1. Stock.<\/p>\n","protected":false},"excerpt":{"rendered":"<p>Das Studienseminar erreichen Sie hier : per Post: Studienseminar G\u00f6ttingen f\u00fcr das Lehramt an GymnasienWaldweg 2637073 G\u00f6ttingen per Telefon: 0049-551-309854 83 per Mail: &#x50;&#x6f;&#115;t&#x73;&#x74;&#101;ll&#x65;&#x40;&#115;e&#x6d;&#x69;&#110;&#97;r&#x2d;&#x67;&#111;e&#x2d;&#x6c;&#103;&#121;m&#x2e;&#x4e;&#105;e&#x64;&#x65;&#114;&#115;a&#x63;&#x68;&#115;e&#x6e;&#x2e;&#100;&#101; \u00d6ffnungszeiten der Verwaltung: Montag, Dienstag und Donnerstag 9 Uhr bis 14 Uhr Mittwoch 9 Uhr bis 16 Uhr Freitag 9 Uhr bis 13 Uhr Anreise Anreise mit Google-Maps Daten von OpenStreetMap &#8230; <a title=\"Kontakt \/ Anreise \/ \u00d6ffnungszeiten\" class=\"read-more\" href=\"https:\/\/wordpress.nibis.de\/stsgoegy\/service\/kontakt-anreise-neu\/\" aria-label=\"Mehr Informationen \u00fcber Kontakt \/ Anreise \/ \u00d6ffnungszeiten\">Weiterlesen<\/a><\/p>\n","protected":false},"author":1195,"featured_media":0,"parent":506,"menu_order":0,"comment_status":"closed","ping_status":"closed","template":"","meta":{"footnotes":""},"class_list":["post-1023","page","type-page","status-publish"],"_links":{"self":[{"href":"https:\/\/wordpress.nibis.de\/stsgoegy\/wp-json\/wp\/v2\/pages\/1023","targetHints":{"allow":["GET"]}}],"collection":[{"href":"https:\/\/wordpress.nibis.de\/stsgoegy\/wp-json\/wp\/v2\/pages"}],"about":[{"href":"https:\/\/wordpress.nibis.de\/stsgoegy\/wp-json\/wp\/v2\/types\/page"}],"author":[{"embeddable":true,"href":"https:\/\/wordpress.nibis.de\/stsgoegy\/wp-json\/wp\/v2\/users\/1195"}],"replies":[{"embeddable":true,"href":"https:\/\/wordpress.nibis.de\/stsgoegy\/wp-json\/wp\/v2\/comments?post=1023"}],"version-history":[{"count":22,"href":"https:\/\/wordpress.nibis.de\/stsgoegy\/wp-json\/wp\/v2\/pages\/1023\/revisions"}],"predecessor-version":[{"id":1872,"href":"https:\/\/wordpress.nibis.de\/stsgoegy\/wp-json\/wp\/v2\/pages\/1023\/revisions\/1872"}],"up":[{"embeddable":true,"href":"https:\/\/wordpress.nibis.de\/stsgoegy\/wp-json\/wp\/v2\/pages\/506"}],"wp:attachment":[{"href":"https:\/\/wordpress.nibis.de\/stsgoegy\/wp-json\/wp\/v2\/media?parent=1023"}],"curies":[{"name":"wp","href":"https:\/\/api.w.org\/{rel}","templated":true}]}}