{"id":1101,"date":"2019-07-29T11:57:54","date_gmt":"2019-07-29T09:57:54","guid":{"rendered":"https:\/\/wordpress.nibis.de\/stsgoegy\/?page_id=1101"},"modified":"2024-07-24T08:59:47","modified_gmt":"2024-07-24T06:59:47","slug":"die-ausbildungsstruktur","status":"publish","type":"page","link":"https:\/\/wordpress.nibis.de\/stsgoegy\/ausbildung\/die-ausbildungsstruktur\/","title":{"rendered":"Die Ausbildungsstruktur"},"content":{"rendered":"\n<p>Kennzeichnend f\u00fcr die Ausbildungsstruktur des Vorbereitungsdienstes sind drei parallele Ausbildungsstr\u00e4nge: <br \/>a) die Fachseminare und P\u00e4dagogischen Seminare (Module) in der fachlichen und p\u00e4dagogischen Ausbildung,<br \/>b) die auf die individuelle Entwicklung der einzelnen Auszubildenden zielende Beratung zur individuellen Kompetenzentwicklung durch Unterrichtsbesuche im Ausbildungsunterricht sowie<br \/>c) Ausbildungssituationen bzw. Handlungsfelder in der Ausbildungsschule (siehe Abbildung unten). <\/p>\n\n\n\n<p><\/p>\n\n\n\n<figure class=\"wp-block-image size-full is-resized\"><img loading=\"lazy\" decoding=\"async\" src=\"https:\/\/wordpress.nibis.de\/stsgoegy\/files\/Kompetenzorienitierte-Ausbildung.png\" alt=\"\" class=\"wp-image-1752\" width=\"803\" height=\"524\" srcset=\"https:\/\/wordpress.nibis.de\/stsgoegy\/files\/Kompetenzorienitierte-Ausbildung.png 694w, https:\/\/wordpress.nibis.de\/stsgoegy\/files\/Kompetenzorienitierte-Ausbildung-216x141.png 216w\" sizes=\"auto, (max-width: 803px) 100vw, 803px\" \/><\/figure>\n\n\n\n<p>Die Ausbildung im Studienseminar G\u00f6ttingen ist kompetenzorientiert angelegt. Die f\u00fcr die jeweiligen F\u00e4cher konstitutiven fachspezifischen Kompetenzen sowie fach\u00fcbergreifenden Kompetenzen ber\u00fccksichtigen die Bereiche <em>Wissen, K\u00f6nnen und Haltung<\/em>; sie werden in den P\u00e4dagogischen Kernmodulen sowie in den beiden Fachseminaren durch eine Theorie-Praxis-Vernetzung mit anschlie\u00dfender Reflexion angelegt sowie durch seminarbegleitende Aufgaben zur Kompetenzentwicklung gef\u00f6rdert. Die individuelle Professionalisierung erfolgt durch individuelle Beratungen bei Unterrichtsbesuchen, durch individuelle Zielvereinbarungen sowie durch das Gespr\u00e4ch zum Ausbildungsstand auf der Basis der Reflexion der individuellen Kompetenzentwicklung in Kongruenz zu den Ausbildungsstandards. Die Ausbildung im Berufsfeld Schule findet berufsbegleitend statt und richtet sich nach dem jeweiligen Konzept sowie den Angeboten der Ausbildungsschule.\u00a0<\/p>\n","protected":false},"excerpt":{"rendered":"<p>Kennzeichnend f\u00fcr die Ausbildungsstruktur des Vorbereitungsdienstes sind drei parallele Ausbildungsstr\u00e4nge: a) die Fachseminare und P\u00e4dagogischen Seminare (Module) in der fachlichen und p\u00e4dagogischen Ausbildung,b) die auf die individuelle Entwicklung der einzelnen Auszubildenden zielende Beratung zur individuellen Kompetenzentwicklung durch Unterrichtsbesuche im Ausbildungsunterricht sowiec) Ausbildungssituationen bzw. Handlungsfelder in der Ausbildungsschule (siehe Abbildung unten). Die Ausbildung im Studienseminar G\u00f6ttingen &#8230; <a title=\"Die Ausbildungsstruktur\" class=\"read-more\" href=\"https:\/\/wordpress.nibis.de\/stsgoegy\/ausbildung\/die-ausbildungsstruktur\/\" aria-label=\"Mehr Informationen \u00fcber Die Ausbildungsstruktur\">Weiterlesen<\/a><\/p>\n","protected":false},"author":1195,"featured_media":0,"parent":433,"menu_order":0,"comment_status":"closed","ping_status":"closed","template":"","meta":{"footnotes":""},"class_list":["post-1101","page","type-page","status-publish"],"_links":{"self":[{"href":"https:\/\/wordpress.nibis.de\/stsgoegy\/wp-json\/wp\/v2\/pages\/1101","targetHints":{"allow":["GET"]}}],"collection":[{"href":"https:\/\/wordpress.nibis.de\/stsgoegy\/wp-json\/wp\/v2\/pages"}],"about":[{"href":"https:\/\/wordpress.nibis.de\/stsgoegy\/wp-json\/wp\/v2\/types\/page"}],"author":[{"embeddable":true,"href":"https:\/\/wordpress.nibis.de\/stsgoegy\/wp-json\/wp\/v2\/users\/1195"}],"replies":[{"embeddable":true,"href":"https:\/\/wordpress.nibis.de\/stsgoegy\/wp-json\/wp\/v2\/comments?post=1101"}],"version-history":[{"count":10,"href":"https:\/\/wordpress.nibis.de\/stsgoegy\/wp-json\/wp\/v2\/pages\/1101\/revisions"}],"predecessor-version":[{"id":1753,"href":"https:\/\/wordpress.nibis.de\/stsgoegy\/wp-json\/wp\/v2\/pages\/1101\/revisions\/1753"}],"up":[{"embeddable":true,"href":"https:\/\/wordpress.nibis.de\/stsgoegy\/wp-json\/wp\/v2\/pages\/433"}],"wp:attachment":[{"href":"https:\/\/wordpress.nibis.de\/stsgoegy\/wp-json\/wp\/v2\/media?parent=1101"}],"curies":[{"name":"wp","href":"https:\/\/api.w.org\/{rel}","templated":true}]}}