{"id":151,"date":"2013-03-12T13:57:21","date_gmt":"2013-03-12T12:57:21","guid":{"rendered":"http:\/\/wordpress.nibis.de\/stsgoegy\/?page_id=151"},"modified":"2024-10-25T11:52:10","modified_gmt":"2024-10-25T09:52:10","slug":"ausbildungsschule","status":"publish","type":"page","link":"https:\/\/wordpress.nibis.de\/stsgoegy\/ausbildung\/ausbildungsschule\/","title":{"rendered":"Ausbildungsschulen"},"content":{"rendered":"<p style=\"text-align: justify\">In unserem gemeinsam vereinbarten Ausbildungskonzept werden die Ausbildungsanteile der Schulen bzw. der an Ausbildung beteiligten Akteurinnen und Akteure in unseren Ausbildungsschulen transparent dargelegt. Ziel ist es, gemeinsam eine zukunftsorientierte, gute Ausbildung f\u00fcr unsere Lehrkr\u00e4fte vor Ort zu gew\u00e4hrleisten. Dazu geh\u00f6ren auch regem\u00e4\u00dfige Treffen mit den Schulleiterinnen und Schulleitern sowie mit den jeweiligen Ausbildungsbeauftragten, um Optimierungsm\u00f6glichkeiten je nach Notwendigkeit und Bedarf auszuloten und die Zusammenarbeit weiter zu st\u00e4rken. Unsere Ausbildungsschulen bieten auch durch ihre individuellen p\u00e4dagogischen Profile optimale Ausbildungsbedingungen und verf\u00fcgen alle \u00fcber Expertinnen und Experten, um den Start an der Schule als Lehrkraft im Vorbereitungsdienst sowie die Ausbildung vor Ort positiv zu begleiten und zu unterst\u00fctzen.<\/p>\n<p>\u00a0<\/p>\n<p><a href=\"https:\/\/wordpress.nibis.de\/stsgoegy\/files\/Ausbildungschulen2022.jpg\"><img loading=\"lazy\" decoding=\"async\" class=\"aligncenter size-full wp-image-1413\" src=\"https:\/\/wordpress.nibis.de\/stsgoegy\/files\/Ausbildungschulen2022.jpg\" alt=\"\" width=\"777\" height=\"762\" srcset=\"https:\/\/wordpress.nibis.de\/stsgoegy\/files\/Ausbildungschulen2022.jpg 777w, https:\/\/wordpress.nibis.de\/stsgoegy\/files\/Ausbildungschulen2022-144x141.jpg 144w, https:\/\/wordpress.nibis.de\/stsgoegy\/files\/Ausbildungschulen2022-768x753.jpg 768w\" sizes=\"auto, (max-width: 777px) 100vw, 777px\" \/><\/a><\/p>\n<table style=\"width: 100%\">\n<tbody>\n<tr style=\"height: 24px\">\n<td style=\"height: 72.75px;width: 50.776%\" rowspan=\"2\">Gymnasium Corvinianum, Northeim<\/td>\n<td style=\"height: 24px;width: 40.224%;text-align: left\"><img loading=\"lazy\" decoding=\"async\" class=\"alignleft wp-image-439 size-thumbnail\" src=\"http:\/\/wordpress.nibis.de\/stsgoegy\/files\/Corvi-150x84.jpg\" alt=\"corvi\" width=\"150\" height=\"84\" \/><\/td>\n<\/tr>\n<tr style=\"height: 48.75px\">\n<td style=\"height: 48.75px;width: 40.224%\">\n<div class=\"_eFb\">\n<div class=\"_mr kno-fb-ctx\"><span class=\"_xdb\">Telefon: 05551\/20 82<\/span><\/div>\n<div class=\"_mr kno-fb-ctx\">Homepage: <a href=\"http:\/\/www.corvinianum.de\/\" target=\"_blank\" rel=\"noopener noreferrer\">corvinianum.de<\/a><\/div>\n<\/div>\n<\/td>\n<\/tr>\n<\/tbody>\n<\/table>\n<div class=\"_eFb\">\n<div class=\"_mr kno-fb-ctx\">\n<table style=\"width: 100%\">\n<tbody>\n<tr style=\"height: 24px\">\n<td style=\"height: 72.75px;width: 51.1344%\" rowspan=\"2\">Eichsfeld-Gymnasium, Duderstadt<\/td>\n<td style=\"height: 24px;width: 40.8656%\"><img loading=\"lazy\" decoding=\"async\" class=\"alignleft wp-image-440 size-thumbnail\" src=\"http:\/\/wordpress.nibis.de\/stsgoegy\/files\/Eichsfeld-150x53.jpg\" alt=\"eichsfeld\" width=\"150\" height=\"53\" srcset=\"https:\/\/wordpress.nibis.de\/stsgoegy\/files\/Eichsfeld-150x53.jpg 150w, https:\/\/wordpress.nibis.de\/stsgoegy\/files\/Eichsfeld.jpg 249w\" sizes=\"auto, (max-width: 150px) 100vw, 150px\" \/><\/td>\n<\/tr>\n<tr style=\"height: 48.75px\">\n<td style=\"height: 48.75px;width: 40.8656%\">\n<div class=\"_eFb\">\n<div class=\"_mr kno-fb-ctx\"><span class=\"_xdb\">Telefon: 05527\/849588-0 <\/span><\/div>\n<div class=\"_mr kno-fb-ctx\">Homepage: <a href=\"http:\/\/www.eichsfeld-gymnasium.de\/\" target=\"_blank\" rel=\"noopener noreferrer\">eichsfeld-gymnasium.de<\/a><\/div>\n<\/div>\n<\/td>\n<\/tr>\n<\/tbody>\n<\/table>\n<\/div>\n<\/div>\n<table style=\"width: 100%\">\n<tbody>\n<tr style=\"height: 24px\">\n<td style=\"height: 72.75px;width: 53.2688%\" rowspan=\"2\">Ernst-Moritz-Arndt-Gymnasium, Herzberg<\/td>\n<td style=\"height: 24px;width: 42.7312%\">\u00a0<img loading=\"lazy\" decoding=\"async\" class=\"alignleft wp-image-559 size-thumbnail\" src=\"http:\/\/wordpress.nibis.de\/stsgoegy\/files\/EMAG-Logo_transparent-150x147.png\" alt=\"emag-logo_transparent\" width=\"144\" height=\"141\" srcset=\"https:\/\/wordpress.nibis.de\/stsgoegy\/files\/EMAG-Logo_transparent-150x147.png 150w, https:\/\/wordpress.nibis.de\/stsgoegy\/files\/EMAG-Logo_transparent-300x293.png 300w, https:\/\/wordpress.nibis.de\/stsgoegy\/files\/EMAG-Logo_transparent.png 460w\" sizes=\"auto, (max-width: 144px) 100vw, 144px\" \/><\/td>\n<\/tr>\n<tr style=\"height: 48.75px\">\n<td style=\"height: 48.75px;width: 42.7312%\">\n<div class=\"_eFb\">\n<div class=\"_mr kno-fb-ctx\"><span class=\"_xdb\">Telefon: <span style=\"font-size: medium\">05521\/9973-0<\/span><\/span><\/div>\n<div class=\"_mr kno-fb-ctx\">Homepage: <a href=\"http:\/\/www.ema-gym.de\/\" target=\"_blank\" rel=\"noopener noreferrer\">ema-gym.de<\/a><\/div>\n<\/div>\n<\/td>\n<\/tr>\n<\/tbody>\n<\/table>\n<table style=\"width: 100%\">\n<tbody>\n<tr style=\"height: 24px\">\n<td style=\"height: 72.35px;width: 53.1792%\" rowspan=\"2\">Felix-Klein-Gymnasium, G\u00f6ttingen<\/td>\n<td style=\"height: 24px;width: 42.8208%\"><img loading=\"lazy\" decoding=\"async\" class=\"alignleft wp-image-441\" src=\"http:\/\/wordpress.nibis.de\/stsgoegy\/files\/FkG-150x112.jpg\" alt=\"fkg\" width=\"141\" height=\"105\" srcset=\"https:\/\/wordpress.nibis.de\/stsgoegy\/files\/FkG-150x112.jpg 150w, https:\/\/wordpress.nibis.de\/stsgoegy\/files\/FkG.jpg 223w\" sizes=\"auto, (max-width: 141px) 100vw, 141px\" \/><\/td>\n<\/tr>\n<tr style=\"height: 48.35px\">\n<td style=\"height: 48.35px;width: 42.8208%\">\n<div class=\"_eFb\">\n<div class=\"_mr kno-fb-ctx\"><span class=\"_xdb\">Telefon: 0551\/400-2909<\/span><\/div>\n<div class=\"_mr kno-fb-ctx\">Homepage: <a href=\"http:\/\/www.fkg-goettingen.de\/front_content.php\" target=\"_blank\" rel=\"noopener noreferrer\">fkg-goettingen.de<\/a><\/div>\n<\/div>\n<\/td>\n<\/tr>\n<\/tbody>\n<\/table>\n<table style=\"width: 100%\">\n<tbody>\n<tr style=\"height: 24.3px\">\n<td style=\"height: 72.3px;width: 52.0591%\" rowspan=\"2\">Georg-Christoph-Lichtenberg-Gesamtschule, G\u00f6ttingen<\/td>\n<td style=\"height: 24.3px;width: 41.9409%\"><img loading=\"lazy\" decoding=\"async\" class=\"alignleft wp-image-563\" src=\"http:\/\/wordpress.nibis.de\/stsgoegy\/files\/IGS-Logo-Elmar-300x240.jpg\" alt=\"igs-logo-elmar\" width=\"151\" height=\"121\" srcset=\"https:\/\/wordpress.nibis.de\/stsgoegy\/files\/IGS-Logo-Elmar-300x240.jpg 300w, https:\/\/wordpress.nibis.de\/stsgoegy\/files\/IGS-Logo-Elmar-150x120.jpg 150w, https:\/\/wordpress.nibis.de\/stsgoegy\/files\/IGS-Logo-Elmar-768x615.jpg 768w, https:\/\/wordpress.nibis.de\/stsgoegy\/files\/IGS-Logo-Elmar.jpg 972w\" sizes=\"auto, (max-width: 151px) 100vw, 151px\" \/><\/td>\n<\/tr>\n<tr style=\"height: 48px\">\n<td style=\"height: 48px;width: 41.9409%\">\n<div class=\"_eFb\">\n<div class=\"_mr kno-fb-ctx\"><span class=\"_xdb\">Telefon: 0551\/400-51 34<\/span><\/div>\n<div class=\"_mr kno-fb-ctx\">Homepage: <a href=\"http:\/\/www.igs-goe.de\/home\/\" target=\"_blank\" rel=\"noopener noreferrer\">igs-goe.de<\/a><\/div>\n<\/div>\n<\/td>\n<\/tr>\n<\/tbody>\n<\/table>\n<table style=\"width: 100%\">\n<tbody>\n<tr style=\"height: 24px\">\n<td style=\"height: 72.75px;width: 53.5878%\" rowspan=\"2\">Geschwister-Scholl-Gesamtschule, G\u00f6ttingen<\/td>\n<td style=\"height: 24px;width: 43.4122%\"><img loading=\"lazy\" decoding=\"async\" class=\"alignleft wp-image-647\" src=\"http:\/\/wordpress.nibis.de\/stsgoegy\/files\/GSG-BL-140x141.jpg\" alt=\"gsg\" width=\"110\" height=\"111\" srcset=\"https:\/\/wordpress.nibis.de\/stsgoegy\/files\/GSG-BL-140x141.jpg 140w, https:\/\/wordpress.nibis.de\/stsgoegy\/files\/GSG-BL.jpg 574w\" sizes=\"auto, (max-width: 110px) 100vw, 110px\" \/><\/td>\n<\/tr>\n<tr style=\"height: 48.75px\">\n<td style=\"height: 48.75px;width: 43.4122%\">\n<div class=\"_eFb\">\n<div class=\"_mr kno-fb-ctx\"><span class=\"_xdb\">Telefon: <span class=\"line2\">0551\/400-5312<\/span><\/span><\/div>\n<div class=\"_mr kno-fb-ctx\">Homepage: <a href=\"http:\/\/www.gsg-goettingen.de\" target=\"_blank\" rel=\"noopener noreferrer\">gsg-goettingen.de<\/a><\/div>\n<\/div>\n<\/td>\n<\/tr>\n<\/tbody>\n<\/table>\n<table style=\"width: 100%\">\n<tbody>\n<tr style=\"height: 24px\">\n<td style=\"height: 72.75px;width: 54.4086%\" rowspan=\"2\">Goethe-Gymnasium, Einbeck<\/td>\n<td style=\"height: 24px;width: 43.5914%\"><img loading=\"lazy\" decoding=\"async\" class=\"alignleft wp-image-560\" src=\"http:\/\/wordpress.nibis.de\/stsgoegy\/files\/Goetheschule-Einbeck2-300x114.png\" alt=\"goetheschule-einbeck2\" width=\"234\" height=\"89\" srcset=\"https:\/\/wordpress.nibis.de\/stsgoegy\/files\/Goetheschule-Einbeck2-300x114.png 300w, https:\/\/wordpress.nibis.de\/stsgoegy\/files\/Goetheschule-Einbeck2-150x57.png 150w, https:\/\/wordpress.nibis.de\/stsgoegy\/files\/Goetheschule-Einbeck2.png 600w\" sizes=\"auto, (max-width: 234px) 100vw, 234px\" \/><\/td>\n<\/tr>\n<tr style=\"height: 48.75px\">\n<td style=\"height: 48.75px;width: 43.5914%\">\n<div class=\"_eFb\">\n<div class=\"_mr kno-fb-ctx\"><span class=\"_xdb\">Telefon: 05561\/9388-0 <\/span><\/div>\n<div class=\"_mr kno-fb-ctx\">Homepage: <a href=\"http:\/\/www.goetheschule-einbeck.de\/\" target=\"_blank\" rel=\"noopener noreferrer\">goetheschule-einbeck.de<\/a><\/div>\n<\/div>\n<\/td>\n<\/tr>\n<\/tbody>\n<\/table>\n<table style=\"width: 100%\">\n<tbody>\n<tr style=\"height: 24px\">\n<td style=\"height: 72.75px;width: 51.6416%\" rowspan=\"2\">Grotefend-Gymnasium, Hann. M\u00fcnden<\/td>\n<td style=\"height: 24px;width: 41.3584%\"><img loading=\"lazy\" decoding=\"async\" class=\"alignleft wp-image-562\" src=\"http:\/\/wordpress.nibis.de\/stsgoegy\/files\/hannm\u00fcnden.png\" alt=\"hannmuenden\" width=\"108\" height=\"142\" srcset=\"https:\/\/wordpress.nibis.de\/stsgoegy\/files\/hannm\u00fcnden.png 170w, https:\/\/wordpress.nibis.de\/stsgoegy\/files\/hannm\u00fcnden-114x150.png 114w\" sizes=\"auto, (max-width: 108px) 100vw, 108px\" \/><\/td>\n<\/tr>\n<tr style=\"height: 48.75px\">\n<td style=\"height: 48.75px;width: 41.3584%\">\n<div class=\"_eFb\">\n<div class=\"_mr kno-fb-ctx\"><span class=\"_xdb\">Telefon: 05541\/9803-0<\/span><\/div>\n<div class=\"_mr kno-fb-ctx\">Homepage: <a href=\"http:\/\/www.grotefend-gymnasium.de\/index.php?id=67&amp;no_cache=1\" target=\"_blank\" rel=\"noopener noreferrer\">grotefend-gymnasium.de<\/a><\/div>\n<\/div>\n<\/td>\n<\/tr>\n<\/tbody>\n<\/table>\n<table style=\"width: 100%;height: 72px\">\n<tbody>\n<tr style=\"height: 24px\">\n<td style=\"height: 72px;width: 51.1792%\" rowspan=\"2\">Gymnasium Uslar<\/td>\n<td style=\"height: 24px;width: 40.8208%\"><img loading=\"lazy\" decoding=\"async\" class=\"alignnone wp-image-566 size-thumbnail\" src=\"http:\/\/wordpress.nibis.de\/stsgoegy\/files\/Uslar-150x81.jpg\" alt=\"image description\" width=\"150\" height=\"81\" srcset=\"https:\/\/wordpress.nibis.de\/stsgoegy\/files\/Uslar-150x81.jpg 150w, https:\/\/wordpress.nibis.de\/stsgoegy\/files\/Uslar.jpg 300w\" sizes=\"auto, (max-width: 150px) 100vw, 150px\" \/><\/td>\n<\/tr>\n<tr style=\"height: 48.75px\">\n<td style=\"height: 48px;width: 40.8208%\">\n<div class=\"_eFb\">\n<div class=\"_mr kno-fb-ctx\"><span class=\"_xdb\">Telefon: 05571\/912662 <\/span><\/div>\n<div class=\"_mr kno-fb-ctx\">Homepage: <a href=\"http:\/\/www.gymnasium-uslar.de\/\" target=\"_blank\" rel=\"noopener noreferrer\">gymnasium-uslar.de<\/a><\/div>\n<\/div>\n<\/td>\n<\/tr>\n<\/tbody>\n<\/table>\n<table style=\"width: 100%;height: 54px\">\n<tbody>\n<tr style=\"height: 24px\">\n<td style=\"height: 54px;width: 50.5072%\" rowspan=\"2\">Hainberg-Gymnasium, G\u00f6ttingen<\/td>\n<td style=\"height: 24px;width: 40.4928%\"><img loading=\"lazy\" decoding=\"async\" class=\"alignleft wp-image-442\" src=\"http:\/\/wordpress.nibis.de\/stsgoegy\/files\/HG.jpg\" alt=\"hg\" width=\"104\" height=\"104\" \/><\/td>\n<\/tr>\n<tr style=\"height: 48.75px\">\n<td style=\"height: 30px;width: 40.4928%\">\n<div class=\"_eFb\">\n<div class=\"_mr kno-fb-ctx\"><span class=\"_xdb\">Telefon: 0551\/4002913<\/span><\/div>\n<div class=\"_mr kno-fb-ctx\">Homepage: <a href=\"http:\/\/www.hainberg-gymnasium.de\/startseite\/\" target=\"_blank\" rel=\"noopener noreferrer\">hainberg-gymnasium.de<\/a><\/div>\n<\/div>\n<\/td>\n<\/tr>\n<\/tbody>\n<\/table>\n<table style=\"width: 100%;height: 164px\">\n<tbody>\n<tr style=\"height: 132px\">\n<td style=\"width: 50.5072%;height: 164px\" rowspan=\"2\">IGS-Bovenden, G\u00f6ttingen-Bovenden<\/td>\n<td style=\"width: 40.4928%;height: 132px\">\n<div class=\"_eFb\">\n<div class=\"_mr kno-fb-ctx\"><span class=\"_xdb\"> <img loading=\"lazy\" decoding=\"async\" class=\"wp-image-1191 alignleft\" src=\"https:\/\/wordpress.nibis.de\/stsgoegy\/files\/IGSBOV.jpg\" alt=\"\" width=\"109\" height=\"112\" srcset=\"https:\/\/wordpress.nibis.de\/stsgoegy\/files\/IGSBOV.jpg 240w, https:\/\/wordpress.nibis.de\/stsgoegy\/files\/IGSBOV-136x141.jpg 136w\" sizes=\"auto, (max-width: 109px) 100vw, 109px\" \/><\/span><\/div>\n<\/div>\n<\/td>\n<\/tr>\n<tr style=\"height: 60px\">\n<td style=\"width: 40.4928%;height: 32px\">\n<div class=\"_eFb\">\n<div class=\"_mr kno-fb-ctx\"><span class=\"_xdb\">Telefon: 0551\/307389-0<\/span><\/div>\n<div>Homepage: <a href=\"http:\/\/igs-bovenden.de\/\" target=\"_blank\" rel=\"noopener noreferrer\">igs-bovenden.de<\/a><\/div>\n<\/div>\n<\/td>\n<\/tr>\n<\/tbody>\n<\/table>\n<table style=\"width: 100%\">\n<tbody>\n<tr style=\"height: 24px\">\n<td style=\"height: 72.75px;width: 52.3584%\" rowspan=\"2\">KGS, Bad Lauterberg<\/td>\n<td style=\"height: 24px;width: 41.6416%\"><img loading=\"lazy\" decoding=\"async\" class=\"alignleft wp-image-612\" src=\"http:\/\/wordpress.nibis.de\/stsgoegy\/files\/KGS-LOGO2-135x141.jpg\" alt=\"kgs-logo2\" width=\"112\" height=\"117\" srcset=\"https:\/\/wordpress.nibis.de\/stsgoegy\/files\/KGS-LOGO2-135x141.jpg 135w, https:\/\/wordpress.nibis.de\/stsgoegy\/files\/KGS-LOGO2.jpg 584w\" sizes=\"auto, (max-width: 112px) 100vw, 112px\" \/><\/td>\n<\/tr>\n<tr style=\"height: 48.75px\">\n<td style=\"height: 48.75px;width: 41.6416%\">\n<div class=\"_eFb\">\n<div class=\"_mr kno-fb-ctx\"><span class=\"_xdb\">Telefon: 05524\/85210<\/span><\/div>\n<div class=\"_mr kno-fb-ctx\">Homepage: <a href=\"http:\/\/www.kgsbadlauterberg.de\/\" target=\"_blank\" rel=\"noopener noreferrer\">kgsbadlauterberg.de<\/a><\/div>\n<\/div>\n<\/td>\n<\/tr>\n<\/tbody>\n<\/table>\n<table style=\"width: 100%\">\n<tbody>\n<tr style=\"height: 24px\">\n<td style=\"height: 72.75px;width: 52.224%\" rowspan=\"2\">Kooperative Gesamtschule, Moringen<\/td>\n<td style=\"height: 24px;width: 41.776%\"><img loading=\"lazy\" decoding=\"async\" class=\"alignleft wp-image-564\" src=\"http:\/\/wordpress.nibis.de\/stsgoegy\/files\/Moringen-148x150.png\" alt=\"moringen\" width=\"117\" height=\"119\" srcset=\"https:\/\/wordpress.nibis.de\/stsgoegy\/files\/Moringen-148x150.png 148w, https:\/\/wordpress.nibis.de\/stsgoegy\/files\/Moringen-296x300.png 296w, https:\/\/wordpress.nibis.de\/stsgoegy\/files\/Moringen.png 546w\" sizes=\"auto, (max-width: 117px) 100vw, 117px\" \/><\/td>\n<\/tr>\n<tr style=\"height: 48.75px\">\n<td style=\"height: 48.75px;width: 41.776%\">\n<div class=\"_eFb\">\n<div class=\"_mr kno-fb-ctx\"><span class=\"_xdb\">Telefon: 05554\/99560<\/span><\/div>\n<div class=\"_mr kno-fb-ctx\">Homepage: <a href=\"http:\/\/kgsmoringen.de\/\" target=\"_blank\" rel=\"noopener noreferrer\">kgsmoringen.de<\/a><\/div>\n<\/div>\n<\/td>\n<\/tr>\n<\/tbody>\n<\/table>\n<table style=\"width: 100%;height: 222px\">\n<tbody>\n<tr style=\"height: 24px\">\n<td style=\"height: 72px;width: 53.9462%\" rowspan=\"2\">Max-Planck-Gymnasium, G\u00f6ttingen<\/td>\n<td style=\"height: 24px;width: 43.0538%\"><img loading=\"lazy\" decoding=\"async\" class=\"alignleft wp-image-443\" src=\"http:\/\/wordpress.nibis.de\/stsgoegy\/files\/mpg-150x140.png\" alt=\"mpg\" width=\"109\" height=\"102\" srcset=\"https:\/\/wordpress.nibis.de\/stsgoegy\/files\/mpg-150x140.png 150w, https:\/\/wordpress.nibis.de\/stsgoegy\/files\/mpg-300x281.png 300w, https:\/\/wordpress.nibis.de\/stsgoegy\/files\/mpg.png 400w\" sizes=\"auto, (max-width: 109px) 100vw, 109px\" \/><\/td>\n<\/tr>\n<tr style=\"height: 48.75px\">\n<td style=\"height: 48px;width: 43.0538%\">\n<div class=\"_eFb\">\n<div class=\"_mr kno-fb-ctx\"><span class=\"_xdb\">Telefon: 0551\/4004900<\/span><\/div>\n<div class=\"_mr kno-fb-ctx\">Homepage: <a href=\"http:\/\/www.mpgg.de\/\" target=\"_blank\" rel=\"noopener noreferrer\">mpgg.de<\/a><\/div>\n<\/div>\n<\/td>\n<\/tr>\n<\/tbody>\n<\/table>\n<table style=\"width: 100%\">\n<tbody>\n<tr style=\"height: 114px\">\n<td style=\"width: 53.9462%;height: 150px\" rowspan=\"2\">Neue IGS G\u00f6ttingen<\/td>\n<td style=\"width: 43.0538%;height: 114px\">\n<div class=\"_eFb\">\n<div class=\"_mr kno-fb-ctx\"><a href=\"https:\/\/wordpress.nibis.de\/stsgoegy\/files\/NeueIGS.png\"><img loading=\"lazy\" decoding=\"async\" class=\" wp-image-1603 alignleft\" src=\"https:\/\/wordpress.nibis.de\/stsgoegy\/files\/NeueIGS.png\" alt=\"\" width=\"148\" height=\"92\" \/><\/a><\/div>\n<\/div>\n<\/td>\n<\/tr>\n<tr style=\"height: 58px\">\n<td style=\"width: 43.0538%;height: 36px;vertical-align: top\">\n<div class=\"_eFb\">\n<div class=\"_mr kno-fb-ctx\"><span class=\"_xdb\"><span class=\"_xdb\">Telefon: 0551\/4004721<\/span><\/span><\/div>\n<div>Homepage: <a href=\"https:\/\/www.neue-igs.de\/\" target=\"_blank\" rel=\"noopener\">neue-igs.de<\/a><\/div>\n<\/div>\n<\/td>\n<\/tr>\n<\/tbody>\n<\/table>\n<table style=\"width: 100%\">\n<tbody>\n<tr style=\"height: 24px\">\n<td style=\"height: 72.75px;width: 54.3584%\" rowspan=\"2\">Otto-Hahn-Gymnasium, G\u00f6ttingen<\/td>\n<td style=\"height: 24px;width: 43.6416%\"><img loading=\"lazy\" decoding=\"async\" class=\"alignleft wp-image-444\" src=\"http:\/\/wordpress.nibis.de\/stsgoegy\/files\/OHG.png\" alt=\"ohg\" width=\"249\" height=\"89\" srcset=\"https:\/\/wordpress.nibis.de\/stsgoegy\/files\/OHG.png 277w, https:\/\/wordpress.nibis.de\/stsgoegy\/files\/OHG-150x54.png 150w\" sizes=\"auto, (max-width: 249px) 100vw, 249px\" \/><\/td>\n<\/tr>\n<tr style=\"height: 48.75px\">\n<td style=\"height: 48.75px;width: 43.6416%\">\n<div class=\"_eFb\">\n<div class=\"_mr kno-fb-ctx\"><span class=\"_xdb\">Telefon: 0551\/4005380<\/span><\/div>\n<div class=\"_mr kno-fb-ctx\">Homepage: <a href=\"http:\/\/www.ohg.goe.ni.schule.de\/\" target=\"_blank\" rel=\"noopener noreferrer\">OHG&#8230;.de<\/a><\/div>\n<\/div>\n<\/td>\n<\/tr>\n<\/tbody>\n<\/table>\n<table style=\"width: 100%\">\n<tbody>\n<tr style=\"height: 24px\">\n<td style=\"height: 72.75px;width: 54.448%\" rowspan=\"2\">Paul-Gerhardt-Schule, Dassel<\/td>\n<td style=\"height: 24px;width: 43.552%\"><img loading=\"lazy\" decoding=\"async\" class=\"alignleft wp-image-558\" src=\"http:\/\/wordpress.nibis.de\/stsgoegy\/files\/dassel_220x220.220x0-150x150.png\" alt=\"dassel_220x220-220x0\" width=\"121\" height=\"121\" srcset=\"https:\/\/wordpress.nibis.de\/stsgoegy\/files\/dassel_220x220.220x0-150x150.png 150w, https:\/\/wordpress.nibis.de\/stsgoegy\/files\/dassel_220x220.220x0.png 220w\" sizes=\"auto, (max-width: 121px) 100vw, 121px\" \/><\/td>\n<\/tr>\n<tr style=\"height: 48.75px\">\n<td style=\"height: 48.75px;width: 43.552%\">\n<div class=\"_eFb\">\n<div class=\"_mr kno-fb-ctx\"><span class=\"_xdb\">Telefon: 05564\/96080<\/span><\/div>\n<div class=\"_mr kno-fb-ctx\">Homepage: <a href=\"http:\/\/www.pgs-dassel.de\/\" target=\"_blank\" rel=\"noopener noreferrer\">pgs-dassel.de<\/a><\/div>\n<\/div>\n<\/td>\n<\/tr>\n<\/tbody>\n<\/table>\n<table style=\"width: 100%\">\n<tbody>\n<tr style=\"height: 24px\">\n<td style=\"height: 72.75px;width: 54.448%\" rowspan=\"2\">Theodor-Heuss-Gymnasium, G\u00f6ttingen<\/td>\n<td style=\"height: 24px;width: 43.552%\"><img loading=\"lazy\" decoding=\"async\" class=\"alignleft wp-image-449\" src=\"http:\/\/wordpress.nibis.de\/stsgoegy\/files\/THG-150x59.png\" alt=\"thg\" width=\"203\" height=\"80\" srcset=\"https:\/\/wordpress.nibis.de\/stsgoegy\/files\/THG-150x59.png 150w, https:\/\/wordpress.nibis.de\/stsgoegy\/files\/THG.png 233w\" sizes=\"auto, (max-width: 203px) 100vw, 203px\" \/><\/td>\n<\/tr>\n<tr style=\"height: 48.75px\">\n<td style=\"height: 48.75px;width: 43.552%\">\n<div class=\"_eFb\">\n<div class=\"_mr kno-fb-ctx\"><span class=\"_xdb\">Telefon: 0551\/4005012<\/span><\/div>\n<div class=\"_mr kno-fb-ctx\">Homepage: <a href=\"http:\/\/www.thg.goe.ni.schule.de\/\" target=\"_blank\" rel=\"noopener noreferrer\">www.thg-goettingen.de<\/a><\/div>\n<\/div>\n<\/td>\n<\/tr>\n<\/tbody>\n<\/table>\n<table style=\"width: 100%\">\n<tbody>\n<tr style=\"height: 24px\">\n<td style=\"height: 71px;width: 54.224%\" rowspan=\"2\">Tilman-Riemenschneider-Gymnasium, Osterode<\/td>\n<td style=\"height: 24px;width: 43.776%\"><img loading=\"lazy\" decoding=\"async\" class=\"alignleft wp-image-565 size-thumbnail\" src=\"http:\/\/wordpress.nibis.de\/stsgoegy\/files\/Osterode-150x68.jpg\" alt=\"osterode\" width=\"150\" height=\"68\" srcset=\"https:\/\/wordpress.nibis.de\/stsgoegy\/files\/Osterode-150x68.jpg 150w, https:\/\/wordpress.nibis.de\/stsgoegy\/files\/Osterode-300x135.jpg 300w, https:\/\/wordpress.nibis.de\/stsgoegy\/files\/Osterode-768x346.jpg 768w, https:\/\/wordpress.nibis.de\/stsgoegy\/files\/Osterode-1024x461.jpg 1024w, https:\/\/wordpress.nibis.de\/stsgoegy\/files\/Osterode.jpg 1571w\" sizes=\"auto, (max-width: 150px) 100vw, 150px\" \/><\/td>\n<\/tr>\n<tr style=\"height: 47px\">\n<td style=\"height: 47px;width: 43.776%\">\n<div class=\"_eFb\">\n<div class=\"_mr kno-fb-ctx\"><span class=\"_xdb\">Telefon: 05522\/916870<\/span><\/div>\n<div class=\"_mr kno-fb-ctx\">Homepage: <a href=\"https:\/\/iserv-trg-oha.de\/home\/\" target=\"_blank\" rel=\"noopener noreferrer\">iserv-trg-oha.de<\/a><\/div>\n<\/div>\n<\/td>\n<\/tr>\n<\/tbody>\n<\/table>\n\n","protected":false},"excerpt":{"rendered":"<p>In unserem gemeinsam vereinbarten Ausbildungskonzept werden die Ausbildungsanteile der Schulen bzw. der an Ausbildung beteiligten Akteurinnen und Akteure in unseren Ausbildungsschulen transparent dargelegt. Ziel ist es, gemeinsam eine zukunftsorientierte, gute Ausbildung f\u00fcr unsere Lehrkr\u00e4fte vor Ort zu gew\u00e4hrleisten. Dazu geh\u00f6ren auch regem\u00e4\u00dfige Treffen mit den Schulleiterinnen und Schulleitern sowie mit den jeweiligen Ausbildungsbeauftragten, um Optimierungsm\u00f6glichkeiten &#8230; <a title=\"Ausbildungsschulen\" class=\"read-more\" href=\"https:\/\/wordpress.nibis.de\/stsgoegy\/ausbildung\/ausbildungsschule\/\" aria-label=\"Mehr Informationen \u00fcber Ausbildungsschulen\">Weiterlesen<\/a><\/p>\n","protected":false},"author":161,"featured_media":0,"parent":433,"menu_order":0,"comment_status":"closed","ping_status":"closed","template":"","meta":{"footnotes":""},"class_list":["post-151","page","type-page","status-publish"],"_links":{"self":[{"href":"https:\/\/wordpress.nibis.de\/stsgoegy\/wp-json\/wp\/v2\/pages\/151","targetHints":{"allow":["GET"]}}],"collection":[{"href":"https:\/\/wordpress.nibis.de\/stsgoegy\/wp-json\/wp\/v2\/pages"}],"about":[{"href":"https:\/\/wordpress.nibis.de\/stsgoegy\/wp-json\/wp\/v2\/types\/page"}],"author":[{"embeddable":true,"href":"https:\/\/wordpress.nibis.de\/stsgoegy\/wp-json\/wp\/v2\/users\/161"}],"replies":[{"embeddable":true,"href":"https:\/\/wordpress.nibis.de\/stsgoegy\/wp-json\/wp\/v2\/comments?post=151"}],"version-history":[{"count":64,"href":"https:\/\/wordpress.nibis.de\/stsgoegy\/wp-json\/wp\/v2\/pages\/151\/revisions"}],"predecessor-version":[{"id":1820,"href":"https:\/\/wordpress.nibis.de\/stsgoegy\/wp-json\/wp\/v2\/pages\/151\/revisions\/1820"}],"up":[{"embeddable":true,"href":"https:\/\/wordpress.nibis.de\/stsgoegy\/wp-json\/wp\/v2\/pages\/433"}],"wp:attachment":[{"href":"https:\/\/wordpress.nibis.de\/stsgoegy\/wp-json\/wp\/v2\/media?parent=151"}],"curies":[{"name":"wp","href":"https:\/\/api.w.org\/{rel}","templated":true}]}}