{"id":1564,"date":"2023-07-24T13:36:51","date_gmt":"2023-07-24T11:36:51","guid":{"rendered":"https:\/\/wordpress.nibis.de\/stsgoegy\/?page_id=1564"},"modified":"2025-12-28T18:00:00","modified_gmt":"2025-12-28T17:00:00","slug":"wahlmodule-b","status":"publish","type":"page","link":"https:\/\/wordpress.nibis.de\/stsgoegy\/wahlmodule-b\/","title":{"rendered":"Wahlmodule"},"content":{"rendered":"\n<p>Die Wahlmodule zur Abdeckung der p\u00e4dagogischen Professionalisierung laut APVO-Lehr finden in der Regel in Form von Workshops statt. Am Studienseminar G\u00f6ttingen f\u00fcr das Lehramt an Gymnasien sind im Laufe des Vorbereitungsdienstes zwei Wahlmodule nachzuweisen. Sie erm\u00f6glichen den Auszubildenden eine individuelle Profilierung und sind frei w\u00e4hlbar:<\/p>\n<p><img loading=\"lazy\" decoding=\"async\" class=\"wpa-warning wpa-image-missing-alt aligncenter size-full wp-image-2060\" src=\"https:\/\/wordpress.nibis.de\/stsgoegy\/files\/Wahlmodule25.jpg\" alt=\"\" width=\"991\" height=\"783\" data-warning=\"Missing alt text\" \/><\/p>\n<p>&nbsp;<\/p>\n\n\n\n<p>\u00a0<\/p>\n<ul>\n<li style=\"list-style-type: none\">\n<ul>\n<li><a href=\"https:\/\/wordpress.nibis.de\/stsgoegy\/beziehungskompetenz-in-sozial-schwierigen-schulischen-situationen-verbessern\/\">Beziehungskompetenz in sozial schwierigen schulischen Situationen verbessern<\/a><\/li>\n<li><a href=\"https:\/\/wordpress.nibis.de\/stsgoegy\/auftritt-die-lehrperson\/\">Auftritt: Die Lehrperson<\/a><\/li>\n<li><a href=\"https:\/\/wordpress.nibis.de\/stsgoegy\/kollegiale-beratung-und-supervision\/\">Kollegiale Beratung und Supervision<\/a><\/li>\n<li><a href=\"https:\/\/wordpress.nibis.de\/stsgoegy\/recht-in-der-schule\/\">Recht in der Schule<\/a><\/li>\n<li><a href=\"https:\/\/wordpress.nibis.de\/stsgoegy\/selbstreguliertes-lernen-foerdern-lern-und-leistungsmotivation-steigern\/\">Selbstreguliertes Lernen f\u00f6rdern: Lern- und Leistungsmotivation steigern<\/a><\/li>\n<li><a href=\"https:\/\/wordpress.nibis.de\/stsgoegy\/die-stimme-in-lehr-und-lernsituationen-professionell-einsetzen\/\">Die Stimme in Lehr- und Lernsituationen professionell einsetzen<\/a><\/li>\n<li><a href=\"https:\/\/wordpress.nibis.de\/stsgoegy\/schule-und-unterricht-in-zeiten-der-digitalen-transformation\/\" target=\"_blank\" rel=\"noopener\">Schule und Unterricht in Zeiten der digitalen Transformation<\/a><\/li>\n<\/ul>\n<\/li>\n<\/ul>\n\n\n","protected":false},"excerpt":{"rendered":"<p>Die Wahlmodule zur Abdeckung der p\u00e4dagogischen Professionalisierung laut APVO-Lehr finden in der Regel in Form von Workshops statt. Am Studienseminar G\u00f6ttingen f\u00fcr das Lehramt an Gymnasien sind im Laufe des Vorbereitungsdienstes zwei Wahlmodule nachzuweisen. Sie erm\u00f6glichen den Auszubildenden eine individuelle Profilierung und sind frei w\u00e4hlbar: &nbsp; \u00a0 Beziehungskompetenz in sozial schwierigen schulischen Situationen verbessern Auftritt: &#8230; <a title=\"Wahlmodule\" class=\"read-more\" href=\"https:\/\/wordpress.nibis.de\/stsgoegy\/wahlmodule-b\/\" aria-label=\"Mehr Informationen \u00fcber Wahlmodule\">Weiterlesen<\/a><\/p>\n","protected":false},"author":161,"featured_media":0,"parent":0,"menu_order":0,"comment_status":"closed","ping_status":"closed","template":"","meta":{"footnotes":""},"class_list":["post-1564","page","type-page","status-publish"],"_links":{"self":[{"href":"https:\/\/wordpress.nibis.de\/stsgoegy\/wp-json\/wp\/v2\/pages\/1564","targetHints":{"allow":["GET"]}}],"collection":[{"href":"https:\/\/wordpress.nibis.de\/stsgoegy\/wp-json\/wp\/v2\/pages"}],"about":[{"href":"https:\/\/wordpress.nibis.de\/stsgoegy\/wp-json\/wp\/v2\/types\/page"}],"author":[{"embeddable":true,"href":"https:\/\/wordpress.nibis.de\/stsgoegy\/wp-json\/wp\/v2\/users\/161"}],"replies":[{"embeddable":true,"href":"https:\/\/wordpress.nibis.de\/stsgoegy\/wp-json\/wp\/v2\/comments?post=1564"}],"version-history":[{"count":20,"href":"https:\/\/wordpress.nibis.de\/stsgoegy\/wp-json\/wp\/v2\/pages\/1564\/revisions"}],"predecessor-version":[{"id":2096,"href":"https:\/\/wordpress.nibis.de\/stsgoegy\/wp-json\/wp\/v2\/pages\/1564\/revisions\/2096"}],"wp:attachment":[{"href":"https:\/\/wordpress.nibis.de\/stsgoegy\/wp-json\/wp\/v2\/media?parent=1564"}],"curies":[{"name":"wp","href":"https:\/\/api.w.org\/{rel}","templated":true}]}}