{"id":1571,"date":"2023-07-24T13:29:17","date_gmt":"2023-07-24T11:29:17","guid":{"rendered":"https:\/\/wordpress.nibis.de\/stsgoegy\/?page_id=1571"},"modified":"2023-07-24T13:29:18","modified_gmt":"2023-07-24T11:29:18","slug":"beziehungskompetenz-in-sozial-schwierigen-schulischen-situationen-verbessern","status":"publish","type":"page","link":"https:\/\/wordpress.nibis.de\/stsgoegy\/beziehungskompetenz-in-sozial-schwierigen-schulischen-situationen-verbessern\/","title":{"rendered":"Beziehungskompetenz in sozial schwierigen schulischen Situationen verbessern"},"content":{"rendered":"\n<p>In Anlehnung an das Konzept \u201eGruppentraining sozialer Kompetenzen\u201c (GSK), das auf der Basis moderner kognitiv-verhaltenstherapeutischer Ans\u00e4tze entwickelt wurde, werden nach einer theoretischen Einf\u00fchrung in das Konzept diverse \u00dcbungen und Trainings (Rollenspiele mit Videofeedback) nach einem auf schulische Situationen angepassten Konzept von Prof. Dr. J\u00fcrgens (TU Braunschweig) durchgef\u00fchrt. Schulische Standardsituationen (Recht durchsetzen, Kippsituationen meistern, Beziehungsstrukturen aufrechterhalten, Konfliktsituationen gestalten) werden als kognitive Skripts analysiert, praktisch umgesetzt und reflektiert. Dabei liegt der Fokus darauf, sicher und sozial kompetentes Verhalten zu trainieren, um aus den gewonnenen Erfahrungen und Erkenntnissen Routinen und automatisierte Skripts flexibel abrufbar zu machen. Von den Teilnehmenden wird Offenheit und Bereitschaft zur Durchf\u00fchrung gruppeninterner Videofeedbacks erwartet.<\/p>\n","protected":false},"excerpt":{"rendered":"<p>In Anlehnung an das Konzept \u201eGruppentraining sozialer Kompetenzen\u201c (GSK), das auf der Basis moderner kognitiv-verhaltenstherapeutischer Ans\u00e4tze entwickelt wurde, werden nach einer theoretischen Einf\u00fchrung in das Konzept diverse \u00dcbungen und Trainings (Rollenspiele mit Videofeedback) nach einem auf schulische Situationen angepassten Konzept von Prof. Dr. J\u00fcrgens (TU Braunschweig) durchgef\u00fchrt. Schulische Standardsituationen (Recht durchsetzen, Kippsituationen meistern, Beziehungsstrukturen aufrechterhalten, &#8230; <a title=\"Beziehungskompetenz in sozial schwierigen schulischen Situationen verbessern\" class=\"read-more\" href=\"https:\/\/wordpress.nibis.de\/stsgoegy\/beziehungskompetenz-in-sozial-schwierigen-schulischen-situationen-verbessern\/\" aria-label=\"Mehr Informationen \u00fcber Beziehungskompetenz in sozial schwierigen schulischen Situationen verbessern\">Weiterlesen<\/a><\/p>\n","protected":false},"author":161,"featured_media":0,"parent":0,"menu_order":0,"comment_status":"closed","ping_status":"closed","template":"","meta":{"footnotes":""},"class_list":["post-1571","page","type-page","status-publish"],"_links":{"self":[{"href":"https:\/\/wordpress.nibis.de\/stsgoegy\/wp-json\/wp\/v2\/pages\/1571","targetHints":{"allow":["GET"]}}],"collection":[{"href":"https:\/\/wordpress.nibis.de\/stsgoegy\/wp-json\/wp\/v2\/pages"}],"about":[{"href":"https:\/\/wordpress.nibis.de\/stsgoegy\/wp-json\/wp\/v2\/types\/page"}],"author":[{"embeddable":true,"href":"https:\/\/wordpress.nibis.de\/stsgoegy\/wp-json\/wp\/v2\/users\/161"}],"replies":[{"embeddable":true,"href":"https:\/\/wordpress.nibis.de\/stsgoegy\/wp-json\/wp\/v2\/comments?post=1571"}],"version-history":[{"count":1,"href":"https:\/\/wordpress.nibis.de\/stsgoegy\/wp-json\/wp\/v2\/pages\/1571\/revisions"}],"predecessor-version":[{"id":1572,"href":"https:\/\/wordpress.nibis.de\/stsgoegy\/wp-json\/wp\/v2\/pages\/1571\/revisions\/1572"}],"wp:attachment":[{"href":"https:\/\/wordpress.nibis.de\/stsgoegy\/wp-json\/wp\/v2\/media?parent=1571"}],"curies":[{"name":"wp","href":"https:\/\/api.w.org\/{rel}","templated":true}]}}