{"id":1573,"date":"2023-07-24T13:38:08","date_gmt":"2023-07-24T11:38:08","guid":{"rendered":"https:\/\/wordpress.nibis.de\/stsgoegy\/?page_id=1573"},"modified":"2023-07-24T13:38:08","modified_gmt":"2023-07-24T11:38:08","slug":"auftritt-die-lehrperson","status":"publish","type":"page","link":"https:\/\/wordpress.nibis.de\/stsgoegy\/auftritt-die-lehrperson\/","title":{"rendered":"Auftritt: Die Lehrperson"},"content":{"rendered":"\n\n\n<p>Die Wirkung von K\u00f6rper und Stimme im Raum und in Situationen entdecken, verstehen und gestalten. Die Rolle der Lehrperson bewusst erfahren und ggf. das eigenen Rollenrepertoire erg\u00e4nzen. Klassenzimmer, Lehrerzimmer, Elterngespr\u00e4ch, Schulhof, Schulleitungsb\u00fcro \u2013 als Lehrkraft steht man immer auch \u201eauf der B\u00fchne\u201c und hat eine Rolle. Im Studium werden wir nicht zu \u201e<em>Rampens\u00e4uen<\/em>\u201c ausgebildet. In der Berufspraxis sollen oder m\u00f6chten wir dann alle gerne <em>Germany\u2018s Next Top Teacher<\/em> sein, und das am besten im Autopilot-Modus. Wie aber gestaltet man seine Rolle? Wann \u201espiele\u201c ich den \u201e<em>Strengen<\/em>\u201c, wann gebe ich nach? Wie bleibe ich pr\u00e4sent, sorge daf\u00fcr, dass ich wahrgenommen werde, und zwar so wie ich es beabsichtige? Wie inszeniere ich meinen Unterricht, MEIN ST\u00dcCK? Wann bin ich Akteur, wann Autor, Techniker oder Regisseur? Und nicht zuletzt die Fragen: Bin das noch ich? Warum mache ich das \u00fcberhaupt? Wir werden sehen \u2013 wir k\u00f6nnen vom Theatermachen lernen.<\/p>\n","protected":false},"excerpt":{"rendered":"<p>Die Wirkung von K\u00f6rper und Stimme im Raum und in Situationen entdecken, verstehen und gestalten. Die Rolle der Lehrperson bewusst erfahren und ggf. das eigenen Rollenrepertoire erg\u00e4nzen. Klassenzimmer, Lehrerzimmer, Elterngespr\u00e4ch, Schulhof, Schulleitungsb\u00fcro \u2013 als Lehrkraft steht man immer auch \u201eauf der B\u00fchne\u201c und hat eine Rolle. Im Studium werden wir nicht zu \u201eRampens\u00e4uen\u201c ausgebildet. In &#8230; <a title=\"Auftritt: Die Lehrperson\" class=\"read-more\" href=\"https:\/\/wordpress.nibis.de\/stsgoegy\/auftritt-die-lehrperson\/\" aria-label=\"Mehr Informationen \u00fcber Auftritt: Die Lehrperson\">Weiterlesen<\/a><\/p>\n","protected":false},"author":161,"featured_media":0,"parent":0,"menu_order":0,"comment_status":"closed","ping_status":"closed","template":"","meta":{"footnotes":""},"class_list":["post-1573","page","type-page","status-publish"],"_links":{"self":[{"href":"https:\/\/wordpress.nibis.de\/stsgoegy\/wp-json\/wp\/v2\/pages\/1573","targetHints":{"allow":["GET"]}}],"collection":[{"href":"https:\/\/wordpress.nibis.de\/stsgoegy\/wp-json\/wp\/v2\/pages"}],"about":[{"href":"https:\/\/wordpress.nibis.de\/stsgoegy\/wp-json\/wp\/v2\/types\/page"}],"author":[{"embeddable":true,"href":"https:\/\/wordpress.nibis.de\/stsgoegy\/wp-json\/wp\/v2\/users\/161"}],"replies":[{"embeddable":true,"href":"https:\/\/wordpress.nibis.de\/stsgoegy\/wp-json\/wp\/v2\/comments?post=1573"}],"version-history":[{"count":1,"href":"https:\/\/wordpress.nibis.de\/stsgoegy\/wp-json\/wp\/v2\/pages\/1573\/revisions"}],"predecessor-version":[{"id":1574,"href":"https:\/\/wordpress.nibis.de\/stsgoegy\/wp-json\/wp\/v2\/pages\/1573\/revisions\/1574"}],"wp:attachment":[{"href":"https:\/\/wordpress.nibis.de\/stsgoegy\/wp-json\/wp\/v2\/media?parent=1573"}],"curies":[{"name":"wp","href":"https:\/\/api.w.org\/{rel}","templated":true}]}}