{"id":1577,"date":"2023-07-24T13:33:12","date_gmt":"2023-07-24T11:33:12","guid":{"rendered":"https:\/\/wordpress.nibis.de\/stsgoegy\/?page_id=1577"},"modified":"2023-07-24T13:33:13","modified_gmt":"2023-07-24T11:33:13","slug":"kollegiale-beratung-und-supervision","status":"publish","type":"page","link":"https:\/\/wordpress.nibis.de\/stsgoegy\/kollegiale-beratung-und-supervision\/","title":{"rendered":"Kollegiale Beratung und Supervision"},"content":{"rendered":"\n<p>Der Lehrerberuf ist eine emotional intensive Arbeit, das Referendariat eine emotional intensive Zeit. Das Wahlmodul soll aus diesem Grund ausbildungsbegleitend ablaufen, sodass \u00fcber das Verfahren der Kollegialen Beratung und Supervision Kl\u00e4rungen von Problemsituationen, die ggf. f\u00fcr den Ausbildungsabschnitt typisch sind, erm\u00f6glicht werden. Prinzipiell k\u00f6nnen aber alle Interaktions-, Beziehungs-, Pers\u00f6nlichkeits- und Institutionsprobleme Themen der kollegialen Beratung sein, die das Berufsfeld eines Teilnehmers oder einer Teilnehmerin bestimmen. Kollegiale Beratung will verborgene Erwartungen, Ziele, Beweggr\u00fcnde etc. bewusst machen. Eine realit\u00e4tsgerechtere Einsch\u00e4tzung des eigenen Verhaltens und der eigenen M\u00f6glichkeiten ist Voraussetzung f\u00fcr die Entwicklung eines umfangreichen Verhaltensrepertoires, das einer Probleml\u00f6sung in unterschiedlichen F\u00e4llen angemessen ist. Die beruflichen Alltagsprobleme der Gruppenmitglieder liefern die Themen zur Arbeit in der Gruppe.<\/p>\n","protected":false},"excerpt":{"rendered":"<p>Der Lehrerberuf ist eine emotional intensive Arbeit, das Referendariat eine emotional intensive Zeit. Das Wahlmodul soll aus diesem Grund ausbildungsbegleitend ablaufen, sodass \u00fcber das Verfahren der Kollegialen Beratung und Supervision Kl\u00e4rungen von Problemsituationen, die ggf. f\u00fcr den Ausbildungsabschnitt typisch sind, erm\u00f6glicht werden. Prinzipiell k\u00f6nnen aber alle Interaktions-, Beziehungs-, Pers\u00f6nlichkeits- und Institutionsprobleme Themen der kollegialen Beratung &#8230; <a title=\"Kollegiale Beratung und Supervision\" class=\"read-more\" href=\"https:\/\/wordpress.nibis.de\/stsgoegy\/kollegiale-beratung-und-supervision\/\" aria-label=\"Mehr Informationen \u00fcber Kollegiale Beratung und Supervision\">Weiterlesen<\/a><\/p>\n","protected":false},"author":161,"featured_media":0,"parent":0,"menu_order":0,"comment_status":"closed","ping_status":"closed","template":"","meta":{"footnotes":""},"class_list":["post-1577","page","type-page","status-publish"],"_links":{"self":[{"href":"https:\/\/wordpress.nibis.de\/stsgoegy\/wp-json\/wp\/v2\/pages\/1577","targetHints":{"allow":["GET"]}}],"collection":[{"href":"https:\/\/wordpress.nibis.de\/stsgoegy\/wp-json\/wp\/v2\/pages"}],"about":[{"href":"https:\/\/wordpress.nibis.de\/stsgoegy\/wp-json\/wp\/v2\/types\/page"}],"author":[{"embeddable":true,"href":"https:\/\/wordpress.nibis.de\/stsgoegy\/wp-json\/wp\/v2\/users\/161"}],"replies":[{"embeddable":true,"href":"https:\/\/wordpress.nibis.de\/stsgoegy\/wp-json\/wp\/v2\/comments?post=1577"}],"version-history":[{"count":1,"href":"https:\/\/wordpress.nibis.de\/stsgoegy\/wp-json\/wp\/v2\/pages\/1577\/revisions"}],"predecessor-version":[{"id":1578,"href":"https:\/\/wordpress.nibis.de\/stsgoegy\/wp-json\/wp\/v2\/pages\/1577\/revisions\/1578"}],"wp:attachment":[{"href":"https:\/\/wordpress.nibis.de\/stsgoegy\/wp-json\/wp\/v2\/media?parent=1577"}],"curies":[{"name":"wp","href":"https:\/\/api.w.org\/{rel}","templated":true}]}}