{"id":1581,"date":"2023-07-24T13:34:24","date_gmt":"2023-07-24T11:34:24","guid":{"rendered":"https:\/\/wordpress.nibis.de\/stsgoegy\/?page_id=1581"},"modified":"2023-07-24T13:34:24","modified_gmt":"2023-07-24T11:34:24","slug":"recht-in-der-schule","status":"publish","type":"page","link":"https:\/\/wordpress.nibis.de\/stsgoegy\/recht-in-der-schule\/","title":{"rendered":"Recht in der Schule"},"content":{"rendered":"\n<p>Ausgehend von Fallstudien, denen Konfliktsituationen aus dem Schullalltag zugrunde liegen und die durch eigene Erfahrungen der Teilnehmenden erg\u00e4nzt werden k\u00f6nnen, werden exemplarisch relevante Bereiche des Schulrechts und des allgemeinen Rechts erarbeitet. Auswahl und Anordnung der Inhalte erfolgt nicht gem\u00e4\u00df ihrer wissenschaftlichen Systematik, sondern nach Teilnehmerinteresse, Betroffenheit, Aktualit\u00e4t und Relevanz sowie entsprechend der Sachzusammenh\u00e4nge der bearbeiteten F\u00e4lle. Gleichwohl soll versucht werden, Einblicke in die Systematik des Rechts zu vermitteln. Ferner sollen die Teilnehmenden Fertigkeiten in der Auffindung, Interpretation, Gewichtung und Anwendung von Rechtsquellen erwerben.<\/p>\n","protected":false},"excerpt":{"rendered":"<p>Ausgehend von Fallstudien, denen Konfliktsituationen aus dem Schullalltag zugrunde liegen und die durch eigene Erfahrungen der Teilnehmenden erg\u00e4nzt werden k\u00f6nnen, werden exemplarisch relevante Bereiche des Schulrechts und des allgemeinen Rechts erarbeitet. Auswahl und Anordnung der Inhalte erfolgt nicht gem\u00e4\u00df ihrer wissenschaftlichen Systematik, sondern nach Teilnehmerinteresse, Betroffenheit, Aktualit\u00e4t und Relevanz sowie entsprechend der Sachzusammenh\u00e4nge der bearbeiteten &#8230; <a title=\"Recht in der Schule\" class=\"read-more\" href=\"https:\/\/wordpress.nibis.de\/stsgoegy\/recht-in-der-schule\/\" aria-label=\"Mehr Informationen \u00fcber Recht in der Schule\">Weiterlesen<\/a><\/p>\n","protected":false},"author":161,"featured_media":0,"parent":0,"menu_order":0,"comment_status":"closed","ping_status":"closed","template":"","meta":{"footnotes":""},"class_list":["post-1581","page","type-page","status-publish"],"_links":{"self":[{"href":"https:\/\/wordpress.nibis.de\/stsgoegy\/wp-json\/wp\/v2\/pages\/1581","targetHints":{"allow":["GET"]}}],"collection":[{"href":"https:\/\/wordpress.nibis.de\/stsgoegy\/wp-json\/wp\/v2\/pages"}],"about":[{"href":"https:\/\/wordpress.nibis.de\/stsgoegy\/wp-json\/wp\/v2\/types\/page"}],"author":[{"embeddable":true,"href":"https:\/\/wordpress.nibis.de\/stsgoegy\/wp-json\/wp\/v2\/users\/161"}],"replies":[{"embeddable":true,"href":"https:\/\/wordpress.nibis.de\/stsgoegy\/wp-json\/wp\/v2\/comments?post=1581"}],"version-history":[{"count":1,"href":"https:\/\/wordpress.nibis.de\/stsgoegy\/wp-json\/wp\/v2\/pages\/1581\/revisions"}],"predecessor-version":[{"id":1582,"href":"https:\/\/wordpress.nibis.de\/stsgoegy\/wp-json\/wp\/v2\/pages\/1581\/revisions\/1582"}],"wp:attachment":[{"href":"https:\/\/wordpress.nibis.de\/stsgoegy\/wp-json\/wp\/v2\/media?parent=1581"}],"curies":[{"name":"wp","href":"https:\/\/api.w.org\/{rel}","templated":true}]}}