{"id":1586,"date":"2023-07-24T13:35:52","date_gmt":"2023-07-24T11:35:52","guid":{"rendered":"https:\/\/wordpress.nibis.de\/stsgoegy\/?page_id=1586"},"modified":"2023-07-24T13:35:52","modified_gmt":"2023-07-24T11:35:52","slug":"die-stimme-in-lehr-und-lernsituationen-professionell-einsetzen","status":"publish","type":"page","link":"https:\/\/wordpress.nibis.de\/stsgoegy\/die-stimme-in-lehr-und-lernsituationen-professionell-einsetzen\/","title":{"rendered":"Die Stimme in Lehr- und Lernsituationen professionell einsetzen"},"content":{"rendered":"\n<p style=\"text-align: justify\">Mit tragender Stimme und souver\u00e4nem Auftreten in den Unterricht. Wichtige Voraussetzungen f\u00fcr erfolgreiches Unterrichten sind eine belastbare und ansprechende Stimme, verst\u00e4ndliches Vermitteln von Inhalten und ein souver\u00e4nes Steuern des Unterrichtsgeschehens. Genau um diese drei Schwerpunkte soll es in diesem Wahlmodul gehen:<\/p>\n<ul>\n<li style=\"text-align: justify\">Sie lernen die unterschiedlichen Sprechausdrucksmittel kennen und \u00fcben, deutlich, abwechslungsreich und angemessen laut und schnell zu sprechen.<\/li>\n<li style=\"text-align: justify\">Sie erfahren von Zusammenh\u00e4ngen zwischen K\u00f6rpersprache, Atmung und Stimmgebung und lernen, damit sicher zu agieren, besonders auch in Stresssituationen.<\/li>\n<li style=\"text-align: justify\">Sie \u00fcben, Ihre Stimme kr\u00e4fteschonend einzusetzen.<\/li>\n<li style=\"text-align: justify\">Anhand eines kurzen Unterrichtsinput mit anschlie\u00dfendem Feedback \u00fcben Sie souver\u00e4nes Pr\u00e4sentieren ein.<\/li>\n<\/ul>\n<p style=\"text-align: justify\">Sie lernen Gespr\u00e4chsstrategien kennen, um den Unterricht zu steuern und \u00fcben, diese (insbesondere auch in herausfordernden Situationen) anzuwenden.<\/p>\n","protected":false},"excerpt":{"rendered":"<p>Mit tragender Stimme und souver\u00e4nem Auftreten in den Unterricht. Wichtige Voraussetzungen f\u00fcr erfolgreiches Unterrichten sind eine belastbare und ansprechende Stimme, verst\u00e4ndliches Vermitteln von Inhalten und ein souver\u00e4nes Steuern des Unterrichtsgeschehens. Genau um diese drei Schwerpunkte soll es in diesem Wahlmodul gehen: Sie lernen die unterschiedlichen Sprechausdrucksmittel kennen und \u00fcben, deutlich, abwechslungsreich und angemessen laut und &#8230; <a title=\"Die Stimme in Lehr- und Lernsituationen professionell einsetzen\" class=\"read-more\" href=\"https:\/\/wordpress.nibis.de\/stsgoegy\/die-stimme-in-lehr-und-lernsituationen-professionell-einsetzen\/\" aria-label=\"Mehr Informationen \u00fcber Die Stimme in Lehr- und Lernsituationen professionell einsetzen\">Weiterlesen<\/a><\/p>\n","protected":false},"author":161,"featured_media":0,"parent":0,"menu_order":0,"comment_status":"closed","ping_status":"closed","template":"","meta":{"footnotes":""},"class_list":["post-1586","page","type-page","status-publish"],"_links":{"self":[{"href":"https:\/\/wordpress.nibis.de\/stsgoegy\/wp-json\/wp\/v2\/pages\/1586","targetHints":{"allow":["GET"]}}],"collection":[{"href":"https:\/\/wordpress.nibis.de\/stsgoegy\/wp-json\/wp\/v2\/pages"}],"about":[{"href":"https:\/\/wordpress.nibis.de\/stsgoegy\/wp-json\/wp\/v2\/types\/page"}],"author":[{"embeddable":true,"href":"https:\/\/wordpress.nibis.de\/stsgoegy\/wp-json\/wp\/v2\/users\/161"}],"replies":[{"embeddable":true,"href":"https:\/\/wordpress.nibis.de\/stsgoegy\/wp-json\/wp\/v2\/comments?post=1586"}],"version-history":[{"count":1,"href":"https:\/\/wordpress.nibis.de\/stsgoegy\/wp-json\/wp\/v2\/pages\/1586\/revisions"}],"predecessor-version":[{"id":1587,"href":"https:\/\/wordpress.nibis.de\/stsgoegy\/wp-json\/wp\/v2\/pages\/1586\/revisions\/1587"}],"wp:attachment":[{"href":"https:\/\/wordpress.nibis.de\/stsgoegy\/wp-json\/wp\/v2\/media?parent=1586"}],"curies":[{"name":"wp","href":"https:\/\/api.w.org\/{rel}","templated":true}]}}