{"id":196,"date":"2013-04-02T14:54:39","date_gmt":"2013-04-02T12:54:39","guid":{"rendered":"http:\/\/wordpress.nibis.de\/stsgoegy\/?page_id=196"},"modified":"2021-02-08T10:50:29","modified_gmt":"2021-02-08T09:50:29","slug":"impressum","status":"publish","type":"page","link":"https:\/\/wordpress.nibis.de\/stsgoegy\/service\/impressum\/","title":{"rendered":"Impressum"},"content":{"rendered":"<p>Das Land Niedersachsen ist eine juristische Person des \u00f6ffentlichen Rechts.<br \/>\nIm Studienseminar G\u00f6ttingen f\u00fcr Lehramt an Gymnasien wird das Land Niedersachsen<br \/>\nvertreten durch:<\/p>\n<p>Studienseminarleitung: OStD&#8216; Anna-Maria Schumann<br \/>\nSt\u00e4ndige Vertreterin: StD&#8216; Miriam H\u00e4nig<\/p>\n<p><strong>Kontaktadresse:<\/strong><br \/>\nStudienseminar G\u00f6ttingen f\u00fcr das Lehramt an Gymnasien<br \/>\nWaldweg 26<br \/>\n37073 G\u00f6ttingen<br \/>\n0049-551-309854-83<br \/>\nP&#111;&#115;&#x74;&#x73;t&#101;&#108;&#x6c;&#x65;&#x40;s&#101;&#109;&#x69;&#x6e;ar&#45;&#x67;&#x6f;&#x65;-&#108;&#103;&#x79;&#x6d;&#46;N&#105;&#x65;&#x64;&#x65;r&#115;&#97;&#x63;&#x68;se&#110;&#x2e;&#x64;&#x65;<\/p>\n<p>Verantwortliche f\u00fcr redaktionell-journalistische Angebote i.S.d. \u00a7 55 Abs. 2 Rundfunkstaatsvertrag<br \/>\nStD&#8216; Miriam H\u00e4nig<br \/>\nStudienseminar G\u00f6ttingen f\u00fcr das Lehramt an Gymnasien<br \/>\nWaldweg 26<br \/>\n37073 G\u00f6ttingen<\/p>\n<p><strong>Disclaimer<\/strong><\/p>\n<p>Diese Webseite enth\u00e4lt externe Links. Deren Inhalte entziehen sich unserer Einflussnahme, sodass eine Gew\u00e4hr f\u00fcr solche Inhalte von uns nicht \u00fcbernommen werden kann.<\/p>\n<p>Die Verantwortung liegt stets beim jeweiligen Betreiber der externen Seiten. Zum Zeitpunkt der Verkn\u00fcpfung der externen Links waren keine Rechtsverst\u00f6\u00dfe ersichtlich. Die permanente \u00dcberwachung fremder Inhalte auf Rechtsverst\u00f6\u00dfe ohne konkrete Hinweise ist uns nicht zumutbar.<\/p>\n<p>Sollten wir Kenntnis von Rechtsverletzungen erlangen, werden wir die entsprechenden externen Links unverz\u00fcglich entfernen.<\/p>\n","protected":false},"excerpt":{"rendered":"<p>Das Land Niedersachsen ist eine juristische Person des \u00f6ffentlichen Rechts. Im Studienseminar G\u00f6ttingen f\u00fcr Lehramt an Gymnasien wird das Land Niedersachsen vertreten durch: Studienseminarleitung: OStD&#8216; Anna-Maria Schumann St\u00e4ndige Vertreterin: StD&#8216; Miriam H\u00e4nig Kontaktadresse: Studienseminar G\u00f6ttingen f\u00fcr das Lehramt an Gymnasien Waldweg 26 37073 G\u00f6ttingen 0049-551-309854-83 &#x50;&#111;s&#x74;&#115;t&#x65;&#108;l&#x65;&#x40;&#115;&#x65;&#x6d;&#105;n&#x61;&#114;-&#x67;&#111;e&#x2d;&#x6c;&#103;&#x79;&#x6d;&#46;N&#x69;&#101;d&#x65;&#114;s&#x61;&#99;h&#x73;&#x65;&#110;&#x2e;&#x64;&#101; Verantwortliche f\u00fcr redaktionell-journalistische Angebote i.S.d. \u00a7 55 Abs. 2 &#8230; <a title=\"Impressum\" class=\"read-more\" href=\"https:\/\/wordpress.nibis.de\/stsgoegy\/service\/impressum\/\" aria-label=\"Mehr Informationen \u00fcber Impressum\">Weiterlesen<\/a><\/p>\n","protected":false},"author":161,"featured_media":0,"parent":506,"menu_order":4,"comment_status":"closed","ping_status":"closed","template":"","meta":{"footnotes":""},"class_list":["post-196","page","type-page","status-publish"],"_links":{"self":[{"href":"https:\/\/wordpress.nibis.de\/stsgoegy\/wp-json\/wp\/v2\/pages\/196","targetHints":{"allow":["GET"]}}],"collection":[{"href":"https:\/\/wordpress.nibis.de\/stsgoegy\/wp-json\/wp\/v2\/pages"}],"about":[{"href":"https:\/\/wordpress.nibis.de\/stsgoegy\/wp-json\/wp\/v2\/types\/page"}],"author":[{"embeddable":true,"href":"https:\/\/wordpress.nibis.de\/stsgoegy\/wp-json\/wp\/v2\/users\/161"}],"replies":[{"embeddable":true,"href":"https:\/\/wordpress.nibis.de\/stsgoegy\/wp-json\/wp\/v2\/comments?post=196"}],"version-history":[{"count":32,"href":"https:\/\/wordpress.nibis.de\/stsgoegy\/wp-json\/wp\/v2\/pages\/196\/revisions"}],"predecessor-version":[{"id":1278,"href":"https:\/\/wordpress.nibis.de\/stsgoegy\/wp-json\/wp\/v2\/pages\/196\/revisions\/1278"}],"up":[{"embeddable":true,"href":"https:\/\/wordpress.nibis.de\/stsgoegy\/wp-json\/wp\/v2\/pages\/506"}],"wp:attachment":[{"href":"https:\/\/wordpress.nibis.de\/stsgoegy\/wp-json\/wp\/v2\/media?parent=196"}],"curies":[{"name":"wp","href":"https:\/\/api.w.org\/{rel}","templated":true}]}}