{"id":2094,"date":"2025-12-28T17:59:10","date_gmt":"2025-12-28T16:59:10","guid":{"rendered":"https:\/\/wordpress.nibis.de\/stsgoegy\/?page_id=2094"},"modified":"2025-12-28T17:59:10","modified_gmt":"2025-12-28T16:59:10","slug":"schule-und-unterricht-in-zeiten-der-digitalen-transformation","status":"publish","type":"page","link":"https:\/\/wordpress.nibis.de\/stsgoegy\/schule-und-unterricht-in-zeiten-der-digitalen-transformation\/","title":{"rendered":"Schule und Unterricht in Zeiten der digitalen Transformation"},"content":{"rendered":"\n<p>Im Wahlmodul setzen Sie sich mit den p\u00e4dagogischen, didaktischen und pr\u00fcfungsbezogenen Konsequenzen der digitalen Transformation auseinander und reflektieren Ihre eigene Rolle in einer von KI und digitalen Medien gepr\u00e4gten Schule. Auf Basis aktueller Orientierungsrahmen und Modelle (u. a. Orientierungsrahmen Medienbildung, SAMR, Dagstuhl-Drei eck) entwickeln Sie kompetenzorientierte Aufgabenformate, in denen digitale Werkzeuge und KI fachlich sinnvoll, lernwirksam und reflektiert eingesetzt werden. In vier Sitzungen werden zun\u00e4chst zentrale Problemstellungen, Chancen und Risiken (z. B. Individualisierung, Inklusion, Kreativit\u00e4tsf\u00f6rderung, Datenschutz, Bias, Ungleichheiten im Technikzugang) diskutiert. Anschlie\u00dfend pr\u00fcfen Sie etablierte Modelle kritisch, konzipieren eigene Aufgabenformate mit und zu KI (inkl. Kriterien zur Beurteilung von KI-Produkten) und pr\u00e4sentieren diese abschlie\u00dfend mit Blick auf die unterrichtspraktische Umsetzbarkeit.<\/p>\n","protected":false},"excerpt":{"rendered":"<p>Im Wahlmodul setzen Sie sich mit den p\u00e4dagogischen, didaktischen und pr\u00fcfungsbezogenen Konsequenzen der digitalen Transformation auseinander und reflektieren Ihre eigene Rolle in einer von KI und digitalen Medien gepr\u00e4gten Schule. Auf Basis aktueller Orientierungsrahmen und Modelle (u. a. Orientierungsrahmen Medienbildung, SAMR, Dagstuhl-Drei eck) entwickeln Sie kompetenzorientierte Aufgabenformate, in denen digitale Werkzeuge und KI fachlich sinnvoll, &#8230; <a title=\"Schule und Unterricht in Zeiten der digitalen Transformation\" class=\"read-more\" href=\"https:\/\/wordpress.nibis.de\/stsgoegy\/schule-und-unterricht-in-zeiten-der-digitalen-transformation\/\" aria-label=\"Mehr Informationen \u00fcber Schule und Unterricht in Zeiten der digitalen Transformation\">Weiterlesen<\/a><\/p>\n","protected":false},"author":161,"featured_media":0,"parent":0,"menu_order":0,"comment_status":"closed","ping_status":"closed","template":"","meta":{"footnotes":""},"class_list":["post-2094","page","type-page","status-publish"],"_links":{"self":[{"href":"https:\/\/wordpress.nibis.de\/stsgoegy\/wp-json\/wp\/v2\/pages\/2094","targetHints":{"allow":["GET"]}}],"collection":[{"href":"https:\/\/wordpress.nibis.de\/stsgoegy\/wp-json\/wp\/v2\/pages"}],"about":[{"href":"https:\/\/wordpress.nibis.de\/stsgoegy\/wp-json\/wp\/v2\/types\/page"}],"author":[{"embeddable":true,"href":"https:\/\/wordpress.nibis.de\/stsgoegy\/wp-json\/wp\/v2\/users\/161"}],"replies":[{"embeddable":true,"href":"https:\/\/wordpress.nibis.de\/stsgoegy\/wp-json\/wp\/v2\/comments?post=2094"}],"version-history":[{"count":1,"href":"https:\/\/wordpress.nibis.de\/stsgoegy\/wp-json\/wp\/v2\/pages\/2094\/revisions"}],"predecessor-version":[{"id":2095,"href":"https:\/\/wordpress.nibis.de\/stsgoegy\/wp-json\/wp\/v2\/pages\/2094\/revisions\/2095"}],"wp:attachment":[{"href":"https:\/\/wordpress.nibis.de\/stsgoegy\/wp-json\/wp\/v2\/media?parent=2094"}],"curies":[{"name":"wp","href":"https:\/\/api.w.org\/{rel}","templated":true}]}}