{"id":425,"date":"2016-10-11T19:02:55","date_gmt":"2016-10-11T17:02:55","guid":{"rendered":"http:\/\/wordpress.nibis.de\/stsgoegy\/?page_id=425"},"modified":"2025-04-07T09:35:38","modified_gmt":"2025-04-07T07:35:38","slug":"herzlich-willkommen","status":"publish","type":"page","link":"https:\/\/wordpress.nibis.de\/stsgoegy\/","title":{"rendered":"Herzlich willkommen&#8230;"},"content":{"rendered":"\n\n\t\t<!-- MasterSlider -->\n\t\t<div id=\"P_MS651d18b6a4731\" class=\"master-slider-parent msl ms-parent-id-2\" style=\"max-width:780px;\">\n\n\t\t\t\n\t\t\t<!-- MasterSlider Main -->\n\t\t\t<div id=\"MS651d18b6a4731\" class=\"master-slider ms-skin-default\" >\n\t\t\t\t \t\t\t\t \n\t\t\t\t<div  class=\"ms-slide\" data-delay=\"3\" data-fill-mode=\"fill\"  >\n\t\t\t\t\t<img decoding=\"async\" src=\"https:\/\/wordpress.nibis.de\/stsgoegy\/wp-content\/plugins\/master-slider\/public\/assets\/css\/blank.gif\" alt=\"\" title=\"\" data-src=\"https:\/\/wordpress.nibis.de\/stsgoegy\/files\/IMG_6480klein.jpg\" \/>\n\n\n\t<div class=\"ms-thumb\" ><div class=\"ms-tab-context\"><div class=&quot;ms-tab-context&quot;><\/div><\/div>\n<\/div>\n\t\t\t\t<\/div>\n\t\t\t\t<div  class=\"ms-slide\" data-delay=\"2\" data-fill-mode=\"fill\"  >\n\t\t\t\t\t<img decoding=\"async\" src=\"https:\/\/wordpress.nibis.de\/stsgoegy\/wp-content\/plugins\/master-slider\/public\/assets\/css\/blank.gif\" alt=\"\" title=\"\" data-src=\"https:\/\/wordpress.nibis.de\/stsgoegy\/files\/Eingang22.jpg\" \/>\n\n\n\t<div class=\"ms-thumb\" ><div class=\"ms-tab-context\"><div class=&quot;ms-tab-context&quot;><\/div><\/div>\n<\/div>\n\t\t\t\t<\/div>\n\t\t\t\t<div  class=\"ms-slide\" data-delay=\"3\" data-fill-mode=\"fill\"  >\n\t\t\t\t\t<img decoding=\"async\" src=\"https:\/\/wordpress.nibis.de\/stsgoegy\/wp-content\/plugins\/master-slider\/public\/assets\/css\/blank.gif\" alt=\"\" title=\"\" data-src=\"https:\/\/wordpress.nibis.de\/stsgoegy\/files\/IMG_6464klein.jpg\" \/>\n\n\n\t<div class=\"ms-thumb\" ><div class=\"ms-tab-context\"><div class=&quot;ms-tab-context&quot;><\/div><\/div>\n<\/div>\n\t\t\t\t<\/div>\n\t\t\t\t<div  class=\"ms-slide\" data-delay=\"3\" data-fill-mode=\"fill\"  >\n\t\t\t\t\t<img decoding=\"async\" src=\"https:\/\/wordpress.nibis.de\/stsgoegy\/wp-content\/plugins\/master-slider\/public\/assets\/css\/blank.gif\" alt=\"\" title=\"\" data-src=\"https:\/\/wordpress.nibis.de\/stsgoegy\/files\/IMG_6454klein.jpg\" \/>\n\n\n\t<div class=\"ms-thumb\" ><div class=\"ms-tab-context\"><div class=&quot;ms-tab-context&quot;><\/div><\/div>\n<\/div>\n\t\t\t\t<\/div>\n\t\t\t\t<div  class=\"ms-slide\" data-delay=\"3\" data-fill-mode=\"fill\"  >\n\t\t\t\t\t<img decoding=\"async\" src=\"https:\/\/wordpress.nibis.de\/stsgoegy\/wp-content\/plugins\/master-slider\/public\/assets\/css\/blank.gif\" alt=\"\" title=\"\" data-src=\"https:\/\/wordpress.nibis.de\/stsgoegy\/files\/IMG_6434klein.jpg\" \/>\n\n\n\t<div class=\"ms-thumb\" ><div class=\"ms-tab-context\"><div class=&quot;ms-tab-context&quot;><\/div><\/div>\n<\/div>\n\t\t\t\t<\/div>\n\t\t\t\t<div  class=\"ms-slide\" data-delay=\"3\" data-fill-mode=\"fill\"  >\n\t\t\t\t\t<img decoding=\"async\" src=\"https:\/\/wordpress.nibis.de\/stsgoegy\/wp-content\/plugins\/master-slider\/public\/assets\/css\/blank.gif\" alt=\"\" title=\"\" data-src=\"https:\/\/wordpress.nibis.de\/stsgoegy\/files\/Eichhorn.jpg\" \/>\n\n\n\t<div class=\"ms-thumb\" ><div class=\"ms-tab-context\"><div class=&quot;ms-tab-context&quot;><\/div><\/div>\n<\/div>\n\t\t\t\t<\/div>\n\t\t\t\t<div  class=\"ms-slide\" data-delay=\"3\" data-fill-mode=\"fill\"  >\n\t\t\t\t\t<img decoding=\"async\" src=\"https:\/\/wordpress.nibis.de\/stsgoegy\/wp-content\/plugins\/master-slider\/public\/assets\/css\/blank.gif\" alt=\"\" title=\"\" data-src=\"https:\/\/wordpress.nibis.de\/stsgoegy\/files\/IMG_6409klein.jpg\" \/>\n\n\n\t<div class=\"ms-thumb\" ><div class=\"ms-tab-context\"><div class=&quot;ms-tab-context&quot;><\/div><\/div>\n<\/div>\n\t\t\t\t<\/div>\n\t\t\t\t<div  class=\"ms-slide\" data-delay=\"3\" data-fill-mode=\"fill\"  >\n\t\t\t\t\t<img decoding=\"async\" src=\"https:\/\/wordpress.nibis.de\/stsgoegy\/wp-content\/plugins\/master-slider\/public\/assets\/css\/blank.gif\" alt=\"\" title=\"\" data-src=\"https:\/\/wordpress.nibis.de\/stsgoegy\/files\/IMG_6390klein.jpg\" \/>\n\n\n\t<div class=\"ms-thumb\" ><div class=\"ms-tab-context\"><div class=&quot;ms-tab-context&quot;><\/div><\/div>\n<\/div>\n\t\t\t\t<\/div>\n\n\t\t\t<\/div>\n\t\t\t<!-- END MasterSlider Main -->\n\n\t\t\t \n\t\t<\/div>\n\t\t<!-- END MasterSlider -->\n\n\t\t<script>\n\t\t(function ( $ ) {\n\t\t\t\"use strict\";\n\n\t\t\t$(function () {\n\t\t\t\tvar masterslider_4731 = new MasterSlider();\n\n\t\t\t\t\/\/ slider controls\n\n\t\t\t\t\/\/ slider setup\n\t\t\t\tmasterslider_4731.setup(\"MS651d18b6a4731\", {\n\t\t\t\t\t\twidth           : 780,\n\t\t\t\t\t\theight          : 140,\n\t\t\t\t\t\tminHeight       : 0,\n\t\t\t\t\t\tspace           : 0,\n\t\t\t\t\t\tstart           : 1,\n\t\t\t\t\t\tgrabCursor      : true,\n\t\t\t\t\t\tswipe           : true,\n\t\t\t\t\t\tmouse           : true,\n\t\t\t\t\t\tlayout          : \"boxed\",\n\t\t\t\t\t\twheel           : false,\n\t\t\t\t\t\tautoplay        : true,\n\t\t\t\t\t\tinstantStartLayers:false,\n\t\t\t\t\t\tloop            : false,\n\t\t\t\t\t\tshuffle         : false,\n\t\t\t\t\t\tpreload         : 0,\n\t\t\t\t\t\theightLimit     : true,\n\t\t\t\t\t\tautoHeight      : false,\n\t\t\t\t\t\tsmoothHeight    : true,\n\t\t\t\t\t\tendPause        : false,\n\t\t\t\t\t\toverPause       : true,\n\t\t\t\t\t\tfillMode        : \"fill\",\n\t\t\t\t\t\tcenterControls  : true,\n\t\t\t\t\t\tstartOnAppear   : false,\n\t\t\t\t\t\tlayersMode      : \"center\",\n\t\t\t\t\t\thideLayers      : false,\n\t\t\t\t\t\tfullscreenMargin: 0,\n\t\t\t\t\t\tspeed           : 20,\n\t\t\t\t\t\tdir             : \"h\",\n\t\t\t\t\t\tparallaxMode    : 'swipe',\n\t\t\t\t\t\tview            : \"basic\"\n\t\t\t\t});\n\n\t\t\t\t\n\t\t\t\twindow.masterslider_instances = window.masterslider_instances || [];\n\t\t\t\twindow.masterslider_instances.push( masterslider_4731 );\n\t\t\t });\n\n\t\t})(jQuery);\n\t\t<\/script>\n\n\n\n\n<p>\u00a0<\/p>\n<p style=\"text-align: center\">&#8230; im <strong>Studienseminar f\u00fcr das Lehramt an Gymnasien<\/strong> in G\u00f6ttingen<\/p>\n<p style=\"text-align: justify\">Unser Studienseminar befindet sich im gr\u00fcnen Herzen G\u00f6ttingens und bietet mit einem zukunftsorientieren Ausbildungskonzept und modernen R\u00e4umlichkeiten sehr gute Ausbildungsbedingungen f\u00fcr unsere Lehrkr\u00e4fte im Vorbereitungsdienst. Unser Standort in der ehemaligen p\u00e4dagogischen Hochschule ist nicht nur r\u00e4umlich, sondern auch konzeptionell seit jeher fest in der universit\u00e4ren Lehrkr\u00e4fteausbildung verankert; damit sind wir eine wichtige Institution in der Bildungsregion S\u00fcdniedersachsen.<\/p>\n<p style=\"text-align: justify\">Die Bibliothek der Universit\u00e4t G\u00f6ttingen im Standort Waldweg bietet unseren Ausbildenden und Lehrkr\u00e4ften einen unbegrenzten Zugang zu relevanten Buch- und Zeitschriftenbest\u00e4nden der Universit\u00e4t. Damit ist die notwendige Theorie-Praxis-Vernetzung langfristig gew\u00e4hrleistet. Durch die k\u00fcrzlich erfolgte Renovierung verf\u00fcgen wir \u00fcber einen barrierefreien Zugang (Fahrstuhl) sowie \u00fcber ein digitales\u00a0 Ausbildungsnetzwerk incl. WLAN.<\/p>\n<p style=\"text-align: justify\">Wir laden Sie herzlich ein, sich auf unserer Homepage umfassend zu informieren. Kommen Sie gern vorbei oder kontaktieren Sie uns, falls Sie Fragen an uns haben.<\/p>\n<p style=\"text-align: center\"><strong>Wir freuen uns auf Sie!<\/strong><\/p>\n<p>\u00a0<\/p>\n<p><strong>Informationen zur Bewerbung in den Vorbereitungsdienst sowie FAQs finden Sie unter:<\/strong><\/p>\n<ul>\n<li><a href=\"https:\/\/www.mk.niedersachsen.de\/startseite\/schule\/lehrkrafte_und_nichtlehrendes_personal\/wege_in_den_schuldienst\/einstellung_in_den_vorbereitungsdienst\/vorbereitungsdienst_fur_lehramter_an_allgemein_bildenden_schulen\/vorbereitungsdienst-fur-lehramter-an-allgemein-bildenden-schulen-167438.html\" target=\"_blank\" rel=\"noopener\">Das Kultusministerium zum Vorbereitungsdienst an allgemeinbildenden Schulen<\/a><\/li>\n<li><a href=\"https:\/\/bildungsportal-niedersachsen.de\/schulorganisation\/in-schule-arbeiten\/lehrkraft-werden\/vorbereitungsdienst\/faq-vorbereitungsdienst\" target=\"_blank\" rel=\"noopener\">Das Bildungsportal Niedersachsen: Fragen und Antworten zur Einstellung i.d. Vorbereitungsdienst<\/a><\/li>\n<\/ul>\n<p><span style=\"font-size: revert;color: initial\"><br \/>Waldweg 26<br \/><\/span>37073 G\u00f6ttingen<\/p>\n<p>eMail: &#x50;&#x6f;&#x73;&#x74;&#x73;&#x74;&#x65;&#x6c;&#x6c;&#x65;&#x40;&#x73;&#x65;&#x6d;&#x69;&#x6e;&#x61;&#x72;&#x2d;&#x67;&#x6f;&#x65;&#x2d;&#x6c;&#x67;&#x79;&#x6d;&#x2e;&#x6e;&#x69;&#x65;&#x64;&#x65;&#x72;&#x73;&#x61;&#x63;&#x68;&#x73;&#x65;&#x6e;&#x2e;&#x64;&#x65;<br \/>Telefon: 0049 &#8211; 551 &#8211; 309854 83<\/p>\n<p>\u00a0<\/p>\n\n\n<hr class=\"wp-block-separator\" \/>\n\n\n\n<p class=\"has-text-align-center has-medium-font-size\"><span style=\"text-decoration: underline\" class=\"underline\">Aktuelles aus unserer Ausbildung<br \/><\/span><\/p>\n\n\n<ul class=\"wp-block-latest-posts__list is-style-tw-posts-card wp-block-latest-posts\"><li><a class=\"wp-block-latest-posts__post-title\" href=\"https:\/\/wordpress.nibis.de\/stsgoegy\/sts-goes-bne-nachhaltig-denken-wirksam-handeln-19-03-2026\/\">STS goes BNE: Nachhaltig denken, wirksam handeln &#8211; 19.03.2026<\/a><div class=\"wp-block-latest-posts__post-full-content\"><!-- wp:tadv\/classic-paragraph -->\n<p>Wir blicken stolz auf unseren ersten BNE-Tag zur\u00fcck, der allen Besuchenden eine Vielfalt an unterschiedliche Workshops sowie inspirierende Vortr\u00e4ge und Informationen rund um das Thema Bildung f\u00fcr nachhaltige Entwicklung bot. Besonderer Dank gilt Frau Antje Gritzan vom RLBS-BS, die uns anhand ihres Workshops den Bereich der Gestaltungskompetenz n\u00e4her brachte. Ebenso wie alle anderen Workshops waren die Inspirationen von Kerstin Preis (KGS Moringen) sehr bereichernd und ansteckend, bei Kerstin Preis bedanken wir uns insbesondere f\u00fcr die Perspektive aus der Praxis zum FreiDay. Die Exit-Tickets am Ende der Veranstaltungen zeigen, dass alle Teilnehmenden Ideen f\u00fcr die Umsetzung von BNE haben mitnehmen k\u00f6nnen. Der n\u00e4chste BNE-Tag kann kommen.<\/p>\n<div class=\"wp-block-image\"><img loading=\"lazy\" decoding=\"async\" class=\"wpa-warning wpa-image-missing-alt aligncenter size-full wp-image-2153\" src=\"https:\/\/wordpress.nibis.de\/stsgoegy\/files\/IMG_2881.jpeg\" alt=\"\" width=\"640\" height=\"480\" data-warning=\"Missing alt text\" srcset=\"https:\/\/wordpress.nibis.de\/stsgoegy\/files\/IMG_2881.jpeg 640w, https:\/\/wordpress.nibis.de\/stsgoegy\/files\/IMG_2881-188x141.jpeg 188w, https:\/\/wordpress.nibis.de\/stsgoegy\/files\/IMG_2881-100x75.jpeg 100w\" sizes=\"auto, (max-width: 640px) 100vw, 640px\" \/><\/div>\n<div>\u00a0<\/div>\n<div>\n<div class=\"wp-block-image\"><img loading=\"lazy\" decoding=\"async\" class=\"wpa-warning wpa-image-missing-alt aligncenter size-full wp-image-2152\" src=\"https:\/\/wordpress.nibis.de\/stsgoegy\/files\/IMG_2867.jpeg\" alt=\"\" width=\"640\" height=\"480\" data-warning=\"Missing alt text\" srcset=\"https:\/\/wordpress.nibis.de\/stsgoegy\/files\/IMG_2867.jpeg 640w, https:\/\/wordpress.nibis.de\/stsgoegy\/files\/IMG_2867-188x141.jpeg 188w, https:\/\/wordpress.nibis.de\/stsgoegy\/files\/IMG_2867-100x75.jpeg 100w\" sizes=\"auto, (max-width: 640px) 100vw, 640px\" \/><\/div>\n<div>\u00a0<\/div>\n<div>\n<div class=\"wp-block-image\"><img loading=\"lazy\" decoding=\"async\" class=\"wpa-warning wpa-image-missing-alt aligncenter size-full wp-image-2151\" src=\"https:\/\/wordpress.nibis.de\/stsgoegy\/files\/IMG_2879-1.jpeg\" alt=\"\" width=\"640\" height=\"480\" data-warning=\"Missing alt text\" srcset=\"https:\/\/wordpress.nibis.de\/stsgoegy\/files\/IMG_2879-1.jpeg 640w, https:\/\/wordpress.nibis.de\/stsgoegy\/files\/IMG_2879-1-188x141.jpeg 188w, https:\/\/wordpress.nibis.de\/stsgoegy\/files\/IMG_2879-1-100x75.jpeg 100w\" sizes=\"auto, (max-width: 640px) 100vw, 640px\" \/><\/div>\n<\/div>\n<\/div>\n<!-- \/wp:tadv\/classic-paragraph --><\/div><\/li>\n<li><a class=\"wp-block-latest-posts__post-title\" href=\"https:\/\/wordpress.nibis.de\/stsgoegy\/lions-quest-maerz-2026\/\">Lions Quest M\u00e4rz 2026<\/a><div class=\"wp-block-latest-posts__post-full-content\"><!-- wp:tadv\/classic-paragraph -->\n<p>Und wieder einmal konnten unsere Lehrkr\u00e4fte im Vorbereitungsdienst im M\u00e4rz 2026 an einem neuen Lions Quest Seminar teilnehmen. Dort erhielten sie zus\u00e4tzlich zur regul\u00e4ren Ausbildung wichtige Impulse zur Klassenf\u00fchrung, zu sozialem Lernen und zur Konfliktbew\u00e4ltigung im Klassenraum. Wie immer waren die zwei Tage intensiv und sehr gewinnbringend. Auf in die n\u00e4chste Runde, die im September 2026 stattfinden wird. Vielen Dank an das LQ-Team.<\/p>\n<!-- \/wp:tadv\/classic-paragraph -->\n\n<!-- wp:image {\"id\":2148,\"sizeSlug\":\"large\",\"linkDestination\":\"none\"} -->\n<figure class=\"wp-block-image size-large\"><img loading=\"lazy\" decoding=\"async\" width=\"1200\" height=\"675\" src=\"https:\/\/wordpress.nibis.de\/stsgoegy\/files\/LQ2026-1200x675.jpeg\" alt=\"\" class=\"wp-image-2148\" srcset=\"https:\/\/wordpress.nibis.de\/stsgoegy\/files\/LQ2026-1200x675.jpeg 1200w, https:\/\/wordpress.nibis.de\/stsgoegy\/files\/LQ2026-850x478.jpeg 850w\" sizes=\"auto, (max-width: 1200px) 100vw, 1200px\" \/><\/figure>\n<!-- \/wp:image --><\/div><\/li>\n<li><a class=\"wp-block-latest-posts__post-title\" href=\"https:\/\/wordpress.nibis.de\/stsgoegy\/bildung-fuer-nachhaltige-entwicklung\/\">Bildung f\u00fcr nachhaltige Entwicklung<\/a><div class=\"wp-block-latest-posts__post-full-content\"><!-- wp:image {\"id\":2141,\"sizeSlug\":\"large\",\"linkDestination\":\"none\"} -->\n<figure class=\"wp-block-image size-large\"><img loading=\"lazy\" decoding=\"async\" width=\"1132\" height=\"675\" src=\"https:\/\/wordpress.nibis.de\/stsgoegy\/files\/bne19.3.26-1132x675.png\" alt=\"\" class=\"wp-image-2141\" \/><\/figure>\n<!-- \/wp:image --><\/div><\/li>\n<li><a class=\"wp-block-latest-posts__post-title\" href=\"https:\/\/wordpress.nibis.de\/stsgoegy\/herzlich-willkommen-kurs-s-27\/\">Herzlich willkommen, Kurs S-27!<\/a><div class=\"wp-block-latest-posts__post-full-content\"><!-- wp:tadv\/classic-paragraph -->\n<p>Am 28.01.2026 haben wir die neuen Lehrkr\u00e4fte an unserem Studienseminar willkommen gehei\u00dfen und vereidigt. Der Start in die Einf\u00fchrungswoche war winterlich und kalt. Davon haben sich die Lehrkr\u00e4fte des neuen Kurses jedoch nicht beeindrucken lassen: gern wurde ein Kursfoto drau\u00dfen aufgenommen, ungeachtet der Temperaturen und des Schnees. Wir freuen uns nun gemeinsam auf die Ausbildung und den hoffentlich bald nahenden Fr\u00fchling.<\/p>\n<p>\u00a0<\/p>\n<!-- \/wp:tadv\/classic-paragraph -->\n\n<!-- wp:image {\"id\":2131,\"sizeSlug\":\"large\",\"linkDestination\":\"none\"} -->\n<figure class=\"wp-block-image size-large\"><img loading=\"lazy\" decoding=\"async\" width=\"1200\" height=\"675\" src=\"https:\/\/wordpress.nibis.de\/stsgoegy\/files\/IMG_3596-1200x675.jpeg\" alt=\"\" class=\"wp-image-2131\" srcset=\"https:\/\/wordpress.nibis.de\/stsgoegy\/files\/IMG_3596-1200x675.jpeg 1200w, https:\/\/wordpress.nibis.de\/stsgoegy\/files\/IMG_3596-850x478.jpeg 850w\" sizes=\"auto, (max-width: 1200px) 100vw, 1200px\" \/><\/figure>\n<!-- \/wp:image --><\/div><\/li>\n<li><a class=\"wp-block-latest-posts__post-title\" href=\"https:\/\/wordpress.nibis.de\/stsgoegy\/wir-erforschen-das-roemerkastell-saalburg\/\">Wir erforschen das R\u00f6merkastell Saalburg<\/a><div class=\"wp-block-latest-posts__post-full-content\"><!-- wp:tadv\/classic-paragraph -->\n<p>Exkursion des Fachseminars Latein am 04.11.2025<\/p>\n<!-- \/wp:tadv\/classic-paragraph -->\n\n<!-- wp:tadv\/classic-paragraph -->\n<p>Die j\u00e4hrliche Exkursion des Fachseminars Latein f\u00fchrte im November 2025 zum R\u00f6merkastell <em>Saalburg<\/em>. Mithilfe verschiedener begrifflicher Zug\u00e4nge wurde die Funktionalit\u00e4t des Limes sowie die Bedeutung der Romanisierung diskutiert. Es lohnt sich, diesen besonderen Lernort aus verschiedene Fachperspektiven zu besuchen! Mehr dazu <a href=\"https:\/\/wordpress.nibis.de\/stsgoegy\/files\/Exkursion-des-Fachseminars-Latein-zum-Roemerkastell-Saalburg-am-4.11.2025.pdf\" target=\"_blank\" rel=\"noopener\"><u>hier<\/u>.<\/a><\/p>\n<!-- \/wp:tadv\/classic-paragraph -->\n\n<!-- wp:image {\"id\":2118,\"width\":\"318px\",\"height\":\"auto\",\"aspectRatio\":\"0.5719812848659348\",\"sizeSlug\":\"full\",\"linkDestination\":\"none\",\"align\":\"center\"} -->\n<figure class=\"wp-block-image aligncenter size-full is-resized\"><img loading=\"lazy\" decoding=\"async\" width=\"298\" height=\"521\" src=\"https:\/\/wordpress.nibis.de\/stsgoegy\/files\/image.png\" alt=\"\" class=\"wp-image-2118\" style=\"aspect-ratio:0.5719812848659348;width:318px;height:auto\" srcset=\"https:\/\/wordpress.nibis.de\/stsgoegy\/files\/image.png 298w, https:\/\/wordpress.nibis.de\/stsgoegy\/files\/image-81x141.png 81w, https:\/\/wordpress.nibis.de\/stsgoegy\/files\/image-100x175.png 100w\" sizes=\"auto, (max-width: 298px) 100vw, 298px\" \/><\/figure>\n<!-- \/wp:image --><\/div><\/li>\n<\/ul>\n\n<ul class=\"wp-block-categories-list wp-block-categories\">\t<li class=\"cat-item cat-item-6\"><a href=\"https:\/\/wordpress.nibis.de\/stsgoegy\/category\/aktuelles\/\">Aktuelles<\/a> (31)\n<\/li>\n<\/ul>\n\n","protected":false},"excerpt":{"rendered":"<p>\u00a0 &#8230; im Studienseminar f\u00fcr das Lehramt an Gymnasien in G\u00f6ttingen Unser Studienseminar befindet sich im gr\u00fcnen Herzen G\u00f6ttingens und bietet mit einem zukunftsorientieren Ausbildungskonzept und modernen R\u00e4umlichkeiten sehr gute Ausbildungsbedingungen f\u00fcr unsere Lehrkr\u00e4fte im Vorbereitungsdienst. Unser Standort in der ehemaligen p\u00e4dagogischen Hochschule ist nicht nur r\u00e4umlich, sondern auch konzeptionell seit jeher fest in der &#8230; <a title=\"Herzlich willkommen&#8230;\" class=\"read-more\" href=\"https:\/\/wordpress.nibis.de\/stsgoegy\/\" aria-label=\"Mehr Informationen \u00fcber Herzlich willkommen&#8230;\">Weiterlesen<\/a><\/p>\n","protected":false},"author":161,"featured_media":0,"parent":0,"menu_order":0,"comment_status":"closed","ping_status":"closed","template":"","meta":{"footnotes":""},"class_list":["post-425","page","type-page","status-publish"],"_links":{"self":[{"href":"https:\/\/wordpress.nibis.de\/stsgoegy\/wp-json\/wp\/v2\/pages\/425","targetHints":{"allow":["GET"]}}],"collection":[{"href":"https:\/\/wordpress.nibis.de\/stsgoegy\/wp-json\/wp\/v2\/pages"}],"about":[{"href":"https:\/\/wordpress.nibis.de\/stsgoegy\/wp-json\/wp\/v2\/types\/page"}],"author":[{"embeddable":true,"href":"https:\/\/wordpress.nibis.de\/stsgoegy\/wp-json\/wp\/v2\/users\/161"}],"replies":[{"embeddable":true,"href":"https:\/\/wordpress.nibis.de\/stsgoegy\/wp-json\/wp\/v2\/comments?post=425"}],"version-history":[{"count":69,"href":"https:\/\/wordpress.nibis.de\/stsgoegy\/wp-json\/wp\/v2\/pages\/425\/revisions"}],"predecessor-version":[{"id":1871,"href":"https:\/\/wordpress.nibis.de\/stsgoegy\/wp-json\/wp\/v2\/pages\/425\/revisions\/1871"}],"wp:attachment":[{"href":"https:\/\/wordpress.nibis.de\/stsgoegy\/wp-json\/wp\/v2\/media?parent=425"}],"curies":[{"name":"wp","href":"https:\/\/api.w.org\/{rel}","templated":true}]}}