{"id":471,"date":"2016-10-12T18:49:14","date_gmt":"2016-10-12T16:49:14","guid":{"rendered":"http:\/\/wordpress.nibis.de\/stsgoegy\/?page_id=471"},"modified":"2024-08-02T08:29:52","modified_gmt":"2024-08-02T06:29:52","slug":"zusatzqualifikationen","status":"publish","type":"page","link":"https:\/\/wordpress.nibis.de\/stsgoegy\/ausbildung\/zusatzqualifikationen\/","title":{"rendered":"Zusatzqualifikationen"},"content":{"rendered":"<p>Zur Zeit werden am Studienseminar f\u00fcr Lehramt an Gymnasien in G\u00f6ttingen folgende Zusatzqualifikationen angeboten:<\/p>\n<ul>\n<li>K\u00f6rper, Stimme, Szenisches Spiel<\/li>\n<li>Deutsch als Zweitsprache<\/li>\n<li>Gesellschaftslehre<\/li>\n<li>Naturwissenschaften<\/li>\n<li>Bilingualer Sachfachunterricht Englisch<\/li>\n<li>Basiskompetenzen Informatik<\/li>\n<\/ul>\n\n\n<p><a href=\"https:\/\/wordpress.nibis.de\/stsgoegy\/files\/Stimmen-zu-den-ZQs.pdf\" target=\"_blank\" rel=\"noopener\">Erfahrungsberichte und Stimmen aus den ZQs<\/a><\/p>\n","protected":false},"excerpt":{"rendered":"<p>Zur Zeit werden am Studienseminar f\u00fcr Lehramt an Gymnasien in G\u00f6ttingen folgende Zusatzqualifikationen angeboten: K\u00f6rper, Stimme, Szenisches Spiel Deutsch als Zweitsprache Gesellschaftslehre Naturwissenschaften Bilingualer Sachfachunterricht Englisch Basiskompetenzen Informatik Erfahrungsberichte und Stimmen aus den ZQs<\/p>\n","protected":false},"author":161,"featured_media":0,"parent":433,"menu_order":0,"comment_status":"closed","ping_status":"closed","template":"","meta":{"footnotes":""},"class_list":["post-471","page","type-page","status-publish"],"_links":{"self":[{"href":"https:\/\/wordpress.nibis.de\/stsgoegy\/wp-json\/wp\/v2\/pages\/471","targetHints":{"allow":["GET"]}}],"collection":[{"href":"https:\/\/wordpress.nibis.de\/stsgoegy\/wp-json\/wp\/v2\/pages"}],"about":[{"href":"https:\/\/wordpress.nibis.de\/stsgoegy\/wp-json\/wp\/v2\/types\/page"}],"author":[{"embeddable":true,"href":"https:\/\/wordpress.nibis.de\/stsgoegy\/wp-json\/wp\/v2\/users\/161"}],"replies":[{"embeddable":true,"href":"https:\/\/wordpress.nibis.de\/stsgoegy\/wp-json\/wp\/v2\/comments?post=471"}],"version-history":[{"count":14,"href":"https:\/\/wordpress.nibis.de\/stsgoegy\/wp-json\/wp\/v2\/pages\/471\/revisions"}],"predecessor-version":[{"id":1804,"href":"https:\/\/wordpress.nibis.de\/stsgoegy\/wp-json\/wp\/v2\/pages\/471\/revisions\/1804"}],"up":[{"embeddable":true,"href":"https:\/\/wordpress.nibis.de\/stsgoegy\/wp-json\/wp\/v2\/pages\/433"}],"wp:attachment":[{"href":"https:\/\/wordpress.nibis.de\/stsgoegy\/wp-json\/wp\/v2\/media?parent=471"}],"curies":[{"name":"wp","href":"https:\/\/api.w.org\/{rel}","templated":true}]}}