{"id":512,"date":"2016-10-12T21:14:16","date_gmt":"2016-10-12T19:14:16","guid":{"rendered":"http:\/\/wordpress.nibis.de\/stsgoegy\/?page_id=512"},"modified":"2022-04-29T12:15:04","modified_gmt":"2022-04-29T10:15:04","slug":"kontakt","status":"publish","type":"page","link":"https:\/\/wordpress.nibis.de\/stsgoegy\/service\/kontakt\/","title":{"rendered":"Kontakt \/ Anreise"},"content":{"rendered":"<p>Das Studienseminar erreichen Sie:<\/p>\n<table style=\"width: 572px\" border=\"0\">\n<tbody>\n<tr>\n<td style=\"width: 90px\">per Post:<\/td>\n<td style=\"width: 482px\">Studienseminar G\u00f6ttingen f\u00fcr das Lehramt an Gymnasien<br \/>\nWaldweg 26<br \/>\n37073 G\u00f6ttingen<\/td>\n<\/tr>\n<tr>\n<td style=\"width: 90px\">per Telefon:<\/td>\n<td style=\"width: 482px\">+49 (0)551 30985483<\/td>\n<\/tr>\n<tr>\n<td style=\"width: 90px\">per Mail:<\/td>\n<td style=\"width: 482px\">&#x50;&#x6f;&#115;&#116;s&#x74;&#x65;&#x6c;&#108;&#101;&#64;&#x73;&#x65;&#x6d;&#105;&#110;a&#x72;&#x2d;&#x67;&#111;&#101;-&#x6c;&#x67;&#x79;&#109;&#46;N&#x69;&#x65;&#x64;&#101;rs&#x61;&#x63;&#104;&#115;en&#x2e;&#x64;&#101;<\/td>\n<\/tr>\n<\/tbody>\n<\/table>\n<p><a href=\"http:\/\/wordpress.nibis.de\/stsgoegy\/service\/kontakt-anreise-neu\/\">[good-old-gallery id=&#8220;1001&#8243; theme=&#8220;gog-dots&#8220; size=&#8220;full&#8220; animation=&#8220;fade&#8220; slideshow=&#8220;true&#8220; slideshowspeed=&#8220;500&#8243; animationduration=&#8220;200&#8243; randomize=&#8220;true&#8220; animationloop=&#8220;true&#8220; controlnav=&#8220;false&#8220; directionnav=&#8220;false&#8220; pauseplay=&#8220;false&#8220; pauseonaction=&#8220;false&#8220; pauseonhover=&#8220;true&#8220;]<\/a><\/p>\n<p><span style=\"font-size: 24pt\">Anreise<\/span><\/p>\n<table style=\"width: 752px\">\n<tbody>\n<tr>\n<td style=\"width: 616px\"><a href=\"https:\/\/www.google.de\/maps\/place\/Studienseminar+G%C3%B6ttingen+f%C3%BCr+das+Lehramt+an+Gymnasien\/@51.5436373,9.9441439,18.33z\/data=!4m5!3m4!1s0x0:0xd6b71ac41f46ab1e!8m2!3d51.5438551!4d9.9449011\" target=\"_blank\" rel=\"noopener\"><img loading=\"lazy\" decoding=\"async\" class=\"alignnone size-full wp-image-542\" src=\"http:\/\/wordpress.nibis.de\/stsgoegy\/files\/map1-22000.jpg\" alt=\"map1-22000\" width=\"690\" height=\"584\" srcset=\"https:\/\/wordpress.nibis.de\/stsgoegy\/files\/map1-22000.jpg 690w, https:\/\/wordpress.nibis.de\/stsgoegy\/files\/map1-22000-150x127.jpg 150w, https:\/\/wordpress.nibis.de\/stsgoegy\/files\/map1-22000-300x254.jpg 300w\" sizes=\"auto, (max-width: 690px) 100vw, 690px\" \/><\/a><\/td>\n<td style=\"width: 100px\"><a href=\"https:\/\/www.google.de\/maps\/place\/Studienseminar+G%C3%B6ttingen+f%C3%BCr+das+Lehramt+an+Gymnasien\/@51.5436373,9.9441439,18.33z\/data=!4m5!3m4!1s0x0:0xd6b71ac41f46ab1e!8m2!3d51.5438551!4d9.9449011\" target=\"_blank\" rel=\"noopener\">Anreise mit Google-Maps<\/a><\/td>\n<\/tr>\n<\/tbody>\n<\/table>\n<p><span style=\"font-size: 8pt\">Daten von <a href=\"http:\/\/www.openstreetmap.org\/\">OpenStreetMap<\/a> &#8211; Ver\u00f6ffentlicht unter <a href=\"http:\/\/opendatacommons.org\/licenses\/odbl\/\">ODbL<\/a><\/span><\/p>\n","protected":false},"excerpt":{"rendered":"<p>Das Studienseminar erreichen Sie: per Post: Studienseminar G\u00f6ttingen f\u00fcr das Lehramt an Gymnasien Waldweg 26 37073 G\u00f6ttingen per Telefon: +49 (0)551 30985483 per Mail: &#x50;o&#x73;&#116;&#x73;&#116;e&#x6c;l&#x65;&#64;&#x73;&#101;m&#x69;&#110;&#x61;&#114;-&#x67;o&#x65;&#45;&#x6c;&#103;y&#x6d;&#46;&#x4e;&#105;&#x65;&#x64;e&#x72;&#115;&#x61;&#99;h&#x73;e&#x6e;&#46;&#x64;&#101; [good-old-gallery id=&#8220;1001&#8243; theme=&#8220;gog-dots&#8220; size=&#8220;full&#8220; animation=&#8220;fade&#8220; slideshow=&#8220;true&#8220; slideshowspeed=&#8220;500&#8243; animationduration=&#8220;200&#8243; randomize=&#8220;true&#8220; animationloop=&#8220;true&#8220; controlnav=&#8220;false&#8220; directionnav=&#8220;false&#8220; pauseplay=&#8220;false&#8220; pauseonaction=&#8220;false&#8220; pauseonhover=&#8220;true&#8220;] Anreise Anreise mit Google-Maps Daten von OpenStreetMap &#8211; Ver\u00f6ffentlicht unter ODbL<\/p>\n","protected":false},"author":161,"featured_media":0,"parent":506,"menu_order":0,"comment_status":"closed","ping_status":"closed","template":"","meta":{"footnotes":""},"class_list":["post-512","page","type-page","status-publish"],"_links":{"self":[{"href":"https:\/\/wordpress.nibis.de\/stsgoegy\/wp-json\/wp\/v2\/pages\/512","targetHints":{"allow":["GET"]}}],"collection":[{"href":"https:\/\/wordpress.nibis.de\/stsgoegy\/wp-json\/wp\/v2\/pages"}],"about":[{"href":"https:\/\/wordpress.nibis.de\/stsgoegy\/wp-json\/wp\/v2\/types\/page"}],"author":[{"embeddable":true,"href":"https:\/\/wordpress.nibis.de\/stsgoegy\/wp-json\/wp\/v2\/users\/161"}],"replies":[{"embeddable":true,"href":"https:\/\/wordpress.nibis.de\/stsgoegy\/wp-json\/wp\/v2\/comments?post=512"}],"version-history":[{"count":14,"href":"https:\/\/wordpress.nibis.de\/stsgoegy\/wp-json\/wp\/v2\/pages\/512\/revisions"}],"predecessor-version":[{"id":1350,"href":"https:\/\/wordpress.nibis.de\/stsgoegy\/wp-json\/wp\/v2\/pages\/512\/revisions\/1350"}],"up":[{"embeddable":true,"href":"https:\/\/wordpress.nibis.de\/stsgoegy\/wp-json\/wp\/v2\/pages\/506"}],"wp:attachment":[{"href":"https:\/\/wordpress.nibis.de\/stsgoegy\/wp-json\/wp\/v2\/media?parent=512"}],"curies":[{"name":"wp","href":"https:\/\/api.w.org\/{rel}","templated":true}]}}