{"id":617,"date":"2016-12-06T13:59:41","date_gmt":"2016-12-06T12:59:41","guid":{"rendered":"http:\/\/wordpress.nibis.de\/stsgoegy\/?page_id=617"},"modified":"2026-02-16T16:04:34","modified_gmt":"2026-02-16T15:04:34","slug":"fachausbilder-2","status":"publish","type":"page","link":"https:\/\/wordpress.nibis.de\/stsgoegy\/unser-seminar\/fachausbilder-2\/","title":{"rendered":"Ausbildende"},"content":{"rendered":"<table style=\"width: 100%;height: 766px\">\n<tbody>\n<tr style=\"height: 23px\">\n<td style=\"text-align: center;width: 78.5639%;height: 23px\"><strong>Ausbilder<\/strong><\/td>\n<td style=\"text-align: center;width: 17.4361%;height: 23px\"><strong>Stammschule<\/strong><\/td>\n<\/tr>\n<tr style=\"height: 23px\">\n<td style=\"width: 78.5639%;text-align: left;height: 23px\"><strong>StD&#8216; Inken Barfod-Werner <\/strong>&#8211; Ausbildende f\u00fcr Biologie<\/td>\n<td style=\"text-align: center;width: 17.4361%;height: 23px\">GGE<\/td>\n<\/tr>\n<tr style=\"height: 23px\">\n<td style=\"width: 78.5639%;text-align: left;height: 23px\"><strong>OStR Dr. Bernd Beyerstedt <\/strong>&#8211; Ausbildender f\u00fcr Mathematik<\/td>\n<td style=\"text-align: center;width: 17.4361%;height: 23px\">FKG<\/td>\n<\/tr>\n<tr style=\"height: 23px\">\n<td style=\"width: 78.5639%;text-align: left;height: 23px\"><strong>StR Marvin Eckermann<\/strong> &#8211; Ausbildender f\u00fcr P\u00e4dagogik<\/td>\n<td style=\"text-align: center;width: 17.4361%;height: 23px\">IGB<\/td>\n<\/tr>\n<tr>\n<td style=\"width: 78.5639%;text-align: left\"><strong>StD&#8216; Dr. Stefanie Frost &#8211;\u00a0<\/strong>Ausbildende f\u00fcr Religion<\/td>\n<td style=\"text-align: center;width: 17.4361%\">KGS-M<\/td>\n<\/tr>\n<tr style=\"height: 27px\">\n<td style=\"width: 78.5639%;text-align: left;height: 27px\"><strong>StD Frank Goldmann<\/strong> &#8211; Ausbildender f\u00fcr Latein<\/td>\n<td style=\"text-align: center;width: 17.4361%;height: 27px\">FKG<\/td>\n<\/tr>\n<tr style=\"height: 23px\">\n<td style=\"width: 78.5639%;text-align: left;height: 23px\"><strong>StR Dr. J\u00fcrn Gottschalk <\/strong>&#8211; Ausbildender f\u00fcr Philosophie und Werte und Normen<\/td>\n<td style=\"text-align: center;width: 17.4361%;height: 23px\">OHG<\/td>\n<\/tr>\n<tr style=\"height: 23px\">\n<td style=\"width: 78.5639%;text-align: left;height: 23px\"><strong>OStR&#8216; Anne Gr\u00fcneklee <\/strong>&#8211; Ausbildende f\u00fcr Franz\u00f6sisch<\/td>\n<td style=\"text-align: center;width: 17.4361%;height: 23px\">FKG<\/td>\n<\/tr>\n<tr style=\"height: 21px\">\n<td style=\"width: 78.5639%;text-align: left;height: 21px\"><strong>StD&#8216; Miriam H\u00e4nig<\/strong> &#8211; Ausbildende f\u00fcr P\u00e4dagogik<\/td>\n<td style=\"text-align: center;width: 17.4361%;height: 21px\">STS<\/td>\n<\/tr>\n<tr style=\"height: 23px\">\n<td style=\"width: 78.5639%;text-align: left;height: 23px\"><strong>OStR&#8216; Nadja Haghpanah <\/strong>&#8211; Ausbildende f\u00fcr Deutsch<\/td>\n<td style=\"text-align: center;width: 17.4361%;height: 23px\">\u00a0HG<\/td>\n<\/tr>\n<tr style=\"height: 23px\">\n<td style=\"width: 78.5639%;text-align: left;height: 23px\"><strong>StD&#8216; Christine Henne<\/strong> &#8211; Ausbildende f\u00fcr Politik-Wirtschaft<\/td>\n<td style=\"text-align: center;width: 17.4361%;height: 23px\">\u00a0MPG<\/td>\n<\/tr>\n<tr style=\"height: 24px\">\n<td style=\"width: 78.5639%;text-align: left;height: 24px\"><strong>StR Michael H\u00f6ffker<\/strong> &#8211; Ausbildender f\u00fcr Englisch<strong><br \/><\/strong><\/td>\n<td style=\"text-align: center;width: 17.4361%;height: 24px\">FKG<\/td>\n<\/tr>\n<tr style=\"height: 23px\">\n<td style=\"width: 78.5639%;text-align: left;height: 23px\"><strong>OStR&#8216; Claudia Ilse <\/strong>&#8211; Ausbildende f\u00fcr Mathematik<\/td>\n<td style=\"text-align: center;width: 17.4361%;height: 23px\">\u00a0GGE<\/td>\n<\/tr>\n<tr style=\"height: 23px\">\n<td style=\"width: 78.5639%;text-align: left;height: 23px\"><strong>StD S\u00f6nke Jaek<\/strong> &#8211; Ausbildender f\u00fcr Geschichte<\/td>\n<td style=\"text-align: center;width: 17.4361%;height: 23px\">OHG<\/td>\n<\/tr>\n<tr style=\"height: 23.3125px\">\n<td style=\"width: 78.5639%;text-align: left;height: 23px\"><strong>StD&#8216; Katrin Klecka<\/strong> &#8211; Ausbildende f\u00fcr Sport<\/td>\n<td style=\"text-align: center;width: 17.4361%;height: 23px\">FKG<\/td>\n<\/tr>\n<tr style=\"height: 23px\">\n<td style=\"width: 78.5639%;text-align: left;height: 23px\"><strong>StD Martin-Ernst Kraus<\/strong> &#8211; Ausbildender f\u00fcr Physik<\/td>\n<td style=\"text-align: center;width: 17.4361%;height: 23px\">FKG<\/td>\n<\/tr>\n<tr style=\"height: 24px\">\n<td style=\"width: 78.5639%;text-align: left;height: 24px\"><strong>StR&#8216; Tanja K\u00fchlewind-Rieck<\/strong> &#8211; Ausbildende f\u00fcr P\u00e4dagogik<strong><br \/><\/strong><\/td>\n<td style=\"text-align: center;width: 17.4361%;height: 24px\">EMA<\/td>\n<\/tr>\n<tr style=\"height: 21px\">\n<td style=\"width: 78.5639%;text-align: left;height: 21px\"><strong>StD&#8216; Claudia Maibohm<\/strong> &#8211; Ausbildende f\u00fcr Chemie<\/td>\n<td style=\"text-align: center;width: 17.4361%;height: 21px\">IGS<\/td>\n<\/tr>\n<tr style=\"height: 23px\">\n<td style=\"width: 78.5639%;text-align: left;height: 23px\"><strong>OStR Stefan Melzer<\/strong> &#8211; Ausbildender f\u00fcr Informatik<\/td>\n<td style=\"text-align: center;width: 17.4361%;height: 23px\">THG<\/td>\n<\/tr>\n<tr style=\"height: 23px\">\n<td style=\"width: 78.5639%;text-align: left;height: 23px\"><strong>StD&#8216; Wiebke Ruf<\/strong> &#8211; Ausbildende f\u00fcr Englisch<\/td>\n<td style=\"text-align: center;width: 17.4361%;height: 23px\">\u00a0COR<\/td>\n<\/tr>\n<tr style=\"height: 23px\">\n<td style=\"width: 78.5639%;text-align: left;height: 23px\"><strong>OStR&#8216; Sabine Schlieper <\/strong>&#8211; Ausbildende f\u00fcr Chinesisch<\/td>\n<td style=\"text-align: center;width: 17.4361%;height: 23px\">HG<\/td>\n<\/tr>\n<tr style=\"height: 23px\">\n<td style=\"width: 78.5639%;text-align: left;height: 23px\"><strong>OStD&#8216; Anna-Maria Schumann<\/strong> &#8211; Ausbildende f\u00fcr P\u00e4dagogik<\/td>\n<td style=\"text-align: center;width: 17.4361%;height: 23px\">STS<\/td>\n<\/tr>\n<tr style=\"height: 23px\">\n<td style=\"width: 78.5639%;text-align: left;height: 23px\"><strong>StD Thomas Sperlich <\/strong>&#8211; Ausbildender f\u00fcr Mathematik<\/td>\n<td style=\"text-align: center;width: 17.4361%;height: 23px\">COR<\/td>\n<\/tr>\n<tr style=\"height: 23px\">\n<td style=\"width: 78.5639%;text-align: left;height: 23px\"><strong>StD Ingolf Thielecke<\/strong> &#8211; Ausbildender f\u00fcr Deutsch<\/td>\n<td style=\"text-align: center;width: 17.4361%;height: 23px\">HG<\/td>\n<\/tr>\n<tr style=\"height: 23px\">\n<td style=\"width: 78.5639%;text-align: left;height: 23px\"><strong>StR&#8216; Heike V\u00f6lker <\/strong>&#8211; Ausbildende f\u00fcr Sport<\/td>\n<td style=\"text-align: center;width: 17.4361%;height: 23px\">\u00a0KGS<\/td>\n<\/tr>\n<tr style=\"height: 23px\">\n<td style=\"width: 78.5639%;text-align: left;height: 23px\"><strong>StD&#8216; Bettina Wiegelmann <\/strong>&#8211; Ausbildende f\u00fcr P\u00e4dagogik<\/td>\n<td style=\"text-align: center;width: 17.4361%;height: 23px\">EMA<\/td>\n<\/tr>\n<tr style=\"height: 24px\">\n<td style=\"width: 78.5639%;text-align: left;height: 24px\"><strong>StD&#8216; Meike W\u00fcnn<\/strong> &#8211; Ausbildende f\u00fcr Spanisch<\/td>\n<td style=\"text-align: center;width: 17.4361%;height: 24px\">THG<\/td>\n<\/tr>\n<tr style=\"height: 23px\">\n<td style=\"width: 78.5639%;text-align: left;height: 23px\"><strong>OStR Marco Wolff<\/strong> &#8211; Ausbildender f\u00fcr P\u00e4dagogik<\/td>\n<td style=\"text-align: center;width: 17.4361%;height: 23px\">COR<\/td>\n<\/tr>\n<\/tbody>\n<\/table>\n\n","protected":false},"excerpt":{"rendered":"<p>Ausbilder Stammschule StD&#8216; Inken Barfod-Werner &#8211; Ausbildende f\u00fcr Biologie GGE OStR Dr. Bernd Beyerstedt &#8211; Ausbildender f\u00fcr Mathematik FKG StR Marvin Eckermann &#8211; Ausbildender f\u00fcr P\u00e4dagogik IGB StD&#8216; Dr. Stefanie Frost &#8211;\u00a0Ausbildende f\u00fcr Religion KGS-M StD Frank Goldmann &#8211; Ausbildender f\u00fcr Latein FKG StR Dr. J\u00fcrn Gottschalk &#8211; Ausbildender f\u00fcr Philosophie und Werte und Normen &#8230; <a title=\"Ausbildende\" class=\"read-more\" href=\"https:\/\/wordpress.nibis.de\/stsgoegy\/unser-seminar\/fachausbilder-2\/\" aria-label=\"Mehr Informationen \u00fcber Ausbildende\">Weiterlesen<\/a><\/p>\n","protected":false},"author":1195,"featured_media":0,"parent":497,"menu_order":0,"comment_status":"closed","ping_status":"closed","template":"","meta":{"footnotes":""},"class_list":["post-617","page","type-page","status-publish"],"_links":{"self":[{"href":"https:\/\/wordpress.nibis.de\/stsgoegy\/wp-json\/wp\/v2\/pages\/617","targetHints":{"allow":["GET"]}}],"collection":[{"href":"https:\/\/wordpress.nibis.de\/stsgoegy\/wp-json\/wp\/v2\/pages"}],"about":[{"href":"https:\/\/wordpress.nibis.de\/stsgoegy\/wp-json\/wp\/v2\/types\/page"}],"author":[{"embeddable":true,"href":"https:\/\/wordpress.nibis.de\/stsgoegy\/wp-json\/wp\/v2\/users\/1195"}],"replies":[{"embeddable":true,"href":"https:\/\/wordpress.nibis.de\/stsgoegy\/wp-json\/wp\/v2\/comments?post=617"}],"version-history":[{"count":64,"href":"https:\/\/wordpress.nibis.de\/stsgoegy\/wp-json\/wp\/v2\/pages\/617\/revisions"}],"predecessor-version":[{"id":2138,"href":"https:\/\/wordpress.nibis.de\/stsgoegy\/wp-json\/wp\/v2\/pages\/617\/revisions\/2138"}],"up":[{"embeddable":true,"href":"https:\/\/wordpress.nibis.de\/stsgoegy\/wp-json\/wp\/v2\/pages\/497"}],"wp:attachment":[{"href":"https:\/\/wordpress.nibis.de\/stsgoegy\/wp-json\/wp\/v2\/media?parent=617"}],"curies":[{"name":"wp","href":"https:\/\/api.w.org\/{rel}","templated":true}]}}