{"id":728,"date":"2017-01-09T09:58:17","date_gmt":"2017-01-09T08:58:17","guid":{"rendered":"http:\/\/wordpress.nibis.de\/stsgoegy\/?page_id=728"},"modified":"2018-01-08T17:36:46","modified_gmt":"2018-01-08T16:36:46","slug":"deutsch-als-fremdstrache-sprachsensibler-unterrricht","status":"publish","type":"page","link":"https:\/\/wordpress.nibis.de\/stsgoegy\/ausbildung\/zusatzqualifikationen\/deutsch-als-fremdstrache-sprachsensibler-unterrricht\/","title":{"rendered":"Deutsch als Fremdsprache \/ Sprachsensibler Unterrricht"},"content":{"rendered":"<p><a href=\"http:\/\/wordpress.nibis.de\/stsgoegy\/ausbildung\/zusatzqualifikationen\/deutsch-als-fremdstrache-sprachsensibler-unterrricht\/umbrueche\/\" rel=\"attachment wp-att-898\"><img loading=\"lazy\" decoding=\"async\" class=\"alignright wp-image-898\" src=\"http:\/\/wordpress.nibis.de\/stsgoegy\/files\/umbr\u00fcche-250x122.jpg\" alt=\"\" width=\"320\" height=\"156\" srcset=\"https:\/\/wordpress.nibis.de\/stsgoegy\/files\/umbr\u00fcche-250x122.jpg 250w, https:\/\/wordpress.nibis.de\/stsgoegy\/files\/umbr\u00fcche.jpg 576w\" sizes=\"auto, (max-width: 320px) 100vw, 320px\" \/><\/a><\/p>\n<p>Seit Februar 2016 bietet das Studienseminar G\u00f6ttingen die Zusatzqualifikation \u201eDaZ\/DaF und Sprachsensibler Fachunterricht\u201c an.<\/p>\n<p>Die Zusatzqualifikation wurde entwickelt im Rahmen des Verbundprojekts<\/p>\n<p>&nbsp;<\/p>\n<p>\u201eUMBR\u00dcCHE GESTALTEN. Sprachenf\u00f6rderung und -bildung als integrale Bestandteile innovativer Lehramtsausbildung in Niedersachsen\u201c.<\/p>\n<p>UMBR\u00dcCHE GESTALTEN \u2013 ein Projekt von acht lehramtsausbildenden Hochschulen in Niedersachsen \u2013 wurde von 2014-2017 durch das Mercator-Institut f\u00fcr Sprachf\u00f6rderung und Deutsch als Zweitsprache gef\u00f6rdert. Das Mercator-Institut ist ein von der Stiftung Mercator initiiertes und gef\u00f6rdertes Institut der Universit\u00e4t zu K\u00f6ln. Organisationsstruktur und Zielsetzungen finden Sie auf der Projekthomepage (<a href=\"http:\/\/www.sprachen-bilden-niedersachsen.de\/\">http:\/\/www.sprachen-bilden-niedersachsen.de<\/a>).<\/p>\n<p>Diese Zusatzqualifikation bef\u00e4higt Lehrkr\u00e4fte im Vorbereitungsdienst aller F\u00e4cher dazu, Deutsch als Zweitsprache f\u00fcr Sch\u00fclerinnen und Sch\u00fcler mit deutscher und nicht-deutscher Herkunftssprache sowie einen sprachsensiblen Unterricht zu planen und durchzuf\u00fchren. Die Leitung der ZQ erfolgt durch Ausbildende des Studienseminars mit Unterst\u00fctzung externer Experten.<\/p>\n<p><strong>Ziele:<\/strong><\/p>\n<p>Am Ende der Zusatzqualifikation sind die Lehrkr\u00e4fte im Vorbereitungsdienst in der Lage, Unterricht in Sprachlernklassen mit Sch\u00fclerinnen und Sch\u00fclern nicht-deutscher Herkunft sowie sprachsensiblen Fachunterricht fach- und sachgerecht sowie sprachf\u00f6rdernd zu planen, durchzuf\u00fchren und zu unterrichten.<\/p>\n<p>Die Anforderungen f\u00fcr diese Zusatzqualifikation sind (gem\u00e4\u00df APVO \u00a76.4 DFB)<\/p>\n<ul>\n<li>mindestens 30 Stunden Seminarveranstaltungen (ca. 4 Blockseminare \u00e0 8 h)<\/li>\n<\/ul>\n<ul>\n<li>Ausbildungsunterricht incl. Hospitation (bei DaZ-Unterricht: mindestens 2 Doppelstunden in einer Sequenz m\u00fcssen selbst unterrichtet werden; alternativ: SSFU im eigenen Unterricht in einer abgeschlossenen Sequenz plus Hospitationen im DaZ-Unterricht (in einer SLK)<\/li>\n<li>einen Unterrichtsbesuch mit ausf\u00fchrlichem Entwurf, der mit Erfolg abgeschlossen werden muss<\/li>\n<\/ul>\n<ul>\n<li>ein erfolgreiches Kolloquium zu ausgew\u00e4hlten Themenbereichen der ZQ von mindestens 20 Minuten Dauer.<\/li>\n<\/ul>\n<p>&nbsp;<\/p>\n<p>Alle weiteren inhaltlichen und organisatorischen Bedingungen werden in der ersten Sitzung gekl\u00e4rt.<\/p>\n<p>Die erfolgreiche Teilnahme wird in Form einer Anlage zum Zeugnis der Staatspr\u00fcfung durch das Studienseminar G\u00f6ttingen f\u00fcr das Lehramt an Gymnasien bescheinigt.<\/p>\n<p>zust\u00e4ndige Ausbildende: A. Schumann<\/p>\n<p>Aktualisiert von A. Schumann im August 2017<\/p>\n<p style=\"text-align: center\"><span style=\"font-size: 10pt\">Details : <a href=\"http:\/\/wordpress.nibis.de\/stsgoegy\/files\/ZQ-DaZ-SSFU-Konzept-08-2017.pdf\">hier<\/a><\/span><a href=\"http:\/\/wordpress.nibis.de\/stsgoegy\/files\/ZQ-DaZ-SSFU-Konzept-08-2017.pdf\"><img loading=\"lazy\" decoding=\"async\" class=\"aligncenter wp-image-900\" src=\"http:\/\/wordpress.nibis.de\/stsgoegy\/files\/umbr\u00fcchepdf-97x141.jpg\" alt=\"\" width=\"155\" height=\"225\" srcset=\"https:\/\/wordpress.nibis.de\/stsgoegy\/files\/umbr\u00fcchepdf-97x141.jpg 97w, https:\/\/wordpress.nibis.de\/stsgoegy\/files\/umbr\u00fcchepdf.jpg 609w\" sizes=\"auto, (max-width: 155px) 100vw, 155px\" \/><\/a><\/p>\n","protected":false},"excerpt":{"rendered":"<p>Seit Februar 2016 bietet das Studienseminar G\u00f6ttingen die Zusatzqualifikation \u201eDaZ\/DaF und Sprachsensibler Fachunterricht\u201c an. Die Zusatzqualifikation wurde entwickelt im Rahmen des Verbundprojekts &nbsp; \u201eUMBR\u00dcCHE GESTALTEN. Sprachenf\u00f6rderung und -bildung als integrale Bestandteile innovativer Lehramtsausbildung in Niedersachsen\u201c. UMBR\u00dcCHE GESTALTEN \u2013 ein Projekt von acht lehramtsausbildenden Hochschulen in Niedersachsen \u2013 wurde von 2014-2017 durch das Mercator-Institut f\u00fcr Sprachf\u00f6rderung &#8230; <a title=\"Deutsch als Fremdsprache \/ Sprachsensibler Unterrricht\" class=\"read-more\" href=\"https:\/\/wordpress.nibis.de\/stsgoegy\/ausbildung\/zusatzqualifikationen\/deutsch-als-fremdstrache-sprachsensibler-unterrricht\/\" aria-label=\"Mehr Informationen \u00fcber Deutsch als Fremdsprache \/ Sprachsensibler Unterrricht\">Weiterlesen<\/a><\/p>\n","protected":false},"author":161,"featured_media":0,"parent":471,"menu_order":0,"comment_status":"closed","ping_status":"closed","template":"","meta":{"footnotes":""},"class_list":["post-728","page","type-page","status-publish"],"_links":{"self":[{"href":"https:\/\/wordpress.nibis.de\/stsgoegy\/wp-json\/wp\/v2\/pages\/728","targetHints":{"allow":["GET"]}}],"collection":[{"href":"https:\/\/wordpress.nibis.de\/stsgoegy\/wp-json\/wp\/v2\/pages"}],"about":[{"href":"https:\/\/wordpress.nibis.de\/stsgoegy\/wp-json\/wp\/v2\/types\/page"}],"author":[{"embeddable":true,"href":"https:\/\/wordpress.nibis.de\/stsgoegy\/wp-json\/wp\/v2\/users\/161"}],"replies":[{"embeddable":true,"href":"https:\/\/wordpress.nibis.de\/stsgoegy\/wp-json\/wp\/v2\/comments?post=728"}],"version-history":[{"count":19,"href":"https:\/\/wordpress.nibis.de\/stsgoegy\/wp-json\/wp\/v2\/pages\/728\/revisions"}],"predecessor-version":[{"id":948,"href":"https:\/\/wordpress.nibis.de\/stsgoegy\/wp-json\/wp\/v2\/pages\/728\/revisions\/948"}],"up":[{"embeddable":true,"href":"https:\/\/wordpress.nibis.de\/stsgoegy\/wp-json\/wp\/v2\/pages\/471"}],"wp:attachment":[{"href":"https:\/\/wordpress.nibis.de\/stsgoegy\/wp-json\/wp\/v2\/media?parent=728"}],"curies":[{"name":"wp","href":"https:\/\/api.w.org\/{rel}","templated":true}]}}