{"id":984,"date":"2018-08-01T09:11:53","date_gmt":"2018-08-01T07:11:53","guid":{"rendered":"http:\/\/wordpress.nibis.de\/stsgoegy\/?page_id=984"},"modified":"2025-12-10T08:40:23","modified_gmt":"2025-12-10T07:40:23","slug":"personalrat-der-referendarinnen","status":"publish","type":"page","link":"https:\/\/wordpress.nibis.de\/stsgoegy\/unser-seminar\/personalrat-der-referendarinnen\/","title":{"rendered":"Personalrat der Lehrkr\u00e4fte im Vorbereitungsdienst"},"content":{"rendered":"\n<h3 class=\"wp-block-heading\">Personalrat der Referendarinnen und Referendare<\/h3>\n\n\n\n<p>am Studienseminar G\u00f6ttingen f\u00fcr das Lehramt an Gymnasien<\/p>\n<p><strong>Die Mitglieder des Personalrats<\/strong> werden von den Referendarinnen und Referendaren\u00a0in einer Personalversammlung gew\u00e4hlt. Diese findet regelm\u00e4\u00dfig dann statt, wenn ein neuer Kurs seine Ausbildung begonnen hat. So stammen die Mitglieder in der Regel aus allen drei aktuellen Kursen.<\/p>\n<p><strong>Unsere Aufgabe<\/strong> ist es, die Interessen aller Auszubildenden zu vertreten. Wir sind da, wenn ihr einen Ansprechpartner oder eine Ansprechpartnerin braucht. Wir helfen euch auch \u2013 soweit m\u00f6glich \u2013 bei rechtlichen, organisatorischen oder formalen Fragen zur Ausbildung weiter. Solltet ihr Probleme oder Fragen in bestimmten Ausbildungssituationen haben, so k\u00f6nnen wir Gespr\u00e4che initiieren, Kontakte herstellen bei Gespr\u00e4chen dabei sein oder Hinweise an die Seminarleitung weitergeben. Dabei habt ihr immer die M\u00f6glichkeit, anonym zu bleiben.<\/p>\n<p>Als von euch gew\u00e4hltes Gremium tagen wir regelm\u00e4\u00dfig auch mit der Seminarleitung, um aktuelle Ereignisse und Anliegen zu besprechen und gemeinsam eine L\u00f6sung zu finden.<\/p>\n<p>Wichtig ist, dass wir bei euren Anliegen immer zur Verschwiegenheit verpflichtet sind. Ihr k\u00f6nnt jederzeit mit uns in Kontakt treten und bleibt dabei Regisseur des Geschehens \u2013 weitere Schritte erfolgen immer nur mit eurem Einverst\u00e4ndnis.<\/p>\n<p><strong>Wenn ihr uns erreichen m\u00f6chtet<\/strong>, k\u00f6nnt ihr dazu unsere allgemeine Mailadresse (<a href=\"&#x6d;&#x61;&#x69;&#x6c;&#x74;&#x6f;&#58;&#112;&#114;&#46;livd&#x40;&#x73;&#x74;&#x73;&#x2d;&#x67;&#111;&#101;&#45;&#103;&#121;m&#46;d&#x65;\">&#x70;&#114;&#46;l&#x69;&#x76;&#100;&#64;&#x73;&#x74;&#115;-&#x67;&#x6f;&#101;-&#x67;&#x79;&#109;&#46;&#x64;&#x65;<\/a>) nutzen oder uns direkt ansprechen.<\/p>\n<p>Wir w\u00fcnschen euch eine gute Ausbildungszeit am Studienseminar und freuen uns auf eine sch\u00f6ne, gemeinsame Zeit!<\/p>\n<p>Euer Personalrat<\/p>\n","protected":false},"excerpt":{"rendered":"<p>Personalrat der Referendarinnen und Referendare am Studienseminar G\u00f6ttingen f\u00fcr das Lehramt an Gymnasien Die Mitglieder des Personalrats werden von den Referendarinnen und Referendaren\u00a0in einer Personalversammlung gew\u00e4hlt. Diese findet regelm\u00e4\u00dfig dann statt, wenn ein neuer Kurs seine Ausbildung begonnen hat. So stammen die Mitglieder in der Regel aus allen drei aktuellen Kursen. Unsere Aufgabe ist es, &#8230; <a title=\"Personalrat der Lehrkr\u00e4fte im Vorbereitungsdienst\" class=\"read-more\" href=\"https:\/\/wordpress.nibis.de\/stsgoegy\/unser-seminar\/personalrat-der-referendarinnen\/\" aria-label=\"Mehr Informationen \u00fcber Personalrat der Lehrkr\u00e4fte im Vorbereitungsdienst\">Weiterlesen<\/a><\/p>\n","protected":false},"author":161,"featured_media":0,"parent":497,"menu_order":0,"comment_status":"closed","ping_status":"closed","template":"","meta":{"footnotes":""},"class_list":["post-984","page","type-page","status-publish"],"_links":{"self":[{"href":"https:\/\/wordpress.nibis.de\/stsgoegy\/wp-json\/wp\/v2\/pages\/984","targetHints":{"allow":["GET"]}}],"collection":[{"href":"https:\/\/wordpress.nibis.de\/stsgoegy\/wp-json\/wp\/v2\/pages"}],"about":[{"href":"https:\/\/wordpress.nibis.de\/stsgoegy\/wp-json\/wp\/v2\/types\/page"}],"author":[{"embeddable":true,"href":"https:\/\/wordpress.nibis.de\/stsgoegy\/wp-json\/wp\/v2\/users\/161"}],"replies":[{"embeddable":true,"href":"https:\/\/wordpress.nibis.de\/stsgoegy\/wp-json\/wp\/v2\/comments?post=984"}],"version-history":[{"count":12,"href":"https:\/\/wordpress.nibis.de\/stsgoegy\/wp-json\/wp\/v2\/pages\/984\/revisions"}],"predecessor-version":[{"id":1972,"href":"https:\/\/wordpress.nibis.de\/stsgoegy\/wp-json\/wp\/v2\/pages\/984\/revisions\/1972"}],"up":[{"embeddable":true,"href":"https:\/\/wordpress.nibis.de\/stsgoegy\/wp-json\/wp\/v2\/pages\/497"}],"wp:attachment":[{"href":"https:\/\/wordpress.nibis.de\/stsgoegy\/wp-json\/wp\/v2\/media?parent=984"}],"curies":[{"name":"wp","href":"https:\/\/api.w.org\/{rel}","templated":true}]}}