{"id":1219,"date":"2018-04-03T10:12:41","date_gmt":"2018-04-03T08:12:41","guid":{"rendered":"http:\/\/wordpress.nibis.de\/stsgymh\/?page_id=1219"},"modified":"2023-01-04T19:33:20","modified_gmt":"2023-01-04T17:33:20","slug":"ausbildungsschulen_stadthannover","status":"publish","type":"page","link":"https:\/\/wordpress.nibis.de\/stsgymh\/ausbildungsschulen-2\/ausbildungsschulen_stadthannover\/","title":{"rendered":"Ausbildungsschulen_StadtHannover"},"content":{"rendered":"<p><strong>Ausbildungsschulen in der Stadt Hannover<\/strong><\/p>\n<table width=\"100%\">\n<tbody>\n<tr>\n<td width=\"333\">GY Bismarckschule<\/td>\n<td width=\"374\">An der Bismarckschule 5, 30173 Hannover<\/td>\n<\/tr>\n<tr>\n<td width=\"333\">GY Elsa-Br\u00e4ndstr\u00f6m-Schule<\/td>\n<td width=\"374\">Hilde-Schneider-Allee 30, 30173 Hannover<\/td>\n<\/tr>\n<tr>\n<td width=\"333\">GY Goetheschule Hannover<\/td>\n<td width=\"374\">Franziusweg 43, 30167 Hannover<\/td>\n<\/tr>\n<tr>\n<td width=\"333\">GY Helene Lange<\/td>\n<td width=\"374\">Hohe Stra\u00dfe 24, 30449 Hannover<\/td>\n<\/tr>\n<tr>\n<td width=\"333\">GY Herschelschule<\/td>\n<td width=\"374\">Gro\u00dfer Kolonnenweg 37, 30179 Hannover<\/td>\n<\/tr>\n<tr>\n<td width=\"333\">GY Humboldtschule Hannover<\/td>\n<td width=\"374\">Ricklinger Stra\u00dfe 95, 30449 Hannover<\/td>\n<\/tr>\n<tr>\n<td width=\"333\">GY Kaiser-Wilhelm- und Ratsgymnasium<\/td>\n<td width=\"374\">Seelhorststra\u00dfe 52, 30175 Hannover<\/td>\n<\/tr>\n<tr>\n<td width=\"333\">GY K\u00e4the-Kollwitz-Schule<\/td>\n<td width=\"374\">Podbielskistra\u00dfe 230, 30655 Hannover<\/td>\n<\/tr>\n<tr>\n<td width=\"333\">GY Kurt-Schwitters-Gymnasium Misburg<\/td>\n<td width=\"374\">Hinter der Alten Burg 3, 30629 Hannover<\/td>\n<\/tr>\n<tr>\n<td width=\"333\">GY Leibnizschule<\/td>\n<td width=\"374\">R\u00f6ntgenstra\u00dfe 8, 30163 Hannover<\/td>\n<\/tr>\n<tr>\n<td width=\"333\">GY Lutherschule<\/td>\n<td width=\"374\">An der Lutherkirche 18, 30167 Hannover<\/td>\n<\/tr>\n<tr>\n<td width=\"333\">GY Ricarda-Huch-Schule<\/td>\n<td width=\"374\">Bonifatiusplatz 15, 30161 Hannover<\/td>\n<\/tr>\n<tr>\n<td width=\"333\">GY Schillerschule<\/td>\n<td width=\"374\">Ebellstra\u00dfe 15, 30625 Hannover<\/td>\n<\/tr>\n<tr>\n<td width=\"333\">GY Sophienschule<\/td>\n<td width=\"374\">L\u00fcerstra\u00dfe 17, 30175 Hannover<\/td>\n<\/tr>\n<tr>\n<td width=\"333\">GY St.-Ursula-Schule<\/td>\n<td width=\"374\">Simrockstr. 20, 30171 Hannover<\/td>\n<\/tr>\n<tr>\n<td width=\"333\">GY Tellkampfschule<\/td>\n<td width=\"374\">Altenbekener Damm 83, 30173 Hannover<\/td>\n<\/tr>\n<tr>\n<td width=\"333\">GY Wilhelm-Raabe-Schule<\/td>\n<td width=\"374\">Langensalzastra\u00dfe 24, 30169 Hannover<\/td>\n<\/tr>\n<tr>\n<td>IGS Bothfeld<\/td>\n<td>Hintzehof 9, 30659 Hannover<\/td>\n<\/tr>\n<tr>\n<td>IGS B\u00fcssingweg<\/td>\n<td>B\u00fcssingweg 9, 30165 Hannover<\/td>\n<\/tr>\n<tr>\n<td width=\"333\">IGS Leonore-Goldschmidt-Schule<\/td>\n<td width=\"374\">M\u00fchlenberger Markt 1, 30457 Hannover<\/td>\n<\/tr>\n<tr>\n<td width=\"333\">IGS Kronsberg<\/td>\n<td width=\"374\">Kattenbrookstrift 30, 30539 Hannover<\/td>\n<\/tr>\n<tr>\n<td width=\"333\">IGS Linden<\/td>\n<td width=\"374\">Am Lindener Berge 11, 30449 Hannover<\/td>\n<\/tr>\n<tr>\n<td width=\"333\">IGS Roderbruch<\/td>\n<td width=\"374\">Rotekreuzstra\u00dfe 23, 30627 Hannover<\/td>\n<\/tr>\n<\/tbody>\n<\/table>\n","protected":false},"excerpt":{"rendered":"<p>Ausbildungsschulen in der Stadt Hannover GY Bismarckschule An der Bismarckschule 5, 30173 Hannover GY Elsa-Br\u00e4ndstr\u00f6m-Schule Hilde-Schneider-Allee 30, 30173 Hannover GY Goetheschule Hannover Franziusweg 43, 30167 Hannover GY Helene Lange Hohe Stra\u00dfe 24, 30449 Hannover GY Herschelschule Gro\u00dfer Kolonnenweg 37, 30179 Hannover GY Humboldtschule Hannover Ricklinger Stra\u00dfe 95, 30449 Hannover GY Kaiser-Wilhelm- und Ratsgymnasium Seelhorststra\u00dfe 52, [&hellip;]<\/p>\n","protected":false},"author":58,"featured_media":0,"parent":1217,"menu_order":0,"comment_status":"closed","ping_status":"closed","template":"","meta":{"footnotes":""},"class_list":["post-1219","page","type-page","status-publish","hentry"],"_links":{"self":[{"href":"https:\/\/wordpress.nibis.de\/stsgymh\/wp-json\/wp\/v2\/pages\/1219","targetHints":{"allow":["GET"]}}],"collection":[{"href":"https:\/\/wordpress.nibis.de\/stsgymh\/wp-json\/wp\/v2\/pages"}],"about":[{"href":"https:\/\/wordpress.nibis.de\/stsgymh\/wp-json\/wp\/v2\/types\/page"}],"author":[{"embeddable":true,"href":"https:\/\/wordpress.nibis.de\/stsgymh\/wp-json\/wp\/v2\/users\/58"}],"replies":[{"embeddable":true,"href":"https:\/\/wordpress.nibis.de\/stsgymh\/wp-json\/wp\/v2\/comments?post=1219"}],"version-history":[{"count":4,"href":"https:\/\/wordpress.nibis.de\/stsgymh\/wp-json\/wp\/v2\/pages\/1219\/revisions"}],"predecessor-version":[{"id":1491,"href":"https:\/\/wordpress.nibis.de\/stsgymh\/wp-json\/wp\/v2\/pages\/1219\/revisions\/1491"}],"up":[{"embeddable":true,"href":"https:\/\/wordpress.nibis.de\/stsgymh\/wp-json\/wp\/v2\/pages\/1217"}],"wp:attachment":[{"href":"https:\/\/wordpress.nibis.de\/stsgymh\/wp-json\/wp\/v2\/media?parent=1219"}],"curies":[{"name":"wp","href":"https:\/\/api.w.org\/{rel}","templated":true}]}}