{"id":1221,"date":"2018-04-03T10:12:17","date_gmt":"2018-04-03T08:12:17","guid":{"rendered":"http:\/\/wordpress.nibis.de\/stsgymh\/?page_id=1221"},"modified":"2023-01-04T19:32:50","modified_gmt":"2023-01-04T17:32:50","slug":"ausbildungsschulen_regionhannover","status":"publish","type":"page","link":"https:\/\/wordpress.nibis.de\/stsgymh\/ausbildungsschulen-2\/ausbildungsschulen_regionhannover\/","title":{"rendered":"Ausbildungsschulen_RegionHannover"},"content":{"rendered":"<p><strong>Ausbildungsschulen in der Region Hannover<\/strong><\/p>\n<table width=\"100%\">\n<tbody>\n<tr>\n<td width=\"333\">GY Burgdorf<\/td>\n<td width=\"374\">Berliner Ring 27, 31303 Burgdorf<\/td>\n<\/tr>\n<tr>\n<td width=\"333\">GY Erich K\u00e4stner Gymnasium Laatzen<\/td>\n<td width=\"374\">Marktstra\u00dfe 33, 30880 Laatzen<\/td>\n<\/tr>\n<tr>\n<td width=\"333\">GY Georg-B\u00fcchner-Gymnasium Seelze<\/td>\n<td width=\"374\">Hirtenweg 22, 30926 Seelze<\/td>\n<\/tr>\n<tr>\n<td width=\"333\">GY Geschwister-Scholl-Gymnasium<\/td>\n<td width=\"374\">Ludwigstr. 4, 30827 Garbsen-Berenbostel<\/td>\n<\/tr>\n<tr>\n<td width=\"333\">GY Gro\u00dfburgwedel<\/td>\n<td width=\"374\">Auf der Ramhorst 1, 30938 Burgwedel<\/td>\n<\/tr>\n<tr>\n<td width=\"333\">GY Isernhagen<\/td>\n<td width=\"374\">Helleweg 1, 30916 Isernhagen<\/td>\n<\/tr>\n<tr>\n<td width=\"333\">GY Johannes-Kepler-Gymnasium<\/td>\n<td width=\"374\">Planetenring 9, 30823 Garbsen<\/td>\n<\/tr>\n<tr>\n<td width=\"333\">GY Langenhagen<\/td>\n<td width=\"374\">Konrad-Adenauer-Str. 21-23, 30853 Langenhagen<\/td>\n<\/tr>\n<tr>\n<td width=\"333\">GY Lehrte<\/td>\n<td width=\"374\">Burgdorfer Str. 16, 31275 Lehrte<\/td>\n<\/tr>\n<tr>\n<td width=\"333\">GY Matthias-Claudius-Gymnasium<\/td>\n<td width=\"374\">Matthias-Claudius-Stra\u00dfe 15-17, 30989 Gehrden<\/td>\n<\/tr>\n<tr>\n<td width=\"333\">GY Mellendorf<\/td>\n<td width=\"374\">Fritz-Sennheiser-Platz 2, 30900 Wedemark<\/td>\n<\/tr>\n<tr>\n<td width=\"333\">IGS Garbsen<\/td>\n<td width=\"374\">Meyenfelder Stra\u00dfe 8-16, 30823 Garbsen<\/td>\n<\/tr>\n<tr>\n<td width=\"333\">IGS Langenhagen<\/td>\n<td width=\"374\">Konrad-Adenauer-Str. 21-23, 30853 Langenhagen<\/td>\n<\/tr>\n<tr>\n<td>IGS Wedemark<\/td>\n<td>Fritz-Sennheiser-Platz 3, 30900 Wedemark<\/td>\n<\/tr>\n<tr>\n<td width=\"333\">KGS Albert-Einstein-Gesamtschule<\/td>\n<td width=\"374\">W\u00fclferoder Str. 46, 30880 Laatzen<\/td>\n<\/tr>\n<tr>\n<td width=\"333\">KGS Carl-Friedrich-Gau\u00df-Schule<\/td>\n<td width=\"374\">Hohe B\u00fcnte 4, 30966 Hemmingen<\/td>\n<\/tr>\n<tr>\n<td width=\"333\">KGS Marie Curie Schule<\/td>\n<td width=\"374\">Am Sportpark 1, 30952 Ronnenberg<\/td>\n<\/tr>\n<\/tbody>\n<\/table>\n","protected":false},"excerpt":{"rendered":"<p>Ausbildungsschulen in der Region Hannover GY Burgdorf Berliner Ring 27, 31303 Burgdorf GY Erich K\u00e4stner Gymnasium Laatzen Marktstra\u00dfe 33, 30880 Laatzen GY Georg-B\u00fcchner-Gymnasium Seelze Hirtenweg 22, 30926 Seelze GY Geschwister-Scholl-Gymnasium Ludwigstr. 4, 30827 Garbsen-Berenbostel GY Gro\u00dfburgwedel Auf der Ramhorst 1, 30938 Burgwedel GY Isernhagen Helleweg 1, 30916 Isernhagen GY Johannes-Kepler-Gymnasium Planetenring 9, 30823 Garbsen GY [&hellip;]<\/p>\n","protected":false},"author":58,"featured_media":0,"parent":1217,"menu_order":0,"comment_status":"closed","ping_status":"closed","template":"","meta":{"footnotes":""},"class_list":["post-1221","page","type-page","status-publish","hentry"],"_links":{"self":[{"href":"https:\/\/wordpress.nibis.de\/stsgymh\/wp-json\/wp\/v2\/pages\/1221","targetHints":{"allow":["GET"]}}],"collection":[{"href":"https:\/\/wordpress.nibis.de\/stsgymh\/wp-json\/wp\/v2\/pages"}],"about":[{"href":"https:\/\/wordpress.nibis.de\/stsgymh\/wp-json\/wp\/v2\/types\/page"}],"author":[{"embeddable":true,"href":"https:\/\/wordpress.nibis.de\/stsgymh\/wp-json\/wp\/v2\/users\/58"}],"replies":[{"embeddable":true,"href":"https:\/\/wordpress.nibis.de\/stsgymh\/wp-json\/wp\/v2\/comments?post=1221"}],"version-history":[{"count":2,"href":"https:\/\/wordpress.nibis.de\/stsgymh\/wp-json\/wp\/v2\/pages\/1221\/revisions"}],"predecessor-version":[{"id":1489,"href":"https:\/\/wordpress.nibis.de\/stsgymh\/wp-json\/wp\/v2\/pages\/1221\/revisions\/1489"}],"up":[{"embeddable":true,"href":"https:\/\/wordpress.nibis.de\/stsgymh\/wp-json\/wp\/v2\/pages\/1217"}],"wp:attachment":[{"href":"https:\/\/wordpress.nibis.de\/stsgymh\/wp-json\/wp\/v2\/media?parent=1221"}],"curies":[{"name":"wp","href":"https:\/\/api.w.org\/{rel}","templated":true}]}}