{"id":1387,"date":"2021-10-29T18:05:19","date_gmt":"2021-10-29T16:05:19","guid":{"rendered":"https:\/\/wordpress.nibis.de\/stsgymh\/?page_id=1387"},"modified":"2026-01-07T13:00:00","modified_gmt":"2026-01-07T12:00:00","slug":"fachseminar-geschichte","status":"publish","type":"page","link":"https:\/\/wordpress.nibis.de\/stsgymh\/facher-ii\/fachseminar-geschichte\/","title":{"rendered":"Fachseminar Geschichte"},"content":{"rendered":"\n<div id=\"post-422\" class=\"post-422 post type-post status-publish format-standard hentry category-geschichte-ii\">\n<div class=\"entry-content clearfix\">\n<p>Die Ausbildung im Fach Geschichte am Studienseminar Hannover II wird betreut von:<\/p>\n<p><em><strong>Bettina Heller (StD\u2018)<\/strong><\/em><\/p>\n<p>Termin der regelm\u00e4\u00dfigen Fachsitzung: <br \/><a href=\"https:\/\/wordpress.nibis.de\/stsgymh\/files\/Fachsemniarplan01.26.pdf\" data-type=\"URL\" data-id=\"wordpress.nibis.de\/stsgymh\/files\/Fachseminarplan.pdf\">&gt;&gt; siehe Fachseminarplan<\/a><\/p>\n<hr \/>\n<p><span style=\"color: #333399\"><strong>Willkommen bei den Historiker*innen!<\/strong><\/span><\/p>\n<p><strong>Geschichte als Unterrichtsfach<\/strong><\/p>\n<p>Geschichte ist ein \u201aDenkfach\u2018, unsere Sch\u00fcler*innen sollen die Welt, in der sie leben, als etwas Gewordenes verstehen lernen und sich selbst in ihr verorten k\u00f6nnen.<\/p>\n<p>Geschichtsunterricht bef\u00f6rdert in der Auseinandersetzung mit vergangenen Prozessen, Ph\u00e4nomenen und Ereignissen auf verschiedenen Ebenen und aus unterschiedlichen Perspektiven Fremdverstehen und Selbstreflexion. Damit leistet er einen konstitutiven Bildungsbeitrag zum kompetenten Umgang mit den vielf\u00e4ltigen Deutungsangeboten, die unseren Sch\u00fcler*innen in ihrem aktuellen und zuk\u00fcnftigen Alltag begegnen und bef\u00e4higt zur Teilnahme an gesellschaftlichen Diskursen.<\/p>\n<p>Durch die gro\u00dfe Themenvielfalt, die zunehmend auch nicht-europ\u00e4ische Entwicklungen in den Blick nimmt, bleibt das Fach f\u00fcr Lehrkr\u00e4fte spannend. Es stellt aber auch, v.a. unter dem Eindruck einer recht knapp bemessenen Unterrichtszeit in der Sekundarstufe I, eine deutliche Herausforderung dar.<\/p>\n<p>Die Lehrer*innen Ausbildung im Fach Geschichte soll dazu bef\u00e4higen didaktisch sinnvolle Angebote selbstst\u00e4ndig entwickeln zu k\u00f6nnen. Dazu finden regelm\u00e4\u00dfig Fachsitzungen und Unterrichtsbesuche als Kernelemente der Ausbildung statt. Erg\u00e4nzt werden diese durch gemeinsame Exkursionen an au\u00dferschulische Lernorte und m\u00f6gliche Zusatzqualifikationen f\u00fcr das Fach \u201aGesellschaftslehre\u2018 an integrierten Gesamtschulen oder auch den bilingualen Unterricht (Englisch), die am Seminar erworben werden k\u00f6nnen.<\/p>\n<hr \/>\n<p><strong>Fachsitzungen<\/strong><\/p>\n<p>In den Fachsitzungen werden v.a. Fragen und Herausforderungen aus der Schulpraxis thematisiert. Das Ziel ist die Ausbildung der didaktischen F\u00e4higkeiten der Lehrkr\u00e4fte im Vorbereitungsdienst (LiVD) Unterricht fachlich fundiert, didaktisch koh\u00e4rent und lerner*innenorientiert vorbereiten und durchf\u00fchren zu k\u00f6nnen.<\/p>\n<p>Im Fokus stehen dabei Problemorientierung, exemplarisches Lernen und Prozesse der Re- bzw. Dekonstruktion als ausgew\u00e4hlte didaktische Grundprinzipien des Faches Geschichte. Diese Auswahl soll andere didaktische Ans\u00e4tze (u.a. der Handlungsorientierung) nicht ausschlie\u00dfen, sie dient dazu ein ausbauf\u00e4higes \u201aGrundger\u00fcst\u2018 im Zuge der Ausbildung zu erwerben, das angehende Lehrkr\u00e4fte einerseits handlungsf\u00e4hig f\u00fcr ihren Berufseinstieg macht und sie andererseits dazu bef\u00e4higt, sich im Anschluss an die Ausbildung im Seminar eigenst\u00e4ndig weiter zu qualifizieren.<\/p>\n<p>Neben den Themen, die die Curricula f\u00fcr das Fach Geschichte in der Sek I und Sek II vorgeben, werden auch \u00fcbergeordnete Aspekte der Unterrichtspraxis, wie z. B. Leistungsbewertung, Abiturvorbereitung etc. in den Blick genommen.<\/p>\n<hr \/>\n<p><strong>Unterrichtsbesuche<\/strong><\/p>\n<p>Die Anzahl der Unterrichtsbesuche orientiert sich grunds\u00e4tzlich an den allgemeinen Vorgaben des Studienseminars und dar\u00fcber hinaus an den individuellen Beratungsanliegen der LiVD.<\/p>\n<p>Die Besuche sollen im Zuge der Ausbildung ein m\u00f6glichst breites Spektrum des Geschichtsunterrichts in beiden Sekundarstufen als Beratungssituationen abbilden.<\/p>\n<hr \/><hr \/>\n<p><strong>Wichtige Links und Literaturhinweise<\/strong><\/p>\n<ul>\n<li><strong>Vorgaben:\u00a0<\/strong>Kerncurricula, Einheitliche Pr\u00fcfungsanforderungen in der Abiturpr\u00fcfung (EPA):\u00a0<a href=\"https:\/\/cuvo.nibis.de\/cuvo.php\">https:\/\/cuvo.nibis.de\/cuvo.php<\/a><\/li>\n<\/ul>\n<ul>\n<li>Nieders\u00e4chsischer Geschichtslehrerverband:\u00a0<a href=\"https:\/\/www.nglv.de\/\">https:\/\/www.nglv.de\/<\/a><\/li>\n<li>Sauer, Michael: Geschichte unterrichten. Eine Einf\u00fchrung in die Didaktik und Methodik. Klett \/ Kallmeyer (Seelze) 2012.<\/li>\n<li>von Borries, Bodo: Historisch Denken Lernen \u2013 Welterschlie\u00dfung statt Epochen\u00fcberblick. Geschichte als Unterrichtsfach und Bildungsaufgabe. Verlag Barbara Budrich (Opladen &amp; Farmington Hills) 2008.<\/li>\n<li>Weber, Karl-Christian: Ethisch reflektierter Geschichtsunterricht. Vandenhoeck &amp; Ruprecht (G\u00f6ttingen) 2013.<\/li>\n<\/ul>\n<\/div>\n<p>\u00a0<\/p>\n<\/div>\n\n\n\n<p class=\"has-text-align-right\">zuletzt aktualisiert Sep. 2025<\/p>\n","protected":false},"excerpt":{"rendered":"<p>Die Ausbildung im Fach Geschichte am Studienseminar Hannover II wird betreut von: Bettina Heller (StD\u2018) Termin der regelm\u00e4\u00dfigen Fachsitzung: &gt;&gt; siehe Fachseminarplan Willkommen bei den Historiker*innen! Geschichte als Unterrichtsfach Geschichte ist ein \u201aDenkfach\u2018, unsere Sch\u00fcler*innen sollen die Welt, in der sie leben, als etwas Gewordenes verstehen lernen und sich selbst in ihr verorten k\u00f6nnen. Geschichtsunterricht [&hellip;]<\/p>\n","protected":false},"author":58,"featured_media":0,"parent":164,"menu_order":0,"comment_status":"closed","ping_status":"closed","template":"","meta":{"footnotes":""},"class_list":["post-1387","page","type-page","status-publish","hentry"],"_links":{"self":[{"href":"https:\/\/wordpress.nibis.de\/stsgymh\/wp-json\/wp\/v2\/pages\/1387","targetHints":{"allow":["GET"]}}],"collection":[{"href":"https:\/\/wordpress.nibis.de\/stsgymh\/wp-json\/wp\/v2\/pages"}],"about":[{"href":"https:\/\/wordpress.nibis.de\/stsgymh\/wp-json\/wp\/v2\/types\/page"}],"author":[{"embeddable":true,"href":"https:\/\/wordpress.nibis.de\/stsgymh\/wp-json\/wp\/v2\/users\/58"}],"replies":[{"embeddable":true,"href":"https:\/\/wordpress.nibis.de\/stsgymh\/wp-json\/wp\/v2\/comments?post=1387"}],"version-history":[{"count":7,"href":"https:\/\/wordpress.nibis.de\/stsgymh\/wp-json\/wp\/v2\/pages\/1387\/revisions"}],"predecessor-version":[{"id":1843,"href":"https:\/\/wordpress.nibis.de\/stsgymh\/wp-json\/wp\/v2\/pages\/1387\/revisions\/1843"}],"up":[{"embeddable":true,"href":"https:\/\/wordpress.nibis.de\/stsgymh\/wp-json\/wp\/v2\/pages\/164"}],"wp:attachment":[{"href":"https:\/\/wordpress.nibis.de\/stsgymh\/wp-json\/wp\/v2\/media?parent=1387"}],"curies":[{"name":"wp","href":"https:\/\/api.w.org\/{rel}","templated":true}]}}