{"id":1498,"date":"2023-01-03T16:48:41","date_gmt":"2023-01-03T14:48:41","guid":{"rendered":"https:\/\/wordpress.nibis.de\/stsgymh\/?page_id=1498"},"modified":"2026-01-07T13:02:19","modified_gmt":"2026-01-07T12:02:19","slug":"fachseminar-musik","status":"publish","type":"page","link":"https:\/\/wordpress.nibis.de\/stsgymh\/facher-ii\/fachseminar-musik\/","title":{"rendered":"Fachseminar Musik"},"content":{"rendered":"\n<p>Die Ausbildung im Fach Musik am StS Hannover II (LA Gym) wird betreut durch:<\/p>\n<p><em><strong>Prof. Klaus-J\u00fcrgen Etzold (StD)<\/strong><\/em><\/p>\n<p>Termin der regelm\u00e4\u00dfigen Fachsitzungen:<br \/><a href=\"https:\/\/wordpress.nibis.de\/stsgymh\/files\/Fachsemniarplan01.26.pdf\" data-type=\"URL\" data-id=\"wordpress.nibis.de\/stsgymh\/files\/Fachseminarplan.pdf\">&gt;&gt; siehe Fachseminarplan<\/a><\/p>\n<hr \/>\n<p>Hinweise zur Ausbildung erhalten Sie in der einf\u00fchrenden Fachsitzung im Rahmen der Einf\u00fchrungswoche.<\/p>\n\n\n\n<p class=\"has-text-align-right\">zuletzt aktualisiert Sep. 2025<\/p>\n","protected":false},"excerpt":{"rendered":"<p>Die Ausbildung im Fach Musik am StS Hannover II (LA Gym) wird betreut durch: Prof. Klaus-J\u00fcrgen Etzold (StD) Termin der regelm\u00e4\u00dfigen Fachsitzungen:&gt;&gt; siehe Fachseminarplan Hinweise zur Ausbildung erhalten Sie in der einf\u00fchrenden Fachsitzung im Rahmen der Einf\u00fchrungswoche. zuletzt aktualisiert Sep. 2025<\/p>\n","protected":false},"author":58,"featured_media":0,"parent":164,"menu_order":0,"comment_status":"closed","ping_status":"closed","template":"","meta":{"footnotes":""},"class_list":["post-1498","page","type-page","status-publish","hentry"],"_links":{"self":[{"href":"https:\/\/wordpress.nibis.de\/stsgymh\/wp-json\/wp\/v2\/pages\/1498","targetHints":{"allow":["GET"]}}],"collection":[{"href":"https:\/\/wordpress.nibis.de\/stsgymh\/wp-json\/wp\/v2\/pages"}],"about":[{"href":"https:\/\/wordpress.nibis.de\/stsgymh\/wp-json\/wp\/v2\/types\/page"}],"author":[{"embeddable":true,"href":"https:\/\/wordpress.nibis.de\/stsgymh\/wp-json\/wp\/v2\/users\/58"}],"replies":[{"embeddable":true,"href":"https:\/\/wordpress.nibis.de\/stsgymh\/wp-json\/wp\/v2\/comments?post=1498"}],"version-history":[{"count":4,"href":"https:\/\/wordpress.nibis.de\/stsgymh\/wp-json\/wp\/v2\/pages\/1498\/revisions"}],"predecessor-version":[{"id":1847,"href":"https:\/\/wordpress.nibis.de\/stsgymh\/wp-json\/wp\/v2\/pages\/1498\/revisions\/1847"}],"up":[{"embeddable":true,"href":"https:\/\/wordpress.nibis.de\/stsgymh\/wp-json\/wp\/v2\/pages\/164"}],"wp:attachment":[{"href":"https:\/\/wordpress.nibis.de\/stsgymh\/wp-json\/wp\/v2\/media?parent=1498"}],"curies":[{"name":"wp","href":"https:\/\/api.w.org\/{rel}","templated":true}]}}