{"id":1502,"date":"2023-01-03T16:56:14","date_gmt":"2023-01-03T14:56:14","guid":{"rendered":"https:\/\/wordpress.nibis.de\/stsgymh\/?page_id=1502"},"modified":"2026-01-07T13:02:38","modified_gmt":"2026-01-07T12:02:38","slug":"fachseminar-physik","status":"publish","type":"page","link":"https:\/\/wordpress.nibis.de\/stsgymh\/facher-ii\/fachseminar-physik\/","title":{"rendered":"Fachseminar Physik"},"content":{"rendered":"\n<p>Die Ausbildung im Fach Physik am StS Hannover II (LA Gym) wird betreut durch:<\/p>\n<p><em><strong>Dr. Larissa Greinert (StD&#8216;)<br \/><\/strong><\/em><\/p>\n<p>Termin der regelm\u00e4\u00dfigen Fachsitzungen:<br \/><a href=\"https:\/\/wordpress.nibis.de\/stsgymh\/files\/Fachsemniarplan01.26.pdf\">&gt;&gt; siehe Fachseminarplan<\/a><\/p>\n<hr \/>\n<p>Hinweise zur Ausbildung erhalten Sie in der einf\u00fchrenden Fachsitzung im Rahmen der Einf\u00fchrungswoche.<\/p>\n\n\n\n<p class=\"has-text-align-right\">zuletzt aktualisiert Sep. 2025<\/p>\n","protected":false},"excerpt":{"rendered":"<p>Die Ausbildung im Fach Physik am StS Hannover II (LA Gym) wird betreut durch: Dr. Larissa Greinert (StD&#8216;) Termin der regelm\u00e4\u00dfigen Fachsitzungen:&gt;&gt; siehe Fachseminarplan Hinweise zur Ausbildung erhalten Sie in der einf\u00fchrenden Fachsitzung im Rahmen der Einf\u00fchrungswoche. zuletzt aktualisiert Sep. 2025<\/p>\n","protected":false},"author":58,"featured_media":0,"parent":164,"menu_order":0,"comment_status":"closed","ping_status":"closed","template":"","meta":{"footnotes":""},"class_list":["post-1502","page","type-page","status-publish","hentry"],"_links":{"self":[{"href":"https:\/\/wordpress.nibis.de\/stsgymh\/wp-json\/wp\/v2\/pages\/1502","targetHints":{"allow":["GET"]}}],"collection":[{"href":"https:\/\/wordpress.nibis.de\/stsgymh\/wp-json\/wp\/v2\/pages"}],"about":[{"href":"https:\/\/wordpress.nibis.de\/stsgymh\/wp-json\/wp\/v2\/types\/page"}],"author":[{"embeddable":true,"href":"https:\/\/wordpress.nibis.de\/stsgymh\/wp-json\/wp\/v2\/users\/58"}],"replies":[{"embeddable":true,"href":"https:\/\/wordpress.nibis.de\/stsgymh\/wp-json\/wp\/v2\/comments?post=1502"}],"version-history":[{"count":5,"href":"https:\/\/wordpress.nibis.de\/stsgymh\/wp-json\/wp\/v2\/pages\/1502\/revisions"}],"predecessor-version":[{"id":1848,"href":"https:\/\/wordpress.nibis.de\/stsgymh\/wp-json\/wp\/v2\/pages\/1502\/revisions\/1848"}],"up":[{"embeddable":true,"href":"https:\/\/wordpress.nibis.de\/stsgymh\/wp-json\/wp\/v2\/pages\/164"}],"wp:attachment":[{"href":"https:\/\/wordpress.nibis.de\/stsgymh\/wp-json\/wp\/v2\/media?parent=1502"}],"curies":[{"name":"wp","href":"https:\/\/api.w.org\/{rel}","templated":true}]}}