{"id":1505,"date":"2023-01-03T17:02:40","date_gmt":"2023-01-03T15:02:40","guid":{"rendered":"https:\/\/wordpress.nibis.de\/stsgymh\/?page_id=1505"},"modified":"2025-09-03T11:25:27","modified_gmt":"2025-09-03T09:25:27","slug":"fachseminar-politik-wirtschaft","status":"publish","type":"page","link":"https:\/\/wordpress.nibis.de\/stsgymh\/facher-ii\/fachseminar-politik-wirtschaft\/","title":{"rendered":"Fachseminar Politik-Wirtschaft"},"content":{"rendered":"\n<p>Die Ausbildung im Fach Politik-Wirtschaft am StS Hannover II (LA Gym) wird betreut durch:<\/p>\n<p><em><strong>Anna-Katharina Thoms (StR&#8216;), Ausbilderin im Fach PW<br \/>G\u00f6tz Thomsen (StD&#8216;), Fachleiter PW<br \/><\/strong><\/em><\/p>\n<p>Termin der regelm\u00e4\u00dfigen Fachsitzungen:<br \/><a href=\"http:\/\/wordpress.nibis.de\/stsgymh\/files\/Fachseminarplan.pdf\" data-type=\"URL\" data-id=\"wordpress.nibis.de\/stsgymh\/files\/Fachseminarplan.pdf\">&gt;&gt; siehe Fachseminarplan<\/a><\/p>\n<hr \/>\n<p>Hinweise zur Ausbildung erhalten Sie in der einf\u00fchrenden Fachsitzung im Rahmen der Einf\u00fchrungswoche.<\/p>\n<p>\u00a0<\/p>\n<p>\u00a0<\/p>\n\n\n\n<p class=\"has-text-align-right\">zuletzt aktualisiert Sep. 2025<\/p>\n","protected":false},"excerpt":{"rendered":"<p>Die Ausbildung im Fach Politik-Wirtschaft am StS Hannover II (LA Gym) wird betreut durch: Anna-Katharina Thoms (StR&#8216;), Ausbilderin im Fach PWG\u00f6tz Thomsen (StD&#8216;), Fachleiter PW Termin der regelm\u00e4\u00dfigen Fachsitzungen:&gt;&gt; siehe Fachseminarplan Hinweise zur Ausbildung erhalten Sie in der einf\u00fchrenden Fachsitzung im Rahmen der Einf\u00fchrungswoche. \u00a0 \u00a0 zuletzt aktualisiert Sep. 2025<\/p>\n","protected":false},"author":58,"featured_media":0,"parent":164,"menu_order":0,"comment_status":"closed","ping_status":"closed","template":"","meta":{"footnotes":""},"class_list":["post-1505","page","type-page","status-publish","hentry"],"_links":{"self":[{"href":"https:\/\/wordpress.nibis.de\/stsgymh\/wp-json\/wp\/v2\/pages\/1505","targetHints":{"allow":["GET"]}}],"collection":[{"href":"https:\/\/wordpress.nibis.de\/stsgymh\/wp-json\/wp\/v2\/pages"}],"about":[{"href":"https:\/\/wordpress.nibis.de\/stsgymh\/wp-json\/wp\/v2\/types\/page"}],"author":[{"embeddable":true,"href":"https:\/\/wordpress.nibis.de\/stsgymh\/wp-json\/wp\/v2\/users\/58"}],"replies":[{"embeddable":true,"href":"https:\/\/wordpress.nibis.de\/stsgymh\/wp-json\/wp\/v2\/comments?post=1505"}],"version-history":[{"count":2,"href":"https:\/\/wordpress.nibis.de\/stsgymh\/wp-json\/wp\/v2\/pages\/1505\/revisions"}],"predecessor-version":[{"id":1753,"href":"https:\/\/wordpress.nibis.de\/stsgymh\/wp-json\/wp\/v2\/pages\/1505\/revisions\/1753"}],"up":[{"embeddable":true,"href":"https:\/\/wordpress.nibis.de\/stsgymh\/wp-json\/wp\/v2\/pages\/164"}],"wp:attachment":[{"href":"https:\/\/wordpress.nibis.de\/stsgymh\/wp-json\/wp\/v2\/media?parent=1505"}],"curies":[{"name":"wp","href":"https:\/\/api.w.org\/{rel}","templated":true}]}}