{"id":1557,"date":"2023-01-05T13:41:12","date_gmt":"2023-01-05T12:41:12","guid":{"rendered":"https:\/\/wordpress.nibis.de\/stsgymh\/?page_id=1557"},"modified":"2023-01-05T14:37:39","modified_gmt":"2023-01-05T13:37:39","slug":"liste-der-ausbildungsschulen","status":"publish","type":"page","link":"https:\/\/wordpress.nibis.de\/stsgymh\/ausbildungsschulen-2\/liste-der-ausbildungsschulen\/","title":{"rendered":"Liste der Ausbildungsschulen"},"content":{"rendered":"\n<p>Als Ausbildungsschule kommen nur Schulen in Frage, die \u00fcber einen Sekundarbereich I und einen Sekundarbereich II und ausreichende Erfahrungen im Abitur verf\u00fcgen, dies sind nahezu alle Gymnasien und kooperierenden Gesamtschulen sowie viele integrierte Gesamtschulen in der Region Hannover. Alle Schulen werden unabh\u00e4ngig von der Schulform bei der Zuweisung gleichberechtig ber\u00fccksichtigt und sind hinsichtlich der zu erwerbenden Laufbahnbef\u00e4higung \u201eLehramt an Gymnasien\u201c auch v\u00f6llig gleichwertig. <\/p>\n\n\n\n<p><strong>Ausbildungsschulen im Stadtgebiet der Landeshauptstadt Hannover<\/strong>:<\/p>\n\n\n\n<figure class=\"wp-block-table is-style-stripes\"><table><tbody><tr><td>GY Bismarckschule<\/td><td>An der Bismarckschule 5, 30173 Hannover<\/td><\/tr><tr><td>GY Elsa-Br\u00e4ndstr\u00f6m-Schule<\/td><td>Hilde-Schneider-Allee 30, 30173 Hannover<\/td><\/tr><tr><td>GY Goetheschule Hannover<\/td><td>Franziusweg 43, 30167 Hannover<\/td><\/tr><tr><td>GY Helene Lange<\/td><td>Hohe Stra\u00dfe 24, 30449 Hannover<\/td><\/tr><tr><td>GY Herschelschule<\/td><td>Gro\u00dfer Kolonnenweg 37, 30179 Hannover<\/td><\/tr><tr><td>GY Humboldtschule Hannover<\/td><td>Ricklinger Stra\u00dfe 95, 30449 Hannover<\/td><\/tr><tr><td>GY Kaiser-Wilhelm- und Ratsgymnasium<\/td><td>Seelhorststra\u00dfe 52, 30175 Hannover<\/td><\/tr><tr><td>GY K\u00e4the-Kollwitz-Schule<\/td><td>Podbielskistra\u00dfe 230, 30655 Hannover<\/td><\/tr><tr><td>GY Kurt-Schwitters-Gymnasium Misburg<\/td><td>Hinter der Alten Burg 3, 30629 Hannover<\/td><\/tr><tr><td>GY Leibnizschule<\/td><td>R\u00f6ntgenstra\u00dfe 8, 30163 Hannover<\/td><\/tr><tr><td>GY Lutherschule<\/td><td>An der Lutherkirche 18, 30167 Hannover<\/td><\/tr><tr><td>GY Ricarda-Huch-Schule<\/td><td>Bonifatiusplatz 15, 30161 Hannover<\/td><\/tr><tr><td>GY Schillerschule<\/td><td>Ebellstra\u00dfe 15, 30625 Hannover<\/td><\/tr><tr><td>GY Sophienschule<\/td><td>L\u00fcerstra\u00dfe 17, 30175 Hannover<\/td><\/tr><tr><td>GY St.-Ursula-Schule<\/td><td>Simrockstr. 20, 30171 Hannover<\/td><\/tr><tr><td>GY Tellkampfschule<\/td><td>Altenbekener Damm 83, 30173 Hannover<\/td><\/tr><tr><td>GY Wilhelm-Raabe-Schule<\/td><td>Langensalzastra\u00dfe 24, 30169 Hannover<\/td><\/tr><tr><td>IGS Bothfeld<\/td><td>Hintzehof 9, 30659 Hannover<\/td><\/tr><tr><td>IGS B\u00fcssingweg<\/td><td>B\u00fcssingweg 9, 30165 Hannover<\/td><\/tr><tr><td>IGS Leonore-Goldschmidt-Schule<\/td><td>M\u00fchlenberger Markt 1, 30457 Hannover<\/td><\/tr><tr><td>IGS Kronsberg<\/td><td>Kattenbrookstrift 30, 30539 Hannover<\/td><\/tr><tr><td>IGS Linden<\/td><td>Am Lindener Berge 11, 30449 Hannover<\/td><\/tr><tr><td>IGS Roderbruch<\/td><td>Rotekreuzstra\u00dfe 23, 30627 Hannover<\/td><\/tr><\/tbody><\/table><\/figure>\n\n\n\n<p><strong>Ausbildungsschulen au\u00dferhalb des Stadtgebietes<\/strong><\/p>\n\n\n\n<figure class=\"wp-block-table is-style-stripes\"><table><tbody><tr><td>GY Burgdorf<\/td><td>Berliner Ring 27, 31303 Burgdorf<\/td><\/tr><tr><td>GY Erich K\u00e4stner Gymnasium Laatzen<\/td><td>Marktstra\u00dfe 33, 30880 Laatzen<\/td><\/tr><tr><td>GY Georg-B\u00fcchner-Gymnasium Seelze<\/td><td>Hirtenweg 22, 30926 Seelze<\/td><\/tr><tr><td>GY Geschwister-Scholl-Gymnasium<\/td><td>Ludwigstr. 4, 30827 Garbsen-Berenbostel<\/td><\/tr><tr><td>GY Gro\u00dfburgwedel<\/td><td>Auf der Ramhorst 1, 30938 Burgwedel<\/td><\/tr><tr><td>GY Isernhagen<\/td><td>Helleweg 1, 30916 Isernhagen<\/td><\/tr><tr><td>GY Johannes-Kepler-Gymnasium<\/td><td>Planetenring 9, 30823 Garbsen<\/td><\/tr><tr><td>GY Langenhagen<\/td><td>Konrad-Adenauer-Str. 21-23, 30853 Langenhagen<\/td><\/tr><tr><td>GY Lehrte<\/td><td>Burgdorfer Str. 16, 31275 Lehrte<\/td><\/tr><tr><td>GY Matthias-Claudius-Gymnasium<\/td><td>Matthias-Claudius-Stra\u00dfe 15-17, 30989 Gehrden<\/td><\/tr><tr><td>GY Mellendorf<\/td><td>Fritz-Sennheiser-Platz 2, 30900 Wedemark<\/td><\/tr><tr><td>IGS Garbsen<\/td><td>Meyenfelder Stra\u00dfe 8-16, 30823 Garbsen<\/td><\/tr><tr><td>IGS Langenhagen<\/td><td>Konrad-Adenauer-Str. 21-23, 30853 Langenhagen<\/td><\/tr><tr><td>IGS Wedemark<\/td><td>Fritz-Sennheiser-Platz 3, 30900 Wedemark<\/td><\/tr><tr><td>KGS Albert-Einstein-Gesamtschule<\/td><td>W\u00fclferoder Str. 46, 30880 Laatzen<\/td><\/tr><tr><td>KGS Carl-Friedrich-Gau\u00df-Schule<\/td><td>Hohe B\u00fcnte 4, 30966 Hemmingen<\/td><\/tr><tr><td>KGS Marie Curie Schule<\/td><td>Am Sportpark 1, 30952 Ronnenberg<\/td><\/tr><\/tbody><\/table><\/figure>\n","protected":false},"excerpt":{"rendered":"<p>Als Ausbildungsschule kommen nur Schulen in Frage, die \u00fcber einen Sekundarbereich I und einen Sekundarbereich II und ausreichende Erfahrungen im Abitur verf\u00fcgen, dies sind nahezu alle Gymnasien und kooperierenden Gesamtschulen sowie viele integrierte Gesamtschulen in der Region Hannover. Alle Schulen werden unabh\u00e4ngig von der Schulform bei der Zuweisung gleichberechtig ber\u00fccksichtigt und sind hinsichtlich der zu [&hellip;]<\/p>\n","protected":false},"author":58,"featured_media":0,"parent":1217,"menu_order":0,"comment_status":"closed","ping_status":"closed","template":"","meta":{"footnotes":""},"class_list":["post-1557","page","type-page","status-publish","hentry"],"_links":{"self":[{"href":"https:\/\/wordpress.nibis.de\/stsgymh\/wp-json\/wp\/v2\/pages\/1557","targetHints":{"allow":["GET"]}}],"collection":[{"href":"https:\/\/wordpress.nibis.de\/stsgymh\/wp-json\/wp\/v2\/pages"}],"about":[{"href":"https:\/\/wordpress.nibis.de\/stsgymh\/wp-json\/wp\/v2\/types\/page"}],"author":[{"embeddable":true,"href":"https:\/\/wordpress.nibis.de\/stsgymh\/wp-json\/wp\/v2\/users\/58"}],"replies":[{"embeddable":true,"href":"https:\/\/wordpress.nibis.de\/stsgymh\/wp-json\/wp\/v2\/comments?post=1557"}],"version-history":[{"count":3,"href":"https:\/\/wordpress.nibis.de\/stsgymh\/wp-json\/wp\/v2\/pages\/1557\/revisions"}],"predecessor-version":[{"id":1617,"href":"https:\/\/wordpress.nibis.de\/stsgymh\/wp-json\/wp\/v2\/pages\/1557\/revisions\/1617"}],"up":[{"embeddable":true,"href":"https:\/\/wordpress.nibis.de\/stsgymh\/wp-json\/wp\/v2\/pages\/1217"}],"wp:attachment":[{"href":"https:\/\/wordpress.nibis.de\/stsgymh\/wp-json\/wp\/v2\/media?parent=1557"}],"curies":[{"name":"wp","href":"https:\/\/api.w.org\/{rel}","templated":true}]}}