{"id":1569,"date":"2023-01-05T10:12:52","date_gmt":"2023-01-05T09:12:52","guid":{"rendered":"https:\/\/wordpress.nibis.de\/stsgymh\/?page_id=1569"},"modified":"2026-01-07T12:59:05","modified_gmt":"2026-01-07T11:59:05","slug":"fachseminar-erdkunde","status":"publish","type":"page","link":"https:\/\/wordpress.nibis.de\/stsgymh\/facher-ii\/fachseminar-erdkunde\/","title":{"rendered":"Fachseminar Erdkunde"},"content":{"rendered":"\n<h3 class=\"wp-block-heading\"><strong>Willkommen bei den Geograph*innen!<\/strong><\/h3>\n\n\n\n<p>Am Studienseminar Hannover II wird die Ausbildung im Fach Erdkunde betreut von<\/p>\n\n\n\n<p><strong><em>Daniel Behrens (StD)<\/em><\/strong><br>Termin der regelm\u00e4\u00dfigen Fachsitzung:<\/p>\n\n\n\n<p><a href=\"https:\/\/wordpress.nibis.de\/stsgymh\/files\/Fachsemniarplan01.26.pdf\" data-type=\"URL\" data-id=\"wordpress.nibis.de\/stsgymh\/files\/Fachseminarplan.pdf\">&gt;&gt; siehe Fachseminarplan<\/a><\/p>\n\n\n\n<hr class=\"wp-block-separator has-css-opacity is-style-default\" \/>\n\n\n\n<p><strong>Erdkunde als Unterrichtsfach<\/strong><\/p>\n\n\n\n<p>Erdkunde ist ein Br\u00fcckenfach, denn es verkn\u00fcpft naturwissenschaftliche und gesellschaftswissenschaftliche Inhalte und Betrachtungsweisen miteinander. Damit leistet das Unterrichtsfach einen wesentlichen Beitrag zum Verst\u00e4ndnis von komplexen Ph\u00e4nomenen und Problemen in einer globalisierten Welt. Durch die mehrperspektivische und vernetzende Betrachtung sowie die gro\u00dfe Spannbreite an Themen und Herangehensweisen bleibt das Fach f\u00fcr Lehrkr\u00e4fte und Lerner*innen interessant.<\/p>\n\n\n\n<p><strong>Fachsitzungen<\/strong><\/p>\n\n\n\n<p>Im Zentrum der Fachsitzungen stehen Fragen aus der Schulpraxis des Faches Erdkunde, wobei durch die Herstellung von Theorie-Praxis-Bez\u00fcgen die Kompetenz der Lehrkr\u00e4fte im Vorbereitungsdienst (LiV), fachlich fundierten, lerner*innenorientierten Unterricht zu planen, durchzuf\u00fchren und zu reflektieren, ausgebaut werden soll. Die Themen reichen von der Entwicklung von Geographie-Curricula \u00fcber wesentliche Prinzipien des Erdkundeunterrichts bis zu Fragen der Leistungsmessung und -beurteilung. Dabei sollen die Bed\u00fcrfnisse der LiV ber\u00fccksichtigt werden, d.h. es k\u00f6nnen konkrete, aus dem Unterricht erwachsene Fragen aufgegriffen und gemeinsam bearbeitet werden.<\/p>\n\n\n\n<p>Die Fachsitzungen finden vierzehnt\u00e4gig im Studienseminar statt; sie werden erg\u00e4nzt durch Exkursionen.<\/p>\n\n\n\n<p><strong>Unterrichtsbesuche<\/strong><\/p>\n\n\n\n<p>Die Anzahl der Unterrichtsbesuche orientiert sich an den allgemeinen Vorgaben des Studienseminars. Die besondere didaktisch-methodische Breite des Faches muss bei den Unterrichtsbesuchen ber\u00fccksichtigt werden; daher ist es erforderlich, dass die gezeigten Stunden sowohl \u00fcber die Jahrgangsstufen als auch \u00fcber verschiedene Bereiche des Faches (physischgeographische und anthropogeographische Themen) angemessen gestreut sind. In der Kursstufe soll von der LiV eine geschlossene Unterrichtseinheit von etwa 3 Wochen durchgef\u00fchrt werden.<\/p>\n\n\n\n<p><strong>N\u00fctzliche Links<\/strong><\/p>\n\n\n\n<ul class=\"wp-block-list\">\n<li>Kerncurriculum Erdkunde Sek I:\u00a0<a href=\"http:\/\/db2.nibis.de\/1db\/cuvo\/datei\/ek_gym_si_kc_druck.pdf\">http:\/\/db2.nibis.de\/1db\/cuvo\/datei\/ek_gym_si_kc_druck.pdf<\/a><\/li>\n\n\n\n<li>Kerncurriculum Erdkunde Sek II:\u00a0<a href=\"http:\/\/db2.nibis.de\/1db\/cuvo\/datei\/internetfassung_kc_erdkunde_go_2010.pdf\">http:\/\/db2.nibis.de\/1db\/cuvo\/datei\/internetfassung_kc_erdkunde_go_2010.pdf<\/a><\/li>\n\n\n\n<li>Einheitliche Pr\u00fcfungsanforderungen in der Abiturpr\u00fcfung (EPA):\u00a0<a href=\"http:\/\/db2.nibis.de\/1db\/cuvo\/datei\/epa_erdkunde.pdf\">http:\/\/db2.nibis.de\/1db\/cuvo\/datei\/epa_erdkunde.pdf<\/a><\/li>\n\n\n\n<li>Bildungsstandards im Fach Geographie von der DGfG:\u00a0<a href=\"http:\/\/www.geographie.de\/docs\/geographie_bildungsstandards.pdf\">http:\/\/www.geographie.de\/docs\/geographie_bildungsstandards.pdf<\/a><\/li>\n\n\n\n<li>Verband deutscher Schulgeographen (Niedersachsen):\u00a0<a href=\"http:\/\/nibis.ni.schule.de\/~vdsg\/\">http:\/\/nibis.ni.schule.de\/~vdsg\/<\/a><\/li>\n<\/ul>\n\n\n\n<hr class=\"wp-block-separator has-css-opacity is-style-default\" \/>\n\n\n\n<p class=\"has-text-align-right\">zuletzt aktualisiert Sep. 2025<\/p>\n\n\n","protected":false},"excerpt":{"rendered":"<p>Willkommen bei den Geograph*innen! Am Studienseminar Hannover II wird die Ausbildung im Fach Erdkunde betreut von Daniel Behrens (StD)Termin der regelm\u00e4\u00dfigen Fachsitzung: &gt;&gt; siehe Fachseminarplan Erdkunde als Unterrichtsfach Erdkunde ist ein Br\u00fcckenfach, denn es verkn\u00fcpft naturwissenschaftliche und gesellschaftswissenschaftliche Inhalte und Betrachtungsweisen miteinander. Damit leistet das Unterrichtsfach einen wesentlichen Beitrag zum Verst\u00e4ndnis von komplexen Ph\u00e4nomenen und [&hellip;]<\/p>\n","protected":false},"author":58,"featured_media":0,"parent":164,"menu_order":0,"comment_status":"closed","ping_status":"closed","template":"","meta":{"footnotes":""},"class_list":["post-1569","page","type-page","status-publish","hentry"],"_links":{"self":[{"href":"https:\/\/wordpress.nibis.de\/stsgymh\/wp-json\/wp\/v2\/pages\/1569","targetHints":{"allow":["GET"]}}],"collection":[{"href":"https:\/\/wordpress.nibis.de\/stsgymh\/wp-json\/wp\/v2\/pages"}],"about":[{"href":"https:\/\/wordpress.nibis.de\/stsgymh\/wp-json\/wp\/v2\/types\/page"}],"author":[{"embeddable":true,"href":"https:\/\/wordpress.nibis.de\/stsgymh\/wp-json\/wp\/v2\/users\/58"}],"replies":[{"embeddable":true,"href":"https:\/\/wordpress.nibis.de\/stsgymh\/wp-json\/wp\/v2\/comments?post=1569"}],"version-history":[{"count":4,"href":"https:\/\/wordpress.nibis.de\/stsgymh\/wp-json\/wp\/v2\/pages\/1569\/revisions"}],"predecessor-version":[{"id":1841,"href":"https:\/\/wordpress.nibis.de\/stsgymh\/wp-json\/wp\/v2\/pages\/1569\/revisions\/1841"}],"up":[{"embeddable":true,"href":"https:\/\/wordpress.nibis.de\/stsgymh\/wp-json\/wp\/v2\/pages\/164"}],"wp:attachment":[{"href":"https:\/\/wordpress.nibis.de\/stsgymh\/wp-json\/wp\/v2\/media?parent=1569"}],"curies":[{"name":"wp","href":"https:\/\/api.w.org\/{rel}","templated":true}]}}