{"id":1575,"date":"2023-01-05T10:26:45","date_gmt":"2023-01-05T09:26:45","guid":{"rendered":"https:\/\/wordpress.nibis.de\/stsgymh\/?page_id=1575"},"modified":"2025-09-02T14:52:42","modified_gmt":"2025-09-02T12:52:42","slug":"fachseminar-griechisch","status":"publish","type":"page","link":"https:\/\/wordpress.nibis.de\/stsgymh\/facher-ii\/fachseminar-griechisch\/","title":{"rendered":"Fachseminar Griechisch"},"content":{"rendered":"\n<p>Das Fachseminar Griechisch ist aktuell unbesetzt.<\/p>\n\n\n\n<p>Am Studienseminar Hannover II wird die Ausbildung im Fachseminar&nbsp;Griechisch&nbsp;betreut von:<\/p>\n\n\n\n<p><em><strong>Stefan Gieseke (StD), Fachberater im Fach Griechisch beim RLSB Hannover<\/strong><\/em><\/p>\n\n\n\n<p>Die Fachseminarsitzung findet nach Absprache regelm\u00e4\u00dfig alle zwei Wochen am Kaiser-Wilhelm- und Ratsgymnasium Hannover statt.<\/p>\n\n\n\n<hr class=\"wp-block-separator is-style-default\" \/>\n\n\n\n<p>Die Ausbildung im Fach Griechisch orientiert sich an der APVO-Lehr und ihrer fachspezifischen Konkretisierung insbesondere f\u00fcr den Kompetenzbereich \u201eUnterrichten\u201c. Vorrangiger Ausbildungsinhalt des Fachseminars Griechisch ist es, didaktische Konzepte kennen zu lernen, zu entwickeln, auszuprobieren und zu reflektieren, mit denen es unter den aktuellen schulischen Gegebenheiten m\u00f6glich ist, den Bildungswert des Griechischen in Sprache, Text und dessen Inhalten auf junge Menschen wirken zu lassen.<\/p>\n\n\n\n<p>Entsprechend den Kompetenzbereichen \u201ePlanung, Durchf\u00fchrung und Reflexion\u201c altsprachlichen Unterrichts geh\u00f6ren u.a. folgende Themenbereiche zum Curriculum des Fachseminars: Grammatikeinf\u00fchrung, Satz- und Texterschlie\u00dfung, \u00dcbersetzungsarbeit, nachhaltige \u00dcbungen, Wortschatz- und Vokabelarbeit, Didaktisierung von Kunst- und Originaltexten, Interpretation, Unterrichtseinstiege, fachmethodisches Repertoire \u2026<\/p>\n\n\n\n<p>Der fachspezifische Rahmen des Griechischunterrichts ist in Niedersachsen definiert durch die Kerncurricula des Faches Griechisch f\u00fcr die Sekundarstufen I und II, die Sie hier finden:<\/p>\n\n\n\n<ul class=\"wp-block-list\"><li><a href=\"http:\/\/db2.nibis.de\/1db\/cuvo\/datei\/kc_griechisch_go_i_03-11.pdf\">http:\/\/db2.nibis.de\/1db\/cuvo\/datei\/kc_gym_griech_08_nib2_neu.pdf<\/a>&nbsp;und<\/li><li><a href=\"http:\/\/db2.nibis.de\/1db\/cuvo\/datei\/kc_griechisch_go_i_03-11.pdf\">http:\/\/db2.nibis.de\/1db\/cuvo\/datei\/kc_griechisch_go_i_03-11.pdf<\/a><\/li><\/ul>\n\n\n\n<p>Auch auf den Index der Zeitschrift \u201eDer Altsprachliche Unterricht\u201c sei verwiesen:<\/p>\n\n\n\n<ul class=\"wp-block-list\"><li><a href=\"http:\/\/www.geisteswissenschaften.fu-berlin.de\/we02\/didaktik\/bibliographien\/zeitschr\/au.html\">http:\/\/www.geisteswissenschaften.fu-berlin.de\/we02\/didaktik\/bibliographien\/zeitschr\/au.html<\/a><\/li><\/ul>\n\n\n\n<p>Zur \u00dcbersicht \u00fcber fachdidaktischen Grundlagen wird zur\u00fcckgegriffen auf:<\/p>\n\n\n\n<ul class=\"wp-block-list\"><li>KUHLMANN, Peter: Fachdidaktik Latein kompakt, G\u00f6ttingen 2009<\/li><\/ul>\n\n\n\n<p>Griechische Originaltexte finden Sie auf folgender Seite:<\/p>\n\n\n\n<ul class=\"wp-block-list\"><li><a href=\"http:\/\/www.perseus.tufts.edu\/hopper\/collection?collection=Perseus:collection:Greco-Roman\">http:\/\/www.perseus.tufts.edu\/hopper\/collection?collection=Perseus:collection:Greco-Roman<\/a><\/li><\/ul>\n\n\n\n<hr class=\"wp-block-separator is-style-default\" \/>\n","protected":false},"excerpt":{"rendered":"<p>Das Fachseminar Griechisch ist aktuell unbesetzt. Am Studienseminar Hannover II wird die Ausbildung im Fachseminar&nbsp;Griechisch&nbsp;betreut von: Stefan Gieseke (StD), Fachberater im Fach Griechisch beim RLSB Hannover Die Fachseminarsitzung findet nach Absprache regelm\u00e4\u00dfig alle zwei Wochen am Kaiser-Wilhelm- und Ratsgymnasium Hannover statt. Die Ausbildung im Fach Griechisch orientiert sich an der APVO-Lehr und ihrer fachspezifischen Konkretisierung [&hellip;]<\/p>\n","protected":false},"author":58,"featured_media":0,"parent":164,"menu_order":0,"comment_status":"closed","ping_status":"closed","template":"","meta":{"footnotes":""},"class_list":["post-1575","page","type-page","status-publish","hentry"],"_links":{"self":[{"href":"https:\/\/wordpress.nibis.de\/stsgymh\/wp-json\/wp\/v2\/pages\/1575","targetHints":{"allow":["GET"]}}],"collection":[{"href":"https:\/\/wordpress.nibis.de\/stsgymh\/wp-json\/wp\/v2\/pages"}],"about":[{"href":"https:\/\/wordpress.nibis.de\/stsgymh\/wp-json\/wp\/v2\/types\/page"}],"author":[{"embeddable":true,"href":"https:\/\/wordpress.nibis.de\/stsgymh\/wp-json\/wp\/v2\/users\/58"}],"replies":[{"embeddable":true,"href":"https:\/\/wordpress.nibis.de\/stsgymh\/wp-json\/wp\/v2\/comments?post=1575"}],"version-history":[{"count":3,"href":"https:\/\/wordpress.nibis.de\/stsgymh\/wp-json\/wp\/v2\/pages\/1575\/revisions"}],"predecessor-version":[{"id":1734,"href":"https:\/\/wordpress.nibis.de\/stsgymh\/wp-json\/wp\/v2\/pages\/1575\/revisions\/1734"}],"up":[{"embeddable":true,"href":"https:\/\/wordpress.nibis.de\/stsgymh\/wp-json\/wp\/v2\/pages\/164"}],"wp:attachment":[{"href":"https:\/\/wordpress.nibis.de\/stsgymh\/wp-json\/wp\/v2\/media?parent=1575"}],"curies":[{"name":"wp","href":"https:\/\/api.w.org\/{rel}","templated":true}]}}