{"id":1600,"date":"2023-01-05T13:48:00","date_gmt":"2023-01-05T12:48:00","guid":{"rendered":"https:\/\/wordpress.nibis.de\/stsgymh\/?page_id=1600"},"modified":"2023-01-05T14:36:05","modified_gmt":"2023-01-05T13:36:05","slug":"zuweisung-an-eine-ausbildungsschule","status":"publish","type":"page","link":"https:\/\/wordpress.nibis.de\/stsgymh\/ausbildungsschulen-2\/zuweisung-an-eine-ausbildungsschule\/","title":{"rendered":"Hinweise zur Zuweisung an eine Ausbildungsschule"},"content":{"rendered":"\n<p>Die Zuweisung an eine Ausbildungsschule erfolgt auf Vorschlag der Seminarleitung im Einvernehmen mit den jeweiligen Schulleitungen sowie im Einvernehmen mit dem RLSB Hannover, dem formal die Entscheidung obliegt. Die Seminarleitungen der StS Hannover I \/ StS Hannover II stimmen die Zuweisung neu beginnenden Referendarinnen und Referendare an die Ausbildungsschulen kooperativ ab, da alle in Frage kommenden Schulen Ausbildungsschulen beider Seminare sind.<\/p>\n\n\n\n<p>Bei der Bewerbung um einen Ausbildungsplatz an einem der Studienseminare in Hannover ist eine Kontaktaufnahme zu einzelnen Ausbildungsschulen im Vorfeld nicht erforderlich und i.d.R. auch nicht sinnvoll.<\/p>\n\n\n\n<p><strong>Kriterien des Zuweisungsvorschlags<\/strong><\/p>\n\n\n\n<p>Bei der Zuweisung an eine geeignete Ausbildungsschule sind eine Vielzahl unterschiedlicher Kriterien und in sich widerspr\u00fcchliche Zw\u00e4nge zu ber\u00fccksichtigen. Dabei sind Vorgaben des RLSB, seminarinterne Bedingungen und Ausbildungsanliegen, die Interessen aller Bewerberinnen und Bewerber sowie die Interessen der einzelnen Ausbildungsschulen in Einklang zu bringen.<\/p>\n\n\n\n<p>Die aktuelle Unterrichtsversorgung einer Schule, deren besonderer f\u00e4cherspezifischer Bedarf zum Einstellungstermin, die fachspezifischen Ausbildungsbedingungen an der jeweiligen Schule und die Ausbildungskapazit\u00e4ten sind Beispiele daf\u00fcr, dass nachvollziehbare individuelle W\u00fcnsche einzelner Bewerberinnen und Bewerber bzgl. der Zuweisung an eine bestimmte Schule nur sehr eingeschr\u00e4nkt ber\u00fccksichtigt werden k\u00f6nnen. Nicht ber\u00fccksichtigen k\u00f6nnen wir leider insbesondere<\/p>\n\n\n\n<ul class=\"wp-block-list\"><li>den Wohnort bzw. den Wunsch von Bewerberinnen \/ Bewerbern nach einer wohnortnahen Ausbildungsschule,<\/li><li>das Fehlen eines Autos \/ F\u00fchrerscheins, nahezu alle Schulen sind mit dem \u00d6PNV erreichbar,<\/li><li>individuelle Sympathien der Bewerberinnen \/ Bewerber zu einzelnen Schulen aufgrund von Schulpraktika oder aufgrund des Schulprofils oder aufgrund pers\u00f6nlicher Kontakte.<\/li><\/ul>\n\n\n\n<p>Wir bem\u00fchen uns bei der Auswahl der in Frage kommenden Schulen darum, famili\u00e4re Gegebenheiten bspw. aufgrund der Kinderbetreuung vorrangig zu ber\u00fccksichtigen und achten auf eine -wenn m\u00f6glich- passable r\u00e4umliche Lage bspw. von Wohnort, Kinderbereuungseinrichtung und Ausbildungsschule.<\/p>\n\n\n\n<p>Wir bem\u00fchen uns darum, den Wunsch von Bewerberinnen und Bewerbung nach einer bevorzugten Zuweisung an eine IGS zu realisieren. Umgekehrt k\u00f6nnen wir W\u00fcnsche nach einer ausschlie\u00dflichen Zuweisung an ein Gymnasium leider nicht vorrangig ber\u00fccksichtigen.<\/p>\n\n\n\n<p>Bewerberinnen und Bewerber k\u00f6nnen die Zuweisung an eine konfessionsgebundene Schule im Vorfeld aus pers\u00f6nlichen Gr\u00fcnden ablehnen.<\/p>\n\n\n\n<p>Schulen, an denen neu beginnende Referendarinnen und Referendare ihr Abitur abgelegt haben, kommen f\u00fcr diese nicht als Ausbildungsschulen in Betracht.<\/p>\n","protected":false},"excerpt":{"rendered":"<p>Die Zuweisung an eine Ausbildungsschule erfolgt auf Vorschlag der Seminarleitung im Einvernehmen mit den jeweiligen Schulleitungen sowie im Einvernehmen mit dem RLSB Hannover, dem formal die Entscheidung obliegt. Die Seminarleitungen der StS Hannover I \/ StS Hannover II stimmen die Zuweisung neu beginnenden Referendarinnen und Referendare an die Ausbildungsschulen kooperativ ab, da alle in Frage [&hellip;]<\/p>\n","protected":false},"author":58,"featured_media":0,"parent":1217,"menu_order":0,"comment_status":"closed","ping_status":"closed","template":"","meta":{"footnotes":""},"class_list":["post-1600","page","type-page","status-publish","hentry"],"_links":{"self":[{"href":"https:\/\/wordpress.nibis.de\/stsgymh\/wp-json\/wp\/v2\/pages\/1600","targetHints":{"allow":["GET"]}}],"collection":[{"href":"https:\/\/wordpress.nibis.de\/stsgymh\/wp-json\/wp\/v2\/pages"}],"about":[{"href":"https:\/\/wordpress.nibis.de\/stsgymh\/wp-json\/wp\/v2\/types\/page"}],"author":[{"embeddable":true,"href":"https:\/\/wordpress.nibis.de\/stsgymh\/wp-json\/wp\/v2\/users\/58"}],"replies":[{"embeddable":true,"href":"https:\/\/wordpress.nibis.de\/stsgymh\/wp-json\/wp\/v2\/comments?post=1600"}],"version-history":[{"count":3,"href":"https:\/\/wordpress.nibis.de\/stsgymh\/wp-json\/wp\/v2\/pages\/1600\/revisions"}],"predecessor-version":[{"id":1616,"href":"https:\/\/wordpress.nibis.de\/stsgymh\/wp-json\/wp\/v2\/pages\/1600\/revisions\/1616"}],"up":[{"embeddable":true,"href":"https:\/\/wordpress.nibis.de\/stsgymh\/wp-json\/wp\/v2\/pages\/1217"}],"wp:attachment":[{"href":"https:\/\/wordpress.nibis.de\/stsgymh\/wp-json\/wp\/v2\/media?parent=1600"}],"curies":[{"name":"wp","href":"https:\/\/api.w.org\/{rel}","templated":true}]}}