{"id":164,"date":"2012-08-31T17:59:18","date_gmt":"2012-08-31T15:59:18","guid":{"rendered":"http:\/\/wordpress.nibis.de\/stsgymh\/?page_id=164"},"modified":"2024-10-23T12:51:18","modified_gmt":"2024-10-23T10:51:18","slug":"facher-ii","status":"publish","type":"page","link":"https:\/\/wordpress.nibis.de\/stsgymh\/facher-ii\/","title":{"rendered":"F\u00e4cher"},"content":{"rendered":"\n<p>Am StS Hannover II (LA Gym) werden Lehrkr\u00e4fte in 14 F\u00e4chern ausgebildet bzw. qualifiziert:<\/p>\n\n\n\n<ul class=\"wp-block-list\"><li><a href=\"https:\/\/wordpress.nibis.de\/stsgymh\/facher-ii\/fachseminar-biologie\/\">Biologie<\/a><\/li><li><a href=\"https:\/\/wordpress.nibis.de\/stsgymh\/facher-ii\/fachseminar-deutsch\/\">Deutsch<\/a><\/li><li><a href=\"https:\/\/wordpress.nibis.de\/stsgymh\/facher-ii\/fachseminar-englisch\/\">Englisch<\/a><\/li><li><a href=\"https:\/\/wordpress.nibis.de\/stsgymh\/facher-ii\/zusatz-qualifikation-bilingualer-unterricht-englisch\/\">En ZQ bilingualer Unterricht<\/a><\/li><li><a href=\"https:\/\/wordpress.nibis.de\/stsgymh\/facher-ii\/fachseminar-erdkunde\/\">Erdkunde<\/a><\/li><li><a href=\"https:\/\/wordpress.nibis.de\/stsgymh\/fachseminar-franzoesisch\/\">Franz\u00f6sisch<\/a><\/li><li><a href=\"https:\/\/wordpress.nibis.de\/stsgymh\/facher-ii\/fachseminar-geschichte\/\">Geschichte<\/a><\/li><li><a href=\"https:\/\/wordpress.nibis.de\/stsgymh\/fachseminar-griechisch\/\">Griechisch<\/a><\/li><li><a href=\"https:\/\/wordpress.nibis.de\/stsgymh\/facher-ii\/fachseminar-kunst\/\">Kunst<\/a><\/li><li><a href=\"https:\/\/wordpress.nibis.de\/stsgymh\/facher-ii\/fachseminar-latein\/\">Latein<\/a><\/li><li><a href=\"https:\/\/wordpress.nibis.de\/stsgymh\/facher-ii\/fachseminar-mathematik\/\">Mathematik<\/a><\/li><li><a href=\"https:\/\/wordpress.nibis.de\/stsgymh\/facher-ii\/fachseminar-musik\/\">Musik<\/a><\/li><li><a href=\"https:\/\/wordpress.nibis.de\/stsgymh\/facher-ii\/fachseminar-physik\/\">Physik<\/a><\/li><li><a href=\"https:\/\/wordpress.nibis.de\/stsgymh\/facher-ii\/fachseminar-politik-wirtschaft\/\">Politik-Wirtschaft<\/a><\/li><li><a href=\"https:\/\/wordpress.nibis.de\/stsgymh\/fachseminar-sport\/\">Sport<\/a><\/li><\/ul>\n\n\n\n<p>Informationen zu den zust\u00e4ndigen Ausbilderinnen und Ausbildern und zu den Anliegen und Inhalten der Ausbildungsf\u00e4cher finden Sie auf den jeweiligen Unterseiten.<\/p>\n\n\n\n<hr class=\"wp-block-separator is-style-default\" \/>\n","protected":false},"excerpt":{"rendered":"<p>Am StS Hannover II (LA Gym) werden Lehrkr\u00e4fte in 14 F\u00e4chern ausgebildet bzw. qualifiziert: Biologie Deutsch Englisch En ZQ bilingualer Unterricht Erdkunde Franz\u00f6sisch Geschichte Griechisch Kunst Latein Mathematik Musik Physik Politik-Wirtschaft Sport Informationen zu den zust\u00e4ndigen Ausbilderinnen und Ausbildern und zu den Anliegen und Inhalten der Ausbildungsf\u00e4cher finden Sie auf den jeweiligen Unterseiten.<\/p>\n","protected":false},"author":58,"featured_media":0,"parent":0,"menu_order":0,"comment_status":"closed","ping_status":"closed","template":"","meta":{"footnotes":""},"class_list":["post-164","page","type-page","status-publish","hentry"],"_links":{"self":[{"href":"https:\/\/wordpress.nibis.de\/stsgymh\/wp-json\/wp\/v2\/pages\/164","targetHints":{"allow":["GET"]}}],"collection":[{"href":"https:\/\/wordpress.nibis.de\/stsgymh\/wp-json\/wp\/v2\/pages"}],"about":[{"href":"https:\/\/wordpress.nibis.de\/stsgymh\/wp-json\/wp\/v2\/types\/page"}],"author":[{"embeddable":true,"href":"https:\/\/wordpress.nibis.de\/stsgymh\/wp-json\/wp\/v2\/users\/58"}],"replies":[{"embeddable":true,"href":"https:\/\/wordpress.nibis.de\/stsgymh\/wp-json\/wp\/v2\/comments?post=164"}],"version-history":[{"count":11,"href":"https:\/\/wordpress.nibis.de\/stsgymh\/wp-json\/wp\/v2\/pages\/164\/revisions"}],"predecessor-version":[{"id":1668,"href":"https:\/\/wordpress.nibis.de\/stsgymh\/wp-json\/wp\/v2\/pages\/164\/revisions\/1668"}],"wp:attachment":[{"href":"https:\/\/wordpress.nibis.de\/stsgymh\/wp-json\/wp\/v2\/media?parent=164"}],"curies":[{"name":"wp","href":"https:\/\/api.w.org\/{rel}","templated":true}]}}