{"id":1669,"date":"2024-10-23T13:22:29","date_gmt":"2024-10-23T11:22:29","guid":{"rendered":"https:\/\/wordpress.nibis.de\/stsgymh\/?page_id=1669"},"modified":"2024-10-23T15:09:31","modified_gmt":"2024-10-23T13:09:31","slug":"zusatzqualifikationen-zusaetzliche-ausbildungsmodule","status":"publish","type":"page","link":"https:\/\/wordpress.nibis.de\/stsgymh\/zusatzqualifikationen-zusaetzliche-ausbildungsmodule\/","title":{"rendered":"Zusatzqualifikationen, zus\u00e4tzliche Ausbildungsmodule"},"content":{"rendered":"\n<p>Referendarinnen und Referendaren k\u00f6nnen -neben der regul\u00e4ren Ausbildung und \u00fcber die allgemeinen Ausbildungsauflagen hinaus- freiwillig folgende zus\u00e4tzliche Ausbildungsangebote des StS Hannover II (Gym) w\u00e4hlen:<\/p>\n\n\n\n<ul class=\"wp-block-list\"><li><a href=\"https:\/\/wordpress.nibis.de\/stsgymh\/zusatzqualifikationen-zusaetzliche-ausbildungsmodule\/zusatz-qualifikation-bilingualer-unterricht-englisch\/\">Zusatzqualifikation &#8222;bilingualer Unterricht&#8220; (Englisch)<\/a><\/li><li><a href=\"https:\/\/wordpress.nibis.de\/stsgymh\/zusatzqualifikation-gesellschaftswissenschaft\/\">Zusatzqualifikation &#8222;Gesellschaftslehre&#8220; (IGS)<\/a><\/li><li><a href=\"https:\/\/wordpress.nibis.de\/stsgymh\/zusatzqualifikationen-zusaetzliche-ausbildungsmodule\/zusatzmodul-naturwissenschaften\/\">Zusatzmodul &#8222;Naturwissenschaften&#8220; (IGS)<\/a><\/li><\/ul>\n\n\n\n<p>Dar\u00fcber hinaus bieten die Studienseminare GHR und Sonderp\u00e4dagogik am Standort der Studienseminare Hannover-Limmer weitere lehramts\u00fcbergreifende Zusatzqualifikationen u.a. in den themengebieten &#8222;Medienkompetenz&#8220;, &#8222;DaF \/ DaZ&#8220; oder bspw. &#8222;kollegiale Beratung &#8211; Mediation&#8220; an.<\/p>\n","protected":false},"excerpt":{"rendered":"<p>Referendarinnen und Referendaren k\u00f6nnen -neben der regul\u00e4ren Ausbildung und \u00fcber die allgemeinen Ausbildungsauflagen hinaus- freiwillig folgende zus\u00e4tzliche Ausbildungsangebote des StS Hannover II (Gym) w\u00e4hlen: Zusatzqualifikation &#8222;bilingualer Unterricht&#8220; (Englisch) Zusatzqualifikation &#8222;Gesellschaftslehre&#8220; (IGS) Zusatzmodul &#8222;Naturwissenschaften&#8220; (IGS) Dar\u00fcber hinaus bieten die Studienseminare GHR und Sonderp\u00e4dagogik am Standort der Studienseminare Hannover-Limmer weitere lehramts\u00fcbergreifende Zusatzqualifikationen u.a. in den themengebieten &#8222;Medienkompetenz&#8220;, [&hellip;]<\/p>\n","protected":false},"author":58,"featured_media":0,"parent":0,"menu_order":0,"comment_status":"closed","ping_status":"closed","template":"","meta":{"footnotes":""},"class_list":["post-1669","page","type-page","status-publish","hentry"],"_links":{"self":[{"href":"https:\/\/wordpress.nibis.de\/stsgymh\/wp-json\/wp\/v2\/pages\/1669","targetHints":{"allow":["GET"]}}],"collection":[{"href":"https:\/\/wordpress.nibis.de\/stsgymh\/wp-json\/wp\/v2\/pages"}],"about":[{"href":"https:\/\/wordpress.nibis.de\/stsgymh\/wp-json\/wp\/v2\/types\/page"}],"author":[{"embeddable":true,"href":"https:\/\/wordpress.nibis.de\/stsgymh\/wp-json\/wp\/v2\/users\/58"}],"replies":[{"embeddable":true,"href":"https:\/\/wordpress.nibis.de\/stsgymh\/wp-json\/wp\/v2\/comments?post=1669"}],"version-history":[{"count":5,"href":"https:\/\/wordpress.nibis.de\/stsgymh\/wp-json\/wp\/v2\/pages\/1669\/revisions"}],"predecessor-version":[{"id":1685,"href":"https:\/\/wordpress.nibis.de\/stsgymh\/wp-json\/wp\/v2\/pages\/1669\/revisions\/1685"}],"wp:attachment":[{"href":"https:\/\/wordpress.nibis.de\/stsgymh\/wp-json\/wp\/v2\/media?parent=1669"}],"curies":[{"name":"wp","href":"https:\/\/api.w.org\/{rel}","templated":true}]}}