{"id":249,"date":"2012-09-01T17:10:19","date_gmt":"2012-09-01T15:10:19","guid":{"rendered":"http:\/\/wordpress.nibis.de\/stsgymh\/?page_id=249"},"modified":"2023-01-05T12:42:09","modified_gmt":"2023-01-05T11:42:09","slug":"struktur-ii","status":"publish","type":"page","link":"https:\/\/wordpress.nibis.de\/stsgymh\/ausbildung-ii\/struktur-ii\/","title":{"rendered":"Organisation, Struktur"},"content":{"rendered":"<p>Die Struktur der Ausbildung ergibt sich aus der <strong>Verordnung \u00fcber die Ausbildung und Pr\u00fcfung von Lehrkr\u00e4ften im Vorbereitungsdienst (APVO-Lehr) <\/strong>vom 13.Juli 2010 und den zugeh\u00f6rigen Durchf\u00fchrungsbestimmungen.<br \/>vgl. <a href=\"http:\/\/www.schure.de\/\">www.schure.de<\/a> &gt;&gt; Lehrerausbildung &gt;&gt; APVO-Lehr<\/p>\n<p style=\"text-align: center\">\u00a0<\/p>\n\n\n<figure class=\"wp-block-image size-full\"><a href=\"https:\/\/wordpress.nibis.de\/stsgymh\/files\/4_Saeulen_Ausbildung.png\"><img loading=\"lazy\" decoding=\"async\" width=\"769\" height=\"479\" src=\"https:\/\/wordpress.nibis.de\/stsgymh\/files\/4_Saeulen_Ausbildung.png\" alt=\"\" class=\"wp-image-1525\" srcset=\"https:\/\/wordpress.nibis.de\/stsgymh\/files\/4_Saeulen_Ausbildung.png 769w, https:\/\/wordpress.nibis.de\/stsgymh\/files\/4_Saeulen_Ausbildung-300x187.png 300w\" sizes=\"auto, (max-width: 769px) 100vw, 769px\" \/><\/a><\/figure>\n\n\n\n<p><span style=\"text-decoration: underline\"><strong>Ausbildungsgelegenheiten im Vorbereitungsdienst (Kurzfassung)<\/strong><\/span><\/p>\n<p><strong>Fachseminare, p\u00e4dagogische Seminare<\/strong>:<\/p>\n<ul>\n<li>P\u00e4dagogisches Seminar: w\u00f6chentlich 2h, mittwochs, 10:15 Uhr bis 13:00 Uhr<\/li>\n<li>Fachseminare: w\u00f6chentlich 3h; zwei Fachseminare innerhalb von jeweils zwei Wochen i.d.R. nachmittags 15:30 Uhr \u2013 18:30 Uhr<\/li>\n<\/ul>\n<p><strong>Unterrichtsbesuche von drei Ausbildenden des Seminars: <\/strong><\/p>\n<ul>\n<li><strong>max. 24 + 4 Unterrichtsbesuche in 3 Halbjahren bzw. ca. 60 Schulwochen<\/strong><\/li>\n<li>i.d.R. mit Kurzentwurf, zwei gemeinsame Unterrichtsbesuche (GUB) mit Langentwurf in unterschiedlichen Sekundarbereichen (ein Sek.I-GUB und ein Sek.II-GUB)<\/li>\n<li>1. Fach ca. 8-10 UBs in 3 Halbjahren, inkl. GUB<\/li>\n<li>2. Fach ca. 8-10 UBs in 3 Halbjahren, inkl. GUB\u00a0<\/li>\n<li>P\u00e4dagogik: ca. 6 UBs in 3 Halbj. inkl. zwei GUBs\u00a0<\/li>\n<\/ul>\n<p><strong>betreuter Unterricht (bU)<\/strong>: Hospitation, Teamteaching, zeitweise \u00dcbernahme des Unterrichts<\/p>\n<ul>\n<li>durchschnittlich <strong>4 Stunden<\/strong> pro Woche<\/li>\n<li>eigenst\u00e4ndige Organisation und Auswahl von Lerngruppen gem\u00e4\u00df Ausbildungsauflagen<\/li>\n<\/ul>\n<p><strong>Unterricht in eigener Verantwortung (UieV)<\/strong><\/p>\n<ul>\n<li>durchschnittlich <strong>6 Stunden<\/strong> pro Woche, m\u00f6glichst gleichm\u00e4\u00dfig verteilt auf beide F\u00e4cher\u00a0<\/li>\n<li>Unterrichtseinsatz gem\u00e4\u00df Unterrichtsverteilung durch die Schulleitung und nach vorgegebenem Stundenplan<\/li>\n<li>Ausgleich durch h\u00f6heren Anteil an betreutem Unterricht, wenn aus schulorganisatorischen Gr\u00fcnden der UieV gek\u00fcrzt wird oder nicht erteilt werden kann<\/li>\n<\/ul>\n<p><strong>allgemeine Ausbildungsauflagen\u00a0<\/strong><\/p>\n<p>durchschnittlich 4 + 6 = 10 Stunden Ausbildungsunterricht pro Woche (bU + UieV)<\/p>\n<ul>\n<li>m\u00f6glichst gleichgewichtig in beiden F\u00e4chern<\/li>\n<li>in beiden Sekundarbereichen, in der Regel auch in der Kursstufe<\/li>\n<li>i.d.R. Unterricht in allen Doppeljahrg\u00e4ngen und allen zentralen Themenbereichen des Unterrichts der beiden F\u00e4cher<\/li>\n<\/ul>\n<p><strong> Staatsexamen<\/strong><\/p>\n<ul>\n<li><strong>schriftlich Arbeit<\/strong> zu einem selbstgew\u00e4hlten Thema aus der schulischen Praxis bis zum Ende des 12 Ausbildungsmonats; Umfang: 15 Seiten; Beratung und Themenvorschlag bis sp\u00e4testens zu Beginn des 10. Ausbildungsmonats<\/li>\n<li><strong>Ausbildungsnote<\/strong> gebildet aus der Note der schriftlichen Arbeit, den Noten aus drei Ausbildungs- und einem Schulleitungsgutachten<\/li>\n<li><strong>Pr\u00fcfungsnote<\/strong> aus der Note <strong>P<\/strong>r\u00fcfungs<strong>U<\/strong>nterricht I \/ PU II \/ m\u00fcndliche Pr\u00fcfung (Einzelpr\u00fcfung \u00fcber 60 Minuten)<\/li>\n<li><strong>Examensnote<\/strong>: aus dem Mittelwert von Ausbildungs- und Pr\u00fcfungsnote mit mindestens \u201eausreichend\u201c (Punktwert 4,4)<\/li>\n<\/ul>\n","protected":false},"excerpt":{"rendered":"<p>Die Struktur der Ausbildung ergibt sich aus der Verordnung \u00fcber die Ausbildung und Pr\u00fcfung von Lehrkr\u00e4ften im Vorbereitungsdienst (APVO-Lehr) vom 13.Juli 2010 und den zugeh\u00f6rigen Durchf\u00fchrungsbestimmungen.vgl. www.schure.de &gt;&gt; Lehrerausbildung &gt;&gt; APVO-Lehr \u00a0 Ausbildungsgelegenheiten im Vorbereitungsdienst (Kurzfassung) Fachseminare, p\u00e4dagogische Seminare: P\u00e4dagogisches Seminar: w\u00f6chentlich 2h, mittwochs, 10:15 Uhr bis 13:00 Uhr Fachseminare: w\u00f6chentlich 3h; zwei Fachseminare innerhalb [&hellip;]<\/p>\n","protected":false},"author":58,"featured_media":0,"parent":141,"menu_order":0,"comment_status":"closed","ping_status":"closed","template":"","meta":{"footnotes":""},"class_list":["post-249","page","type-page","status-publish","hentry"],"_links":{"self":[{"href":"https:\/\/wordpress.nibis.de\/stsgymh\/wp-json\/wp\/v2\/pages\/249","targetHints":{"allow":["GET"]}}],"collection":[{"href":"https:\/\/wordpress.nibis.de\/stsgymh\/wp-json\/wp\/v2\/pages"}],"about":[{"href":"https:\/\/wordpress.nibis.de\/stsgymh\/wp-json\/wp\/v2\/types\/page"}],"author":[{"embeddable":true,"href":"https:\/\/wordpress.nibis.de\/stsgymh\/wp-json\/wp\/v2\/users\/58"}],"replies":[{"embeddable":true,"href":"https:\/\/wordpress.nibis.de\/stsgymh\/wp-json\/wp\/v2\/comments?post=249"}],"version-history":[{"count":11,"href":"https:\/\/wordpress.nibis.de\/stsgymh\/wp-json\/wp\/v2\/pages\/249\/revisions"}],"predecessor-version":[{"id":1596,"href":"https:\/\/wordpress.nibis.de\/stsgymh\/wp-json\/wp\/v2\/pages\/249\/revisions\/1596"}],"up":[{"embeddable":true,"href":"https:\/\/wordpress.nibis.de\/stsgymh\/wp-json\/wp\/v2\/pages\/141"}],"wp:attachment":[{"href":"https:\/\/wordpress.nibis.de\/stsgymh\/wp-json\/wp\/v2\/media?parent=249"}],"curies":[{"name":"wp","href":"https:\/\/api.w.org\/{rel}","templated":true}]}}