{"id":1071,"date":"2016-03-08T15:23:50","date_gmt":"2016-03-08T14:23:50","guid":{"rendered":"http:\/\/wordpress.nibis.de\/stsvergy\/?page_id=1071"},"modified":"2023-05-16T11:48:40","modified_gmt":"2023-05-16T09:48:40","slug":"zusatzqualifikation-deutsch-als-zweitsprache-daz","status":"publish","type":"page","link":"https:\/\/wordpress.nibis.de\/stsvergy\/zusatzqualifikation-deutsch-als-zweitsprache-daz\/","title":{"rendered":"Zusatzqualifikation Deutsch als Zweitsprache (DaZ)"},"content":{"rendered":"<table>\n<tbody>\n<tr>\n<td><span style=\"font-family: arial,helvetica,sans-serif;font-size: medium\">Fachleiterin \/ Fachleiter<\/span><\/td>\n<td><span style=\"font-family: arial,helvetica,sans-serif;font-size: medium\">Anja Niebuhr und Henning Peppel<\/span><\/td>\n<\/tr>\n<tr>\n<td><\/td>\n<td><\/td>\n<\/tr>\n<tr>\n<td><span style=\"font-family: arial,helvetica,sans-serif;font-size: medium\">Seminar<br \/>\n<\/span><\/td>\n<td>\n<ul>\n<li><span style=\"font-family: arial,helvetica,sans-serif;font-size: medium\">insgesamt 20 Stunden<br \/>\n<\/span><\/li>\n<li><span style=\"font-family: arial,helvetica,sans-serif;font-size: medium\">freitags, Blockveranstaltungen<br \/>\n<\/span><\/li>\n<li><span style=\"font-family: arial,helvetica,sans-serif;font-size: medium\">Studienseminar Verden<\/span><\/li>\n<\/ul>\n<\/td>\n<\/tr>\n<\/tbody>\n<\/table>\n<p><span style=\"font-family: arial,helvetica,sans-serif;font-size: medium\">Ausk\u00fcnfte erteilt die o.g. Ausbilderin &#8211; die Kontaktdaten k\u00f6nnen \u00fcber das Sekretariat erfragt werden.<br \/>\n<\/span><\/p>\n<p><span style=\"font-family: arial,helvetica,sans-serif;font-size: medium\"><a href=\"http:\/\/wordpress.nibis.de\/stsvergy\/files\/Fachkonzept-DaZ.pdf\" target=\"_blank\" rel=\"noopener\">Zum Fachkonzept Zusatzqualifikation DaZ<\/a><br \/>\n<\/span><\/p>\n","protected":false},"excerpt":{"rendered":"<p>Fachleiterin \/ Fachleiter Anja Niebuhr und Henning Peppel Seminar insgesamt 20 Stunden freitags, Blockveranstaltungen Studienseminar Verden Ausk\u00fcnfte erteilt die o.g. Ausbilderin &#8211; die Kontaktdaten k\u00f6nnen \u00fcber das Sekretariat erfragt werden. Zum Fachkonzept Zusatzqualifikation DaZ<\/p>\n","protected":false},"author":184,"featured_media":0,"parent":0,"menu_order":0,"comment_status":"closed","ping_status":"closed","template":"","meta":{"footnotes":""},"class_list":["post-1071","page","type-page","status-publish","hentry"],"_links":{"self":[{"href":"https:\/\/wordpress.nibis.de\/stsvergy\/wp-json\/wp\/v2\/pages\/1071","targetHints":{"allow":["GET"]}}],"collection":[{"href":"https:\/\/wordpress.nibis.de\/stsvergy\/wp-json\/wp\/v2\/pages"}],"about":[{"href":"https:\/\/wordpress.nibis.de\/stsvergy\/wp-json\/wp\/v2\/types\/page"}],"author":[{"embeddable":true,"href":"https:\/\/wordpress.nibis.de\/stsvergy\/wp-json\/wp\/v2\/users\/184"}],"replies":[{"embeddable":true,"href":"https:\/\/wordpress.nibis.de\/stsvergy\/wp-json\/wp\/v2\/comments?post=1071"}],"version-history":[{"count":8,"href":"https:\/\/wordpress.nibis.de\/stsvergy\/wp-json\/wp\/v2\/pages\/1071\/revisions"}],"predecessor-version":[{"id":1497,"href":"https:\/\/wordpress.nibis.de\/stsvergy\/wp-json\/wp\/v2\/pages\/1071\/revisions\/1497"}],"wp:attachment":[{"href":"https:\/\/wordpress.nibis.de\/stsvergy\/wp-json\/wp\/v2\/media?parent=1071"}],"curies":[{"name":"wp","href":"https:\/\/api.w.org\/{rel}","templated":true}]}}