{"id":115,"date":"2013-06-27T14:06:18","date_gmt":"2013-06-27T12:06:18","guid":{"rendered":"http:\/\/wordpress.nibis.de\/stsvergy\/?page_id=115"},"modified":"2021-02-01T10:11:20","modified_gmt":"2021-02-01T09:11:20","slug":"sport","status":"publish","type":"page","link":"https:\/\/wordpress.nibis.de\/stsvergy\/sport\/","title":{"rendered":"Sport"},"content":{"rendered":"<table border=\"0\">\n<tbody>\n<tr valign=\"top\">\n<td><span style=\"font-family: arial,helvetica,sans-serif\">Fachleiter<\/span><\/td>\n<td><span style=\"font-family: arial,helvetica,sans-serif\">Volker Busboom-Sch\u00e4fer (StD)<\/span><\/td>\n<\/tr>\n<tr valign=\"top\">\n<td><span style=\"font-family: arial,helvetica,sans-serif\">Schule<\/span><\/td>\n<td><span style=\"font-family: arial,helvetica,sans-serif\">Ratsgymnasium Rotenburg<br \/>\n<\/span><\/td>\n<\/tr>\n<tr valign=\"top\">\n<td><\/td>\n<td><\/td>\n<\/tr>\n<tr>\n<td><span style=\"font-family: arial,helvetica,sans-serif\">Fachseminare<\/span><\/td>\n<td>\n<ul>\n<li><span style=\"font-family: arial,helvetica,sans-serif\">14-t\u00e4glich, donnerstags (gerade Woche)<br \/>\n<\/span><\/li>\n<li><span style=\"font-family: arial,helvetica,sans-serif\"><span style=\"font-family: arial,helvetica,sans-serif\">Beginn: 15:10<br \/>\n<\/span><\/span><\/li>\n<li><span style=\"font-family: arial,helvetica,sans-serif\">Ort: Ratsgymnasium Rotenburg (Sporthalle)<br \/>\n<\/span><\/li>\n<\/ul>\n<\/td>\n<\/tr>\n<\/tbody>\n<\/table>\n<p><strong><span style=\"font-family: arial,helvetica,sans-serif;font-size: large\">Zur Ausbildung im Fach Sport<\/span><\/strong><\/p>\n<p><span style=\"color: #444444;font-family: arial,helvetica,sans-serif;font-size: medium\">WILLKOMMEN IM SPORT-SEMINAR!<\/span><\/p>\n<p><span style=\"font-size: medium\"><span style=\"color: #000000\"><span style=\"font-family: arial,helvetica,sans-serif\">Die Ausbildung im Fachseminar Sport ist auf die F\u00f6rderung der zentralen Kompetenzbereiche, die in der APVO konkretisiert worden sind, ausgerichtet. Fachliche, fachpraktische, didaktische und methodische Kenntnisse und Fertigkeiten werden hierbei gezielt ausgebaut, um zuk\u00fcnftige Sportlerinnen und Sportlehrer zu bef\u00e4higen, den Erziehungs- und Bildungsauftrag im Fach Sport erfolgreich und verantwortlich wahrnehmen zu k\u00f6nnen.<\/span> <\/span><\/span><\/p>\n<p><span style=\"font-size: medium;font-family: arial,helvetica,sans-serif\"><span style=\"color: #000000\">Moderner Sportunterricht zielt auf die Vielfalt der Sinnperspektiven des Sports ab, die zun\u00e4chst wahrgenommen und dann in unterrichtliches Handeln umgesetzt werden m\u00fcssen. Dies macht h\u00e4ufig einen Perspektivwechsel vom eigenen Sporttreiben hin zu einer Anleitung zum selbstverantwortlichen Sporttreiben Anderer notwendig.<\/span><\/span><\/p>\n<p><span style=\"color: #000000;font-family: arial,helvetica,sans-serif;font-size: medium\">Wir Fachleiter beraten und unterst\u00fctzen die zuk\u00fcnftigen Sportlehrerinnen und Sportlehrer in diesem Prozess. <\/span><\/p>\n<p><span style=\"font-size: medium;font-family: arial,helvetica,sans-serif\"><span style=\"color: #000000\">Im Arbeitsplan f\u00fcr die Ausbildung im Fachseminar Sport finden Sie konkrete Arbeitsaspekte zur Einf\u00fchrung in die Arbeit im Fachseminar, zur Gestaltung von sportpraktischen Lehrveranstaltungen, zu den allgemeinen Rahmenbedingungen <\/span><span style=\"color: #000000\">f\u00fcr den schulischen Sportunterricht<\/span><span style=\"color: #000000\">, zur Gestaltung des Sportunterrichts sowie zu den begleitenden Aufgaben, die w\u00e4hrend der Ausbildung zu bearbeiten sind.<\/span><\/span><\/p>\n<h1><span style=\"color: #000000;font-family: arial,helvetica,sans-serif;font-size: medium\">Wir freuen uns auf eine kooperative Zusammenarbeit !!!<\/span><\/h1>\n<p><a href=\"http:\/\/wordpress.nibis.de\/stsvergy\/files\/Fachcurriculum-Sport-2018.pdf\" target=\"_blank\" rel=\"noopener noreferrer\"><strong><span style=\"font-family: arial,helvetica,sans-serif;font-size: medium\">Zum Fachkonzept Sport<\/span><\/strong><\/a><\/p>\n","protected":false},"excerpt":{"rendered":"<p>Fachleiter Volker Busboom-Sch\u00e4fer (StD) Schule Ratsgymnasium Rotenburg Fachseminare 14-t\u00e4glich, donnerstags (gerade Woche) Beginn: 15:10 Ort: Ratsgymnasium Rotenburg (Sporthalle) Zur Ausbildung im Fach Sport WILLKOMMEN IM SPORT-SEMINAR! Die Ausbildung im Fachseminar Sport ist auf die F\u00f6rderung der zentralen Kompetenzbereiche, die in &hellip; <a href=\"https:\/\/wordpress.nibis.de\/stsvergy\/sport\/\">Weiterlesen <span class=\"meta-nav\">&rarr;<\/span><\/a><\/p>\n","protected":false},"author":184,"featured_media":0,"parent":0,"menu_order":0,"comment_status":"closed","ping_status":"closed","template":"","meta":{"footnotes":""},"class_list":["post-115","page","type-page","status-publish","hentry"],"_links":{"self":[{"href":"https:\/\/wordpress.nibis.de\/stsvergy\/wp-json\/wp\/v2\/pages\/115","targetHints":{"allow":["GET"]}}],"collection":[{"href":"https:\/\/wordpress.nibis.de\/stsvergy\/wp-json\/wp\/v2\/pages"}],"about":[{"href":"https:\/\/wordpress.nibis.de\/stsvergy\/wp-json\/wp\/v2\/types\/page"}],"author":[{"embeddable":true,"href":"https:\/\/wordpress.nibis.de\/stsvergy\/wp-json\/wp\/v2\/users\/184"}],"replies":[{"embeddable":true,"href":"https:\/\/wordpress.nibis.de\/stsvergy\/wp-json\/wp\/v2\/comments?post=115"}],"version-history":[{"count":15,"href":"https:\/\/wordpress.nibis.de\/stsvergy\/wp-json\/wp\/v2\/pages\/115\/revisions"}],"predecessor-version":[{"id":1380,"href":"https:\/\/wordpress.nibis.de\/stsvergy\/wp-json\/wp\/v2\/pages\/115\/revisions\/1380"}],"wp:attachment":[{"href":"https:\/\/wordpress.nibis.de\/stsvergy\/wp-json\/wp\/v2\/media?parent=115"}],"curies":[{"name":"wp","href":"https:\/\/api.w.org\/{rel}","templated":true}]}}