{"id":1234,"date":"2019-12-19T18:11:50","date_gmt":"2019-12-19T17:11:50","guid":{"rendered":"http:\/\/wordpress.nibis.de\/stsvergy\/?page_id=1234"},"modified":"2023-05-16T11:49:14","modified_gmt":"2023-05-16T09:49:14","slug":"zusatzqualifikation-gesellschaftslehre-2","status":"publish","type":"page","link":"https:\/\/wordpress.nibis.de\/stsvergy\/zusatzqualifikation-gesellschaftslehre-2\/","title":{"rendered":"Zusatzqualifikation Gesellschaftslehre"},"content":{"rendered":"<table style=\"height: 550px\">\n<tbody>\n<tr style=\"height: 37px\">\n<td style=\"width: 214.24px;height: 37px\"><span style=\"font-family: arial,helvetica,sans-serif;font-size: medium\">Fachleiterin Ek<\/span>\u00a0<span style=\"font-family: arial,helvetica,sans-serif;font-size: medium\">(beauftragt)<\/span><\/td>\n<td style=\"width: 315.76px;height: 37px\"><span style=\"font-family: arial,helvetica,sans-serif;font-size: medium\">Anja Niebuhr (OStR&#8216;)<\/span><\/td>\n<\/tr>\n<tr style=\"height: 37px\">\n<td style=\"width: 214.24px;height: 37px\"><span style=\"font-family: arial,helvetica,sans-serif;font-size: medium\">Schule<\/span><\/td>\n<td style=\"width: 315.76px;height: 37px\"><span style=\"font-family: arial,helvetica,sans-serif;font-size: medium\">Gymnasium Sottrum<br \/>\n<\/span><\/td>\n<\/tr>\n<tr style=\"height: 37px\">\n<td style=\"width: 214.24px;height: 37px\"><\/td>\n<td style=\"width: 315.76px;height: 37px\"><\/td>\n<\/tr>\n<tr style=\"height: 37px\">\n<td style=\"width: 214.24px;height: 37px\"><span style=\"font-family: arial,helvetica,sans-serif;font-size: medium\">Fachleiter Ge<\/span><\/td>\n<td style=\"width: 315.76px;height: 37px\"><span style=\"font-family: arial,helvetica,sans-serif;font-size: medium\">Reinhard Prahm (StD)<\/span><\/td>\n<\/tr>\n<tr style=\"height: 37px\">\n<td style=\"width: 214.24px;height: 37px\"><span style=\"font-family: arial,helvetica,sans-serif;font-size: medium\">Schule<\/span><\/td>\n<td style=\"width: 315.76px;height: 37px\"><span style=\"font-family: arial,helvetica,sans-serif;font-size: medium\">Cato Bontjes van Beek-Gymnasium<br \/>\n<\/span><\/td>\n<\/tr>\n<tr style=\"height: 37px\">\n<td style=\"width: 214.24px;height: 37px\"><\/td>\n<td style=\"width: 315.76px;height: 37px\"><\/td>\n<\/tr>\n<tr style=\"height: 37px\">\n<td style=\"width: 214.24px;height: 37px\"><span style=\"font-family: arial,helvetica,sans-serif;font-size: medium\">Fachleiter PW<\/span><\/td>\n<td style=\"width: 315.76px;height: 37px\"><span style=\"font-family: arial,helvetica,sans-serif;font-size: medium\">Stephan Spieker (StD)<\/span><\/td>\n<\/tr>\n<tr style=\"height: 37px\">\n<td style=\"width: 214.24px;height: 37px\"><span style=\"font-family: arial,helvetica,sans-serif;font-size: medium\">Schule<\/span><\/td>\n<td style=\"width: 315.76px;height: 37px\"><span style=\"font-family: arial,helvetica,sans-serif;font-size: medium\">Gymnasium Lilienthal<br \/>\n<\/span><\/td>\n<\/tr>\n<tr style=\"height: 37px\">\n<td style=\"width: 214.24px;height: 37px\"><\/td>\n<td style=\"width: 315.76px;height: 37px\"><\/td>\n<\/tr>\n<tr style=\"height: 106px\">\n<td style=\"width: 214.24px;height: 106px\"><span style=\"font-family: arial,helvetica,sans-serif;font-size: medium\">Ausgestaltung<br \/>\n<\/span><\/td>\n<td style=\"width: 315.76px;height: 106px\">\n<ul>\n<li><span style=\"font-family: arial,helvetica,sans-serif;font-size: medium\">insgesamt 20 Stunden<br \/>\n<\/span><\/li>\n<li><span style=\"font-family: arial,helvetica,sans-serif;font-size: medium\">teilweise als Blockveranstaltungen<br \/>\n<\/span><\/li>\n<li><span style=\"font-family: arial,helvetica,sans-serif;font-size: medium\">begleitete Hospitationen im Fach Gesellschaftslehre an IGS und KGS<\/span><\/li>\n<li><span style=\"font-family: arial,helvetica,sans-serif;font-size: medium\">eigene Unterrichtsversuche mit Besuchen und Beratung<\/span><\/li>\n<li><span style=\"font-family: arial,helvetica,sans-serif;font-size: medium\">Abschlusskolloquium<\/span><\/li>\n<\/ul>\n<\/td>\n<\/tr>\n<\/tbody>\n<\/table>\n<p><span style=\"font-family: arial,helvetica,sans-serif;font-size: medium\">Ausk\u00fcnfte erteilen die o.g. Ausbilder &#8211; die Kontaktdaten k\u00f6nnen \u00fcber das Sekretariat erfragt werden.<br \/>\n<\/span><\/p>\n<p><span style=\"font-family: arial,helvetica,sans-serif;font-size: medium\"><a href=\"https:\/\/wordpress.nibis.de\/stsvergy\/files\/Zusatzqualifikation-Gesellschaftslehre.docx\" target=\"_blank\" rel=\"noopener noreferrer\">Zum Fachkonzept Zusatzqualifikation Gesellschaftslehre<\/a><br \/>\n<\/span><\/p>\n","protected":false},"excerpt":{"rendered":"<p>Fachleiterin Ek\u00a0(beauftragt) Anja Niebuhr (OStR&#8216;) Schule Gymnasium Sottrum Fachleiter Ge Reinhard Prahm (StD) Schule Cato Bontjes van Beek-Gymnasium Fachleiter PW Stephan Spieker (StD) Schule Gymnasium Lilienthal Ausgestaltung insgesamt 20 Stunden teilweise als Blockveranstaltungen begleitete Hospitationen im Fach Gesellschaftslehre an IGS &hellip; <a href=\"https:\/\/wordpress.nibis.de\/stsvergy\/zusatzqualifikation-gesellschaftslehre-2\/\">Weiterlesen <span class=\"meta-nav\">&rarr;<\/span><\/a><\/p>\n","protected":false},"author":184,"featured_media":0,"parent":0,"menu_order":0,"comment_status":"closed","ping_status":"closed","template":"","meta":{"footnotes":""},"class_list":["post-1234","page","type-page","status-publish","hentry"],"_links":{"self":[{"href":"https:\/\/wordpress.nibis.de\/stsvergy\/wp-json\/wp\/v2\/pages\/1234","targetHints":{"allow":["GET"]}}],"collection":[{"href":"https:\/\/wordpress.nibis.de\/stsvergy\/wp-json\/wp\/v2\/pages"}],"about":[{"href":"https:\/\/wordpress.nibis.de\/stsvergy\/wp-json\/wp\/v2\/types\/page"}],"author":[{"embeddable":true,"href":"https:\/\/wordpress.nibis.de\/stsvergy\/wp-json\/wp\/v2\/users\/184"}],"replies":[{"embeddable":true,"href":"https:\/\/wordpress.nibis.de\/stsvergy\/wp-json\/wp\/v2\/comments?post=1234"}],"version-history":[{"count":10,"href":"https:\/\/wordpress.nibis.de\/stsvergy\/wp-json\/wp\/v2\/pages\/1234\/revisions"}],"predecessor-version":[{"id":1498,"href":"https:\/\/wordpress.nibis.de\/stsvergy\/wp-json\/wp\/v2\/pages\/1234\/revisions\/1498"}],"wp:attachment":[{"href":"https:\/\/wordpress.nibis.de\/stsvergy\/wp-json\/wp\/v2\/media?parent=1234"}],"curies":[{"name":"wp","href":"https:\/\/api.w.org\/{rel}","templated":true}]}}